{"id":3789,"date":"2023-11-20T18:29:10","date_gmt":"2023-11-20T17:29:10","guid":{"rendered":"https:\/\/grupazejler.danielzejler.pl\/my-account\/"},"modified":"2024-05-10T17:35:27","modified_gmt":"2024-05-10T15:35:27","slug":"my-account","status":"publish","type":"page","link":"https:\/\/grupazejler.danielzejler.pl\/cs\/my-account\/","title":{"rendered":"M\u016fj \u00fa\u010det"},"content":{"rendered":"<div class=\"woocommerce\"><\/div>\n","protected":false},"excerpt":{"rendered":"","protected":false},"author":1,"featured_media":0,"parent":0,"menu_order":0,"comment_status":"closed","ping_status":"closed","template":"","meta":{"_acf_changed":false,"_kadence_starter_templates_imported_post":false,"_kad_post_transparent":"","_kad_post_title":"","_kad_post_layout":"","_kad_post_sidebar_id":"","_kad_post_content_style":"","_kad_post_vertical_padding":"","_kad_post_feature":"","_kad_post_feature_position":"","_kad_post_header":false,"_kad_post_footer":false,"footnotes":""},"class_list":["post-3789","page","type-page","status-publish","hentry"],"acf":[],"yoast_head":"<!-- This site is optimized with the Yoast SEO plugin v26.0 - https:\/\/yoast.com\/wordpress\/plugins\/seo\/ -->\n<title>M\u016fj \u00fa\u010det - Grupa Zejler<\/title>\n<meta name=\"robots\" content=\"noindex, follow, max-snippet:-1, max-image-preview:large, max-video-preview:-1\" \/>\n<meta property=\"og:locale\" content=\"cs_CZ\" \/>\n<meta property=\"og:type\" content=\"article\" \/>\n<meta property=\"og:title\" content=\"M\u016fj \u00fa\u010det - Grupa Zejler\" \/>\n<meta property=\"og:url\" content=\"https:\/\/grupazejler.danielzejler.pl\/cs\/my-account\/\" \/>\n<meta property=\"og:site_name\" content=\"Grupa Zejler\" \/>\n<meta property=\"article:modified_time\" content=\"2024-05-10T15:35:27+00:00\" \/>\n<meta name=\"twitter:card\" content=\"summary_large_image\" \/>\n<script type=\"application\/ld+json\" class=\"yoast-schema-graph\">{\"@context\":\"https:\/\/schema.org\",\"@graph\":[{\"@type\":\"WebPage\",\"@id\":\"https:\/\/grupazejler.danielzejler.pl\/cs\/my-account\/\",\"url\":\"https:\/\/grupazejler.danielzejler.pl\/cs\/my-account\/\",\"name\":\"M\u016fj \u00fa\u010det - Grupa Zejler\",\"isPartOf\":{\"@id\":\"https:\/\/grupazejler.danielzejler.pl\/#website\"},\"datePublished\":\"2023-11-20T17:29:10+00:00\",\"dateModified\":\"2024-05-10T15:35:27+00:00\",\"breadcrumb\":{\"@id\":\"https:\/\/grupazejler.danielzejler.pl\/cs\/my-account\/#breadcrumb\"},\"inLanguage\":\"cs\",\"potentialAction\":[{\"@type\":\"ReadAction\",\"target\":[\"https:\/\/grupazejler.danielzejler.pl\/cs\/my-account\/\"]}]},{\"@type\":\"BreadcrumbList\",\"@id\":\"https:\/\/grupazejler.danielzejler.pl\/cs\/my-account\/#breadcrumb\",\"itemListElement\":[{\"@type\":\"ListItem\",\"position\":1,\"name\":\"Strona g\u0142\u00f3wna\",\"item\":\"https:\/\/grupazejler.danielzejler.pl\/cs\/\"},{\"@type\":\"ListItem\",\"position\":2,\"name\":\"M\u016fj \u00fa\u010det\"}]},{\"@type\":\"WebSite\",\"@id\":\"https:\/\/grupazejler.danielzejler.pl\/#website\",\"url\":\"https:\/\/grupazejler.danielzejler.pl\/\",\"name\":\"Grupa Zejler\",\"description\":\"\",\"publisher\":{\"@id\":\"https:\/\/grupazejler.danielzejler.pl\/#organization\"},\"potentialAction\":[{\"@type\":\"SearchAction\",\"target\":{\"@type\":\"EntryPoint\",\"urlTemplate\":\"https:\/\/grupazejler.danielzejler.pl\/?s={search_term_string}\"},\"query-input\":{\"@type\":\"PropertyValueSpecification\",\"valueRequired\":true,\"valueName\":\"search_term_string\"}}],\"inLanguage\":\"cs\"},{\"@type\":\"Organization\",\"@id\":\"https:\/\/grupazejler.danielzejler.pl\/#organization\",\"name\":\"Grupa Zejler\",\"url\":\"https:\/\/grupazejler.danielzejler.pl\/\",\"logo\":{\"@type\":\"ImageObject\",\"inLanguage\":\"cs\",\"@id\":\"https:\/\/grupazejler.danielzejler.pl\/#\/schema\/logo\/image\/\",\"url\":\"https:\/\/grupazejler.danielzejler.pl\/wp-content\/uploads\/2023\/11\/cropped-logo.png\",\"contentUrl\":\"https:\/\/grupazejler.danielzejler.pl\/wp-content\/uploads\/2023\/11\/cropped-logo.png\",\"width\":210,\"height\":53,\"caption\":\"Grupa Zejler\"},\"image\":{\"@id\":\"https:\/\/grupazejler.danielzejler.pl\/#\/schema\/logo\/image\/\"}}]}<\/script>\n<!-- \/ Yoast SEO plugin. -->","yoast_head_json":{"title":"M\u016fj \u00fa\u010det - Grupa Zejler","robots":{"index":"noindex","follow":"follow","max-snippet":"max-snippet:-1","max-image-preview":"max-image-preview:large","max-video-preview":"max-video-preview:-1"},"og_locale":"cs_CZ","og_type":"article","og_title":"M\u016fj \u00fa\u010det - Grupa Zejler","og_url":"https:\/\/grupazejler.danielzejler.pl\/cs\/my-account\/","og_site_name":"Grupa Zejler","article_modified_time":"2024-05-10T15:35:27+00:00","twitter_card":"summary_large_image","schema":{"@context":"https:\/\/schema.org","@graph":[{"@type":"WebPage","@id":"https:\/\/grupazejler.danielzejler.pl\/cs\/my-account\/","url":"https:\/\/grupazejler.danielzejler.pl\/cs\/my-account\/","name":"M\u016fj \u00fa\u010det - Grupa Zejler","isPartOf":{"@id":"https:\/\/grupazejler.danielzejler.pl\/#website"},"datePublished":"2023-11-20T17:29:10+00:00","dateModified":"2024-05-10T15:35:27+00:00","breadcrumb":{"@id":"https:\/\/grupazejler.danielzejler.pl\/cs\/my-account\/#breadcrumb"},"inLanguage":"cs","potentialAction":[{"@type":"ReadAction","target":["https:\/\/grupazejler.danielzejler.pl\/cs\/my-account\/"]}]},{"@type":"BreadcrumbList","@id":"https:\/\/grupazejler.danielzejler.pl\/cs\/my-account\/#breadcrumb","itemListElement":[{"@type":"ListItem","position":1,"name":"Strona g\u0142\u00f3wna","item":"https:\/\/grupazejler.danielzejler.pl\/cs\/"},{"@type":"ListItem","position":2,"name":"M\u016fj \u00fa\u010det"}]},{"@type":"WebSite","@id":"https:\/\/grupazejler.danielzejler.pl\/#website","url":"https:\/\/grupazejler.danielzejler.pl\/","name":"Grupa Zejler","description":"","publisher":{"@id":"https:\/\/grupazejler.danielzejler.pl\/#organization"},"potentialAction":[{"@type":"SearchAction","target":{"@type":"EntryPoint","urlTemplate":"https:\/\/grupazejler.danielzejler.pl\/?s={search_term_string}"},"query-input":{"@type":"PropertyValueSpecification","valueRequired":true,"valueName":"search_term_string"}}],"inLanguage":"cs"},{"@type":"Organization","@id":"https:\/\/grupazejler.danielzejler.pl\/#organization","name":"Grupa Zejler","url":"https:\/\/grupazejler.danielzejler.pl\/","logo":{"@type":"ImageObject","inLanguage":"cs","@id":"https:\/\/grupazejler.danielzejler.pl\/#\/schema\/logo\/image\/","url":"https:\/\/grupazejler.danielzejler.pl\/wp-content\/uploads\/2023\/11\/cropped-logo.png","contentUrl":"https:\/\/grupazejler.danielzejler.pl\/wp-content\/uploads\/2023\/11\/cropped-logo.png","width":210,"height":53,"caption":"Grupa Zejler"},"image":{"@id":"https:\/\/grupazejler.danielzejler.pl\/#\/schema\/logo\/image\/"}}]}},"_links":{"self":[{"href":"https:\/\/grupazejler.danielzejler.pl\/cs\/wp-json\/wp\/v2\/pages\/3789","targetHints":{"allow":["GET"]}}],"collection":[{"href":"https:\/\/grupazejler.danielzejler.pl\/cs\/wp-json\/wp\/v2\/pages"}],"about":[{"href":"https:\/\/grupazejler.danielzejler.pl\/cs\/wp-json\/wp\/v2\/types\/page"}],"author":[{"embeddable":true,"href":"https:\/\/grupazejler.danielzejler.pl\/cs\/wp-json\/wp\/v2\/users\/1"}],"replies":[{"embeddable":true,"href":"https:\/\/grupazejler.danielzejler.pl\/cs\/wp-json\/wp\/v2\/comments?post=3789"}],"version-history":[{"count":1,"href":"https:\/\/grupazejler.danielzejler.pl\/cs\/wp-json\/wp\/v2\/pages\/3789\/revisions"}],"predecessor-version":[{"id":3801,"href":"https:\/\/grupazejler.danielzejler.pl\/cs\/wp-json\/wp\/v2\/pages\/3789\/revisions\/3801"}],"wp:attachment":[{"href":"https:\/\/grupazejler.danielzejler.pl\/cs\/wp-json\/wp\/v2\/media?parent=3789"}],"curies":[{"name":"wp","href":"https:\/\/api.w.org\/{rel}","templated":true}]}}