{"id":3865,"date":"2023-11-20T18:37:26","date_gmt":"2023-11-20T17:37:26","guid":{"rendered":"https:\/\/grupazejler.danielzejler.pl\/prace\/"},"modified":"2024-05-10T18:06:49","modified_gmt":"2024-05-10T16:06:49","slug":"prace","status":"publish","type":"page","link":"https:\/\/grupazejler.danielzejler.pl\/cs\/prace\/","title":{"rendered":"Pr\u00e1ce"},"content":{"rendered":"<style>.kb-row-layout-id3865_c7fa44-46 > .kt-row-column-wrap{align-content:start;}:where(.kb-row-layout-id3865_c7fa44-46 > .kt-row-column-wrap) > .wp-block-kadence-column{justify-content:start;}.kb-row-layout-id3865_c7fa44-46 > .kt-row-column-wrap{column-gap:var(--global-kb-gap-md, 2rem);row-gap:var(--global-kb-gap-md, 2rem);max-width:800px;margin-left:auto;margin-right:auto;padding-top:var(--global-kb-spacing-xxl, 5rem);padding-bottom:var(--global-kb-spacing-xxl, 5rem);grid-template-columns:minmax(0, 1fr);}.kb-row-layout-id3865_c7fa44-46{background-image:url('https:\/\/grupazejler.danielzejler.pl\/wp-content\/uploads\/2023\/11\/onas1-scaled.jpg');background-size:cover;background-position:48% 56.99999999999999%;background-attachment:scroll;background-repeat:no-repeat;}.kb-row-layout-id3865_c7fa44-46 > .kt-row-layout-overlay{opacity:0.60;background-color:var(--global-palette3, #1A202C);}@media all and (max-width: 1024px){.kb-row-layout-id3865_c7fa44-46 > .kt-row-column-wrap{grid-template-columns:minmax(0, 1fr);}}@media all and (max-width: 767px){.kb-row-layout-id3865_c7fa44-46 > .kt-row-column-wrap{grid-template-columns:minmax(0, 1fr);}}<\/style><div class=\"kb-row-layout-wrap kb-row-layout-id3865_c7fa44-46 alignnone kt-row-has-bg wp-block-kadence-rowlayout\"><div class=\"kt-row-layout-overlay kt-row-overlay-normal\"><\/div><div class=\"kt-row-column-wrap kt-has-1-columns kt-row-layout-equal kt-tab-layout-inherit kt-mobile-layout-row kt-row-valign-top\">\n<style>.kadence-column3865_4e05f4-25 > .kt-inside-inner-col,.kadence-column3865_4e05f4-25 > .kt-inside-inner-col:before{border-top-left-radius:0px;border-top-right-radius:0px;border-bottom-right-radius:0px;border-bottom-left-radius:0px;}.kadence-column3865_4e05f4-25 > .kt-inside-inner-col{column-gap:var(--global-kb-gap-sm, 1rem);}.kadence-column3865_4e05f4-25 > .kt-inside-inner-col{flex-direction:column;}.kadence-column3865_4e05f4-25 > .kt-inside-inner-col > .aligncenter{width:100%;}.kadence-column3865_4e05f4-25 > .kt-inside-inner-col:before{opacity:0.3;}.kadence-column3865_4e05f4-25{position:relative;}@media all and (max-width: 1024px){.kadence-column3865_4e05f4-25 > .kt-inside-inner-col{flex-direction:column;justify-content:center;}}@media all and (max-width: 767px){.kadence-column3865_4e05f4-25 > .kt-inside-inner-col{flex-direction:column;justify-content:center;}}<\/style>\n<div class=\"wp-block-kadence-column kadence-column3865_4e05f4-25\"><div class=\"kt-inside-inner-col\"><style>.wp-block-kadence-advancedheading.kt-adv-heading3865_fa069e-93, .wp-block-kadence-advancedheading.kt-adv-heading3865_fa069e-93[data-kb-block=\"kb-adv-heading3865_fa069e-93\"]{text-align:center;font-size:var(--global-kb-font-size-xl, 3rem);font-style:normal;}.wp-block-kadence-advancedheading.kt-adv-heading3865_fa069e-93 mark.kt-highlight, .wp-block-kadence-advancedheading.kt-adv-heading3865_fa069e-93[data-kb-block=\"kb-adv-heading3865_fa069e-93\"] mark.kt-highlight{font-style:normal;color:#f76a0c;-webkit-box-decoration-break:clone;box-decoration-break:clone;padding-top:0px;padding-right:0px;padding-bottom:0px;padding-left:0px;}<\/style>\n<h1 class=\"kt-adv-heading3865_fa069e-93 wp-block-kadence-advancedheading has-theme-palette-9-color has-text-color\" data-kb-block=\"kb-adv-heading3865_fa069e-93\">Pracovn\u00ed p\u0159\u00edle\u017eitosti<\/h1>\n\n\n<style>.wp-block-kadence-advancedheading.kt-adv-heading3865_129a62-fd, .wp-block-kadence-advancedheading.kt-adv-heading3865_129a62-fd[data-kb-block=\"kb-adv-heading3865_129a62-fd\"]{text-align:center;font-size:18px;font-style:normal;}.wp-block-kadence-advancedheading.kt-adv-heading3865_129a62-fd mark.kt-highlight, .wp-block-kadence-advancedheading.kt-adv-heading3865_129a62-fd[data-kb-block=\"kb-adv-heading3865_129a62-fd\"] mark.kt-highlight{font-style:normal;color:#f76a0c;-webkit-box-decoration-break:clone;box-decoration-break:clone;padding-top:0px;padding-right:0px;padding-bottom:0px;padding-left:0px;}<\/style>\n<p class=\"kt-adv-heading3865_129a62-fd wp-block-kadence-advancedheading has-theme-palette-9-color has-text-color\" data-kb-block=\"kb-adv-heading3865_129a62-fd\">Na\u0161e spole\u010dnost hled\u00e1 nov\u00e9 zam\u011bstnance do Tarnowskie G\u00f3ry. Jsme pr\u016fkopn\u00edky v oblasti obnoviteln\u00fdch zdroj\u016f energie a bezpe\u010dnostn\u00edch syst\u00e9m\u016f. Nab\u00edz\u00edme pracovn\u00ed prost\u0159ed\u00ed, kde jsou prioritou hodnoty jako profesionalita, udr\u017eitelnost a inovace. Pokud jste p\u0159ipraveni na v\u00fdzvu a chcete se rozv\u00edjet v renomovan\u00e9 spole\u010dnosti, pod\u00edvejte se na voln\u00e1 pracovn\u00ed m\u00edsta a p\u0159ipojte se ke skupin\u011b Zejler Group, abyste spole\u010dn\u011b budovali budoucnost na\u0161\u00ed organizace a p\u0159isp\u011bli k r\u016fstu odv\u011btv\u00ed.<\/p>\n<\/div><\/div>\n\n<\/div><\/div>\n\n<style>.kb-row-layout-id3865_3b224d-64 > .kt-row-column-wrap{align-content:start;}:where(.kb-row-layout-id3865_3b224d-64 > .kt-row-column-wrap) > .wp-block-kadence-column{justify-content:start;}.kb-row-layout-id3865_3b224d-64 > .kt-row-column-wrap{column-gap:var(--global-kb-gap-md, 2rem);row-gap:var(--global-kb-gap-md, 2rem);max-width:800px;margin-left:auto;margin-right:auto;padding-top:var(--global-kb-spacing-xl, 4rem);padding-right:var(--global-kb-spacing-sm, 1.5rem);padding-bottom:var(--global-kb-spacing-xxl, 5rem);padding-left:var(--global-kb-spacing-sm, 1.5rem);grid-template-columns:minmax(0, 1fr);}.kb-row-layout-id3865_3b224d-64 > .kt-row-layout-overlay{opacity:0.30;}@media all and (max-width: 1024px){.kb-row-layout-id3865_3b224d-64 > .kt-row-column-wrap{grid-template-columns:minmax(0, 1fr);}}@media all and (max-width: 767px){.kb-row-layout-id3865_3b224d-64 > .kt-row-column-wrap{grid-template-columns:minmax(0, 1fr);}}<\/style><div class=\"kb-row-layout-wrap kb-row-layout-id3865_3b224d-64 alignnone wp-block-kadence-rowlayout\"><div class=\"kt-row-column-wrap kt-has-1-columns kt-row-layout-equal kt-tab-layout-inherit kt-mobile-layout-row kt-row-valign-top\">\n<style>.kadence-column3865_a7c0b0-02 > .kt-inside-inner-col,.kadence-column3865_a7c0b0-02 > .kt-inside-inner-col:before{border-top-left-radius:0px;border-top-right-radius:0px;border-bottom-right-radius:0px;border-bottom-left-radius:0px;}.kadence-column3865_a7c0b0-02 > .kt-inside-inner-col{column-gap:var(--global-kb-gap-sm, 1rem);}.kadence-column3865_a7c0b0-02 > .kt-inside-inner-col{flex-direction:column;}.kadence-column3865_a7c0b0-02 > .kt-inside-inner-col > .aligncenter{width:100%;}.kadence-column3865_a7c0b0-02 > .kt-inside-inner-col:before{opacity:0.3;}.kadence-column3865_a7c0b0-02{position:relative;}@media all and (max-width: 1024px){.kadence-column3865_a7c0b0-02 > .kt-inside-inner-col{flex-direction:column;justify-content:center;}}@media all and (max-width: 767px){.kadence-column3865_a7c0b0-02 > .kt-inside-inner-col{flex-direction:column;justify-content:center;}}<\/style>\n<div class=\"wp-block-kadence-column kadence-column3865_a7c0b0-02\"><div class=\"kt-inside-inner-col\"><style>.kb-posts-id-3865_a78acb-56 .entry.loop-entry .entry-header .entry-title{font-size:var(--global-kb-font-size-md, 1.25rem);}.kb-posts-id-3865_a78acb-56 .loop-entry{background:transparent;box-shadow:none;}.kb-posts-id-3865_a78acb-56 .loop-entry > .entry-content-wrap{padding:0px;}.kb-posts-id-3865_a78acb-56 .loop-entry .post-thumbnail{margin-bottom:1em;}<\/style><ul class=\"wp-block-kadence-posts kb-posts kadence-posts-list kb-posts-id-3865_a78acb-56 content-wrap grid-cols kb-posts-style-unboxed grid-sm-col-1 grid-lg-col-1 item-image-style-beside\"><li class=\"kb-post-list-item\">\n\t<article class=\"entry content-bg loop-entry post-321 oferta-pracy type-oferta-pracy status-publish hentry\">\n\t\t\t\t<div class=\"entry-content-wrap\">\n\t\t\t<header class=\"entry-header\">\n\t<h2 class=\"entry-title\"><a href=\"https:\/\/grupazejler.danielzejler.pl\/cs\/oferta-pracy\/monter-instalacji-fotowoltaicznych\/\" rel=\"bookmark\">Elektryk<\/a><\/h2><\/header><!-- .entry-header -->\n\t<div class=\"entry-summary\">\n\t\t\t<\/div><!-- .entry-summary -->\n\t<footer class=\"entry-footer\">\n\t\t\t<div class=\"entry-actions\">\n\t\t\t<p class=\"more-link-wrap\">\n\t\t\t\t<a href=\"https:\/\/grupazejler.danielzejler.pl\/cs\/oferta-pracy\/monter-instalacji-fotowoltaicznych\/\" class=\"post-more-link\">\n\t\t\t\t\tViz v\u00edce<span class=\"screen-reader-text\"> Elektryk<\/span><span class=\"kadence-svg-iconset svg-baseline\"><svg aria-hidden=\"true\" class=\"kadence-svg-icon kadence-arrow-right-alt-svg\" fill=\"currentColor\" version=\"1.1\" xmlns=\"http:\/\/www.w3.org\/2000\/svg\" width=\"27\" height=\"28\" viewBox=\"0 0 27 28\"><title>Continue<\/title><path d=\"M27 13.953c0 0.141-0.063 0.281-0.156 0.375l-6 5.531c-0.156 0.141-0.359 0.172-0.547 0.094-0.172-0.078-0.297-0.25-0.297-0.453v-3.5h-19.5c-0.281 0-0.5-0.219-0.5-0.5v-3c0-0.281 0.219-0.5 0.5-0.5h19.5v-3.5c0-0.203 0.109-0.375 0.297-0.453s0.391-0.047 0.547 0.078l6 5.469c0.094 0.094 0.156 0.219 0.156 0.359v0z\"><\/path>\n\t\t\t<\/svg><\/span>\t\t\t\t<\/a>\n\t\t\t<\/p>\n\t\t<\/div><!-- .entry-actions -->\n\t\t<\/footer><!-- .entry-footer -->\t\t<\/div>\n\t<\/article>\n<\/li>\n<\/ul><\/div><\/div>\n\n<\/div><\/div>","protected":false},"excerpt":{"rendered":"<p>Pracovn\u00ed p\u0159\u00edle\u017eitosti Na\u0161e spole\u010dnost hled\u00e1 nov\u00e9 zam\u011bstnance do Tarnowskie G\u00f3ry. Jsme pr\u016fkopn\u00edky v oblasti obnoviteln\u00fdch zdroj\u016f energie a bezpe\u010dnostn\u00edch syst\u00e9m\u016f. Nab\u00edz\u00edme pracovn\u00ed prost\u0159ed\u00ed, kde jsou prioritou hodnoty jako profesionalita, udr\u017eitelnost a inovace. Pokud jste p\u0159ipraveni na v\u00fdzvu a chcete se rozv\u00edjet v renomovan\u00e9 spole\u010dnosti, pod\u00edvejte se na voln\u00e1 pracovn\u00ed m\u00edsta a p\u0159ipojte se ke skupin\u011b&#8230;<\/p>\n","protected":false},"author":1,"featured_media":0,"parent":0,"menu_order":0,"comment_status":"closed","ping_status":"closed","template":"","meta":{"_acf_changed":false,"_kadence_starter_templates_imported_post":false,"_kad_post_transparent":"","_kad_post_title":"hide","_kad_post_layout":"fullwidth","_kad_post_sidebar_id":"","_kad_post_content_style":"unboxed","_kad_post_vertical_padding":"hide","_kad_post_feature":"hide","_kad_post_feature_position":"","_kad_post_header":false,"_kad_post_footer":false,"footnotes":""},"class_list":["post-3865","page","type-page","status-publish","hentry"],"acf":[],"yoast_head":"<!-- This site is optimized with the Yoast SEO plugin v26.0 - https:\/\/yoast.com\/wordpress\/plugins\/seo\/ -->\n<title>Pracovn\u00ed p\u0159\u00edle\u017eitosti Tarnowskie G\u00f3ry - Grupa Zejler<\/title>\n<meta name=\"description\" content=\"Pod\u00edvejte se na aktu\u00e1ln\u00ed nab\u00eddky pr\u00e1ce v Tarnowsk\u00fdch G\u00f3rach u skupiny Zejler. P\u0159ipojte se k na\u0161emu t\u00fdmu a rozv\u00edjejte se v dynamick\u00e9m prost\u0159ed\u00ed. Najd\u011bte si u n\u00e1s svou kari\u00e9rn\u00ed cestu.\" \/>\n<meta name=\"robots\" content=\"noindex, follow, max-snippet:-1, max-image-preview:large, max-video-preview:-1\" \/>\n<meta property=\"og:locale\" content=\"cs_CZ\" \/>\n<meta property=\"og:type\" content=\"article\" \/>\n<meta property=\"og:title\" content=\"Pracovn\u00ed p\u0159\u00edle\u017eitosti Tarnowskie G\u00f3ry - Grupa Zejler\" \/>\n<meta property=\"og:description\" content=\"Pod\u00edvejte se na aktu\u00e1ln\u00ed nab\u00eddky pr\u00e1ce v Tarnowsk\u00fdch G\u00f3rach u skupiny Zejler. P\u0159ipojte se k na\u0161emu t\u00fdmu a rozv\u00edjejte se v dynamick\u00e9m prost\u0159ed\u00ed. Najd\u011bte si u n\u00e1s svou kari\u00e9rn\u00ed cestu.\" \/>\n<meta property=\"og:url\" content=\"https:\/\/grupazejler.danielzejler.pl\/cs\/prace\/\" \/>\n<meta property=\"og:site_name\" content=\"Grupa Zejler\" \/>\n<meta property=\"article:modified_time\" content=\"2024-05-10T16:06:49+00:00\" \/>\n<meta name=\"twitter:card\" content=\"summary_large_image\" \/>\n<meta name=\"twitter:label1\" content=\"Odhadovan\u00e1 doba \u010dten\u00ed\" \/>\n\t<meta name=\"twitter:data1\" content=\"1 minuta\" \/>\n<script type=\"application\/ld+json\" class=\"yoast-schema-graph\">{\"@context\":\"https:\/\/schema.org\",\"@graph\":[{\"@type\":\"WebPage\",\"@id\":\"https:\/\/grupazejler.danielzejler.pl\/cs\/prace\/\",\"url\":\"https:\/\/grupazejler.danielzejler.pl\/cs\/prace\/\",\"name\":\"Pracovn\u00ed p\u0159\u00edle\u017eitosti Tarnowskie G\u00f3ry - Grupa Zejler\",\"isPartOf\":{\"@id\":\"https:\/\/grupazejler.danielzejler.pl\/#website\"},\"datePublished\":\"2023-11-20T17:37:26+00:00\",\"dateModified\":\"2024-05-10T16:06:49+00:00\",\"description\":\"Pod\u00edvejte se na aktu\u00e1ln\u00ed nab\u00eddky pr\u00e1ce v Tarnowsk\u00fdch G\u00f3rach u skupiny Zejler. P\u0159ipojte se k na\u0161emu t\u00fdmu a rozv\u00edjejte se v dynamick\u00e9m prost\u0159ed\u00ed. Najd\u011bte si u n\u00e1s svou kari\u00e9rn\u00ed cestu.\",\"breadcrumb\":{\"@id\":\"https:\/\/grupazejler.danielzejler.pl\/cs\/prace\/#breadcrumb\"},\"inLanguage\":\"cs\",\"potentialAction\":[{\"@type\":\"ReadAction\",\"target\":[\"https:\/\/grupazejler.danielzejler.pl\/cs\/prace\/\"]}]},{\"@type\":\"BreadcrumbList\",\"@id\":\"https:\/\/grupazejler.danielzejler.pl\/cs\/prace\/#breadcrumb\",\"itemListElement\":[{\"@type\":\"ListItem\",\"position\":1,\"name\":\"Strona g\u0142\u00f3wna\",\"item\":\"https:\/\/grupazejler.danielzejler.pl\/cs\/\"},{\"@type\":\"ListItem\",\"position\":2,\"name\":\"Pr\u00e1ce\"}]},{\"@type\":\"WebSite\",\"@id\":\"https:\/\/grupazejler.danielzejler.pl\/#website\",\"url\":\"https:\/\/grupazejler.danielzejler.pl\/\",\"name\":\"Grupa Zejler\",\"description\":\"\",\"publisher\":{\"@id\":\"https:\/\/grupazejler.danielzejler.pl\/#organization\"},\"potentialAction\":[{\"@type\":\"SearchAction\",\"target\":{\"@type\":\"EntryPoint\",\"urlTemplate\":\"https:\/\/grupazejler.danielzejler.pl\/?s={search_term_string}\"},\"query-input\":{\"@type\":\"PropertyValueSpecification\",\"valueRequired\":true,\"valueName\":\"search_term_string\"}}],\"inLanguage\":\"cs\"},{\"@type\":\"Organization\",\"@id\":\"https:\/\/grupazejler.danielzejler.pl\/#organization\",\"name\":\"Grupa Zejler\",\"url\":\"https:\/\/grupazejler.danielzejler.pl\/\",\"logo\":{\"@type\":\"ImageObject\",\"inLanguage\":\"cs\",\"@id\":\"https:\/\/grupazejler.danielzejler.pl\/#\/schema\/logo\/image\/\",\"url\":\"https:\/\/grupazejler.danielzejler.pl\/wp-content\/uploads\/2023\/11\/cropped-logo.png\",\"contentUrl\":\"https:\/\/grupazejler.danielzejler.pl\/wp-content\/uploads\/2023\/11\/cropped-logo.png\",\"width\":210,\"height\":53,\"caption\":\"Grupa Zejler\"},\"image\":{\"@id\":\"https:\/\/grupazejler.danielzejler.pl\/#\/schema\/logo\/image\/\"}}]}<\/script>\n<!-- \/ Yoast SEO plugin. -->","yoast_head_json":{"title":"Pracovn\u00ed p\u0159\u00edle\u017eitosti Tarnowskie G\u00f3ry - Grupa Zejler","description":"Pod\u00edvejte se na aktu\u00e1ln\u00ed nab\u00eddky pr\u00e1ce v Tarnowsk\u00fdch G\u00f3rach u skupiny Zejler. P\u0159ipojte se k na\u0161emu t\u00fdmu a rozv\u00edjejte se v dynamick\u00e9m prost\u0159ed\u00ed. Najd\u011bte si u n\u00e1s svou kari\u00e9rn\u00ed cestu.","robots":{"index":"noindex","follow":"follow","max-snippet":"max-snippet:-1","max-image-preview":"max-image-preview:large","max-video-preview":"max-video-preview:-1"},"og_locale":"cs_CZ","og_type":"article","og_title":"Pracovn\u00ed p\u0159\u00edle\u017eitosti Tarnowskie G\u00f3ry - Grupa Zejler","og_description":"Pod\u00edvejte se na aktu\u00e1ln\u00ed nab\u00eddky pr\u00e1ce v Tarnowsk\u00fdch G\u00f3rach u skupiny Zejler. P\u0159ipojte se k na\u0161emu t\u00fdmu a rozv\u00edjejte se v dynamick\u00e9m prost\u0159ed\u00ed. Najd\u011bte si u n\u00e1s svou kari\u00e9rn\u00ed cestu.","og_url":"https:\/\/grupazejler.danielzejler.pl\/cs\/prace\/","og_site_name":"Grupa Zejler","article_modified_time":"2024-05-10T16:06:49+00:00","twitter_card":"summary_large_image","twitter_misc":{"Odhadovan\u00e1 doba \u010dten\u00ed":"1 minuta"},"schema":{"@context":"https:\/\/schema.org","@graph":[{"@type":"WebPage","@id":"https:\/\/grupazejler.danielzejler.pl\/cs\/prace\/","url":"https:\/\/grupazejler.danielzejler.pl\/cs\/prace\/","name":"Pracovn\u00ed p\u0159\u00edle\u017eitosti Tarnowskie G\u00f3ry - Grupa Zejler","isPartOf":{"@id":"https:\/\/grupazejler.danielzejler.pl\/#website"},"datePublished":"2023-11-20T17:37:26+00:00","dateModified":"2024-05-10T16:06:49+00:00","description":"Pod\u00edvejte se na aktu\u00e1ln\u00ed nab\u00eddky pr\u00e1ce v Tarnowsk\u00fdch G\u00f3rach u skupiny Zejler. P\u0159ipojte se k na\u0161emu t\u00fdmu a rozv\u00edjejte se v dynamick\u00e9m prost\u0159ed\u00ed. Najd\u011bte si u n\u00e1s svou kari\u00e9rn\u00ed cestu.","breadcrumb":{"@id":"https:\/\/grupazejler.danielzejler.pl\/cs\/prace\/#breadcrumb"},"inLanguage":"cs","potentialAction":[{"@type":"ReadAction","target":["https:\/\/grupazejler.danielzejler.pl\/cs\/prace\/"]}]},{"@type":"BreadcrumbList","@id":"https:\/\/grupazejler.danielzejler.pl\/cs\/prace\/#breadcrumb","itemListElement":[{"@type":"ListItem","position":1,"name":"Strona g\u0142\u00f3wna","item":"https:\/\/grupazejler.danielzejler.pl\/cs\/"},{"@type":"ListItem","position":2,"name":"Pr\u00e1ce"}]},{"@type":"WebSite","@id":"https:\/\/grupazejler.danielzejler.pl\/#website","url":"https:\/\/grupazejler.danielzejler.pl\/","name":"Grupa Zejler","description":"","publisher":{"@id":"https:\/\/grupazejler.danielzejler.pl\/#organization"},"potentialAction":[{"@type":"SearchAction","target":{"@type":"EntryPoint","urlTemplate":"https:\/\/grupazejler.danielzejler.pl\/?s={search_term_string}"},"query-input":{"@type":"PropertyValueSpecification","valueRequired":true,"valueName":"search_term_string"}}],"inLanguage":"cs"},{"@type":"Organization","@id":"https:\/\/grupazejler.danielzejler.pl\/#organization","name":"Grupa Zejler","url":"https:\/\/grupazejler.danielzejler.pl\/","logo":{"@type":"ImageObject","inLanguage":"cs","@id":"https:\/\/grupazejler.danielzejler.pl\/#\/schema\/logo\/image\/","url":"https:\/\/grupazejler.danielzejler.pl\/wp-content\/uploads\/2023\/11\/cropped-logo.png","contentUrl":"https:\/\/grupazejler.danielzejler.pl\/wp-content\/uploads\/2023\/11\/cropped-logo.png","width":210,"height":53,"caption":"Grupa Zejler"},"image":{"@id":"https:\/\/grupazejler.danielzejler.pl\/#\/schema\/logo\/image\/"}}]}},"_links":{"self":[{"href":"https:\/\/grupazejler.danielzejler.pl\/cs\/wp-json\/wp\/v2\/pages\/3865","targetHints":{"allow":["GET"]}}],"collection":[{"href":"https:\/\/grupazejler.danielzejler.pl\/cs\/wp-json\/wp\/v2\/pages"}],"about":[{"href":"https:\/\/grupazejler.danielzejler.pl\/cs\/wp-json\/wp\/v2\/types\/page"}],"author":[{"embeddable":true,"href":"https:\/\/grupazejler.danielzejler.pl\/cs\/wp-json\/wp\/v2\/users\/1"}],"replies":[{"embeddable":true,"href":"https:\/\/grupazejler.danielzejler.pl\/cs\/wp-json\/wp\/v2\/comments?post=3865"}],"version-history":[{"count":5,"href":"https:\/\/grupazejler.danielzejler.pl\/cs\/wp-json\/wp\/v2\/pages\/3865\/revisions"}],"predecessor-version":[{"id":3907,"href":"https:\/\/grupazejler.danielzejler.pl\/cs\/wp-json\/wp\/v2\/pages\/3865\/revisions\/3907"}],"wp:attachment":[{"href":"https:\/\/grupazejler.danielzejler.pl\/cs\/wp-json\/wp\/v2\/media?parent=3865"}],"curies":[{"name":"wp","href":"https:\/\/api.w.org\/{rel}","templated":true}]}}