{"id":3873,"date":"2023-11-20T18:26:14","date_gmt":"2023-11-20T17:26:14","guid":{"rendered":"https:\/\/grupazejler.danielzejler.pl\/zasady-ochrany-osobnich-udaju\/"},"modified":"2024-05-10T17:54:45","modified_gmt":"2024-05-10T15:54:45","slug":"zasady-ochrany-osobnich-udaju","status":"publish","type":"page","link":"https:\/\/grupazejler.danielzejler.pl\/cs\/zasady-ochrany-osobnich-udaju\/","title":{"rendered":"Z\u00e1sady ochrany osobn\u00edch \u00fadaj\u016f"},"content":{"rendered":"\n<p><strong>Z\u00c1SADY OCHRANY OSOBN\u00cdCH \u00daDAJ\u016e V INTERNETOV\u00c9M OBCHOD\u011a<\/strong> <strong>WWW.GRUPAAZEJLER.PL<\/strong><\/p>\n\n<p><strong>\u00a7 1<\/strong> <strong>OBECN\u00c1 USTANOVEN\u00cd<\/strong><\/p>\n\n<ol class=\"wp-block-list\">\n<li>Spr\u00e1vcem osobn\u00edch \u00fadaj\u016f shrom\u00e1\u017ed\u011bn\u00fdch prost\u0159ednictv\u00edm internetov\u00e9ho obchodu www.grupazejler.pl je Jacek Zejler, podnikaj\u00edc\u00ed pod n\u00e1zvem GRUPA ZEJLER JACEK ZEJLER, zapsan\u00fd v Centr\u00e1ln\u00edm registru a informac\u00ed o podnikatelsk\u00e9 \u010dinnosti Polsk\u00e9 republiky, veden\u00e9m ministrem odpov\u011bdn\u00fdm za hospod\u00e1\u0159stv\u00ed, m\u00edsto podnik\u00e1n\u00ed a adresa pro doru\u010dov\u00e1n\u00ed: ul. Wojska Polskiego 9, 42-600 Tarnowskie G\u00f3ry, NIP: 6451468671, REGON: 273150653, adresa elektronick\u00e9 po\u0161ty (e-mail): (e-mail): biuro@grupazejler.danielzejler.pl, d\u00e1le jen &#8222;spr\u00e1vce&#8220;, kter\u00fd je z\u00e1rove\u0148 &#8222;poskytovatelem slu\u017eeb&#8220;.<\/li>\n\n\n\n<li>Osobn\u00ed \u00fadaje shrom\u00e1\u017ed\u011bn\u00e9 Spr\u00e1vcem prost\u0159ednictv\u00edm webov\u00fdch str\u00e1nek jsou zpracov\u00e1v\u00e1ny v souladu s na\u0159\u00edzen\u00edm Evropsk\u00e9ho parlamentu a Rady (EU) 2016\/679 ze dne 27. dubna 2016. o ochran\u011b fyzick\u00fdch osob v souvislosti se zpracov\u00e1n\u00edm osobn\u00edch \u00fadaj\u016f a o voln\u00e9m pohybu t\u011bchto \u00fadaj\u016f a o zru\u0161en\u00ed sm\u011brnice 95\/46\/ES (obecn\u00e9 na\u0159\u00edzen\u00ed o ochran\u011b osobn\u00edch \u00fadaj\u016f), d\u00e1le jen <strong>RODO.<\/strong><\/li>\n\n\n\n<li>Ve\u0161ker\u00e1 slova nebo v\u00fdrazy psan\u00e9 velk\u00fdmi p\u00edsmeny v textu t\u011bchto Z\u00e1sad ochrany osobn\u00edch \u00fadaj\u016f se ch\u00e1pou tak, jak jsou definov\u00e1ny v obchodn\u00edch podm\u00ednk\u00e1ch internetov\u00e9ho obchodu www.grupazejler.pl.<\/li>\n<\/ol>\n\n<p><strong>\u00a7 2 TYP ZPRACOV\u00c1VAN\u00ddCH OSOBN\u00cdCH \u00daDAJ\u016e, \u00da\u010cEL A ROZSAH SHROMA\u017d\u010eOV\u00c1N\u00cd \u00daDAJ\u016e<\/strong><\/p>\n\n<p><\/p>\n\n<ol class=\"wp-block-list\">\n<li><strong>\u00da\u010cEL ZPRACOV\u00c1N\u00cd A PR\u00c1VN\u00cd Z\u00c1KLAD.<\/strong>  Spr\u00e1vce zpracov\u00e1v\u00e1 osobn\u00ed \u00fadaje z\u00e1kazn\u00edk\u016f obchodu www.grupazejler.pl v p\u0159\u00edpad\u011b:<br\/>1. registrace \u00fa\u010dtu v obchod\u011b za \u00fa\u010delem vytvo\u0159en\u00ed a spr\u00e1vy individu\u00e1ln\u00edho \u00fa\u010dtu podle \u010dl. 6 odst. 1 p\u00edsm. b) RODO (pln\u011bn\u00ed smlouvy o poskytov\u00e1n\u00ed elektronick\u00fdch slu\u017eeb v souladu s obchodn\u00edm \u0159\u00e1dem),<br\/>2. zad\u00e1n\u00ed objedn\u00e1vky v obchod\u011b za \u00fa\u010delem pln\u011bn\u00ed kupn\u00ed smlouvy podle \u010dl. 6 odst. 1b) RODO (pln\u011bn\u00ed kupn\u00ed smlouvy).<br\/>3. pou\u017e\u00edt kontaktn\u00ed formul\u00e1\u0159 pro zasl\u00e1n\u00ed zpr\u00e1vy spr\u00e1vci na z\u00e1klad\u011b \u010dl. 6 odst. 1 p\u00edsm. f) RODO (opr\u00e1vn\u011bn\u00fd obchodn\u00ed z\u00e1jem).<br\/> <\/li>\n\n\n\n<li><strong>TYP ZPRACOV\u00c1VAN\u00ddCH OSOBN\u00cdCH \u00daDAJ\u016e.<\/strong>  Z\u00e1kazn\u00edk uvede v p\u0159\u00edpad\u011b:<br\/><br\/>1.<strong> \u00fa\u010dty<\/strong>: jm\u00e9no, p\u0159ihla\u0161ovac\u00ed jm\u00e9no, adresa, e-mailov\u00e1 adresa.<br\/>2. <strong>objedn\u00e1vky<\/strong>: jm\u00e9no, adresa, DI\u010c, e-mailov\u00e1 adresa, telefonn\u00ed \u010d\u00edslo.<br\/>3.<strong> kontaktn\u00ed formul\u00e1\u0159<\/strong>: jm\u00e9no, e-mailov\u00e1 adresa<br\/> <\/li>\n\n\n\n<li><strong>DOBA ARCHIVACE OSOBN\u00cdCH \u00daDAJ\u016e.<\/strong>  Osobn\u00ed \u00fadaje z\u00e1kazn\u00edk\u016f ukl\u00e1d\u00e1 spr\u00e1vce:<br\/><br\/>1. pokud je zpracov\u00e1n\u00ed zalo\u017eeno na pln\u011bn\u00ed smlouvy, po dobu nezbytnou k pln\u011bn\u00ed smlouvy a pot\u00e9 po dobu odpov\u00eddaj\u00edc\u00ed proml\u010dec\u00ed dob\u011b n\u00e1rok\u016f. Nen\u00ed-li ve zvl\u00e1\u0161tn\u00edm ustanoven\u00ed stanoveno jinak, \u010din\u00ed proml\u010dec\u00ed lh\u016fta \u0161est let a t\u0159i roky pro n\u00e1roky na pravideln\u00e9 d\u00e1vky a n\u00e1roky souvisej\u00edc\u00ed s v\u00fdkonem \u010dinnosti.<br\/>2. pokud je zpracov\u00e1n\u00ed zalo\u017eeno na souhlasu, po dobu, po kterou nen\u00ed souhlas odvol\u00e1n, a po odvol\u00e1n\u00ed souhlasu po dobu odpov\u00eddaj\u00edc\u00ed dob\u011b proml\u010den\u00ed n\u00e1rok\u016f, kter\u00e9 m\u016f\u017ee Spr\u00e1vce uplatnit a kter\u00e9 mohou b\u00fdt v\u016f\u010di n\u011bmu uplatn\u011bny. Nen\u00ed-li ve zvl\u00e1\u0161tn\u00edm ustanoven\u00ed stanoveno jinak, \u010din\u00ed proml\u010dec\u00ed lh\u016fta \u0161est let a t\u0159i roky pro n\u00e1roky na pravideln\u00e9 d\u00e1vky a n\u00e1roky souvisej\u00edc\u00ed s v\u00fdkonem \u010dinnosti.<br\/> <\/li>\n\n\n\n<li>P\u0159i pou\u017e\u00edv\u00e1n\u00ed obchodu mohou b\u00fdt shroma\u017e\u010fov\u00e1ny dal\u0161\u00ed informace, zejm\u00e9na: IP adresa p\u0159id\u011blen\u00e1 po\u010d\u00edta\u010di z\u00e1kazn\u00edka nebo extern\u00ed IP adresa poskytovatele internetu, n\u00e1zev dom\u00e9ny, typ prohl\u00ed\u017ee\u010de, \u010das p\u0159\u00edstupu, typ opera\u010dn\u00edho syst\u00e9mu.<\/li>\n\n\n\n<li>Na z\u00e1klad\u011b samostatn\u00e9ho souhlasu podle \u010dl. 6 odst. 1 p\u00edsm. a) RODO mohou b\u00fdt \u00fadaje zpracov\u00e1v\u00e1ny tak\u00e9 za \u00fa\u010delem zas\u00edl\u00e1n\u00ed obchodn\u00edch informac\u00ed elektronick\u00fdmi prost\u0159edky nebo telefonick\u00fdch hovor\u016f za \u00fa\u010delem p\u0159\u00edm\u00e9ho marketingu &#8211; resp. v souvislosti s \u010dl. 10 odst. 2 z\u00e1kona ze dne 18. \u010dervence 2002 o poskytov\u00e1n\u00ed elektronick\u00fdch slu\u017eeb nebo \u010dl. 172(1). 1 z\u00e1kona o telekomunikac\u00edch ze dne 16. \u010dervence 2004 &#8211; telekomunika\u010dn\u00ed z\u00e1kon, v\u010detn\u011b t\u011bch, kter\u00e9 jsou vedeny v d\u016fsledku profilov\u00e1n\u00ed, pokud k tomu z\u00e1kazn\u00edk ud\u011blil p\u0159\u00edslu\u0161n\u00fd souhlas.<\/li>\n\n\n\n<li>Od p\u0159\u00edjemc\u016f slu\u017eeb mohou b\u00fdt shroma\u017e\u010fov\u00e1ny tak\u00e9 naviga\u010dn\u00ed \u00fadaje, v\u010detn\u011b informac\u00ed o odkazech a odkazech, na kter\u00e9 se rozhodnou kliknout, nebo o jin\u00fdch akc\u00edch, kter\u00e9 v \u00daschovn\u011b provedou. Pr\u00e1vn\u00edm z\u00e1kladem t\u011bchto \u010dinnost\u00ed je opr\u00e1vn\u011bn\u00fd z\u00e1jem spr\u00e1vce (\u010dl. 6 odst. 1 p\u00edsm. f) RODO) na usnadn\u011bn\u00ed vyu\u017e\u00edv\u00e1n\u00ed elektronicky poskytovan\u00fdch slu\u017eeb a zlep\u0161en\u00ed funk\u010dnosti t\u011bchto slu\u017eeb.<\/li>\n\n\n\n<li>Poskytnut\u00ed osobn\u00edch \u00fadaj\u016f z\u00e1kazn\u00edkem je dobrovoln\u00e9.<\/li>\n\n\n\n<li>Spr\u00e1vce db\u00e1 na ochranu z\u00e1jm\u016f subjekt\u016f \u00fadaj\u016f a zejm\u00e9na zajist\u00ed, aby \u00fadaje, kter\u00e9 shroma\u017e\u010fuje, byly:<br\/>1. zpracov\u00e1ny z\u00e1konn\u00fdm zp\u016fsobem,<br\/>2. shrom\u00e1\u017ed\u011bn\u00e9 pro ur\u010dit\u00e9 legitimn\u00ed \u00fa\u010dely a nepodl\u00e9haj\u00edc\u00ed dal\u0161\u00edmu zpracov\u00e1n\u00ed neslu\u010diteln\u00e9mu s t\u011bmito \u00fa\u010dely,<br\/>3. v\u011bcn\u011b spr\u00e1vn\u00e9 a p\u0159im\u011b\u0159en\u00e9 vzhledem k \u00fa\u010del\u016fm, pro kter\u00e9 jsou zpracov\u00e1v\u00e1ny, a uchov\u00e1van\u00e9 ve form\u011b, kter\u00e1 umo\u017e\u0148uje identifikaci subjekt\u016f \u00fadaj\u016f po dobu ne del\u0161\u00ed, ne\u017e je nezbytn\u00e9 k dosa\u017een\u00ed \u00fa\u010delu zpracov\u00e1n\u00ed.<\/li>\n<\/ol>\n\n<p><strong>\u00a7 3<\/strong> <strong>SD\u00cdLEN\u00cd OSOBN\u00cdCH \u00daDAJ\u016e<\/strong><\/p>\n\n<p><\/p>\n\n<ol class=\"wp-block-list\">\n<li>Osobn\u00ed \u00fadaje z\u00e1kazn\u00edk\u016f jsou p\u0159ed\u00e1v\u00e1ny poskytovatel\u016fm slu\u017eeb, kter\u00e9 spr\u00e1vce vyu\u017e\u00edv\u00e1 k provozov\u00e1n\u00ed obchodu, zejm\u00e9na:<br\/>1. dodavatele produkt\u016f,<br\/>2. poskytovatel\u00e9 platebn\u00edch syst\u00e9m\u016f,<br\/>3. \u00fa\u010detn\u00ed kancel\u00e1\u0159,<br\/>4. poskytovatel\u00e9 hostingu,<br\/>5. poskytovatel softwaru, kter\u00fd umo\u017e\u0148uje podnik\u00e1n\u00ed,<br\/>6. subjekty poskytuj\u00edc\u00ed po\u0161tovn\u00ed syst\u00e9m,<br\/>7. dodavatele softwaru pot\u0159ebn\u00e9ho k provozov\u00e1n\u00ed internetov\u00e9ho obchodu.<\/li>\n\n\n\n<li>Poskytovatel\u00e9 slu\u017eeb uveden\u00ed v bod\u011b 1 tohoto odstavce, kter\u00fdm jsou osobn\u00ed \u00fadaje p\u0159ed\u00e1v\u00e1ny, se v z\u00e1vislosti na smluvn\u00edch ujedn\u00e1n\u00edch a okolnostech bu\u010f \u0159\u00edd\u00ed pokyny spr\u00e1vce ohledn\u011b \u00fa\u010del\u016f a prost\u0159edk\u016f zpracov\u00e1n\u00ed t\u011bchto \u00fadaj\u016f (zpracovatel\u00e9), nebo sami ur\u010duj\u00ed \u00fa\u010dely a prost\u0159edky zpracov\u00e1n\u00ed (spr\u00e1vci).<\/li>\n\n\n\n<li>Osobn\u00ed \u00fadaje p\u0159\u00edjemc\u016f slu\u017eeb jsou uchov\u00e1v\u00e1ny v\u00fdhradn\u011b v Evropsk\u00e9m hospod\u00e1\u0159sk\u00e9m prostoru (EHP), s v\u00fdhradou \u00a7 5 bodu 5 Z\u00e1sad ochrany osobn\u00edch \u00fadaj\u016f.<\/li>\n<\/ol>\n\n<p><strong>\u00a7 4<\/strong> <strong>PR\u00c1VO NA KONTROLU, P\u0158\u00cdSTUP A OPRAVU VLASTN\u00cdCH \u00daDAJ\u016e.<\/strong><\/p>\n\n<p><\/p>\n\n<ol class=\"wp-block-list\">\n<li>Subjekt \u00fadaj\u016f m\u00e1 pr\u00e1vo na p\u0159\u00edstup k obsahu sv\u00fdch osobn\u00edch \u00fadaj\u016f a pr\u00e1vo na opravu, v\u00fdmaz, omezen\u00ed zpracov\u00e1n\u00ed, pr\u00e1vo na p\u0159enositelnost \u00fadaj\u016f, pr\u00e1vo vzn\u00e9st n\u00e1mitku, pr\u00e1vo kdykoli odvolat souhlas, ani\u017e by byla dot\u010dena z\u00e1konnost zpracov\u00e1n\u00ed proveden\u00e9ho na z\u00e1klad\u011b souhlasu p\u0159ed jeho odvol\u00e1n\u00edm.<\/li>\n\n\n\n<li>Pr\u00e1vn\u00ed d\u016fvody \u017e\u00e1dosti z\u00e1kazn\u00edka:<br\/>1.<strong> p\u0159\u00edstup k \u00fadaj\u016fm<\/strong> &#8211; \u010dl. 15 RODO.<br\/>2<strong> Oprava \u00fadaj\u016f<\/strong> &#8211; \u010dl. 16 RODO.<br\/>3.<strong> v\u00fdmaz \u00fadaj\u016f (tzv. pr\u00e1vo b\u00fdt zapomenut <\/strong>) &#8211; \u010dl. 17 RODO.<br\/>4<strong> Omezen\u00ed zpracov\u00e1n\u00ed<\/strong> &#8211; \u010dl. 18 RODO.<br\/>5.<strong> P\u0159enositelnost \u00fadaj\u016f <\/strong>&#8211; \u010dl. 20 RODO.<br\/>6<strong> N\u00e1mitka <\/strong>&#8211; \u010dl. 21 RODO<br\/>7<strong> Odvol\u00e1n\u00ed souhlasu <\/strong>&#8211; \u010dl. 7 odst. 3 RODO.<\/li>\n\n\n\n<li>Chcete-li uplatnit pr\u00e1va uveden\u00e1 v bod\u011b 2, m\u016f\u017eete zaslat e-mail na n\u00e1sleduj\u00edc\u00ed adresu: <strong>biuro@grupazejler.danielzejler.pl.<\/strong><\/li>\n\n\n\n<li>V p\u0159\u00edpad\u011b, \u017ee p\u0159\u00edjemce slu\u017eeb uplatn\u00ed n\u00e1rok na z\u00e1klad\u011b v\u00fd\u0161e uveden\u00fdch pr\u00e1v, spr\u00e1vce bu\u010f vyhov\u00ed n\u00e1roku, nebo odm\u00edtne vyhov\u011bt n\u00e1roku bezodkladn\u011b, nejpozd\u011bji v\u0161ak do jednoho m\u011bs\u00edce od jeho obdr\u017een\u00ed. Pokud v\u0161ak &#8211; vzhledem ke slo\u017eitosti \u017e\u00e1dosti nebo po\u010dtu \u017e\u00e1dost\u00ed &#8211; nen\u00ed mo\u017en\u00e9, aby spr\u00e1vce \u017e\u00e1dosti vyhov\u011bl ve lh\u016ft\u011b jednoho m\u011bs\u00edce, vyhov\u00ed spr\u00e1vce \u017e\u00e1dosti ve lh\u016ft\u011b dal\u0161\u00edch dvou m\u011bs\u00edc\u016f tak, \u017ee p\u0159\u00edjemce slu\u017eby p\u0159edem &#8211; do jednoho m\u011bs\u00edce od obdr\u017een\u00ed \u017e\u00e1dosti &#8211; informuje o zam\u00fd\u0161len\u00e9m prodlou\u017een\u00ed lh\u016fty a jeho d\u016fvodech.<\/li>\n\n\n\n<li>Pokud se zjist\u00ed, \u017ee zpracov\u00e1n\u00ed osobn\u00edch \u00fadaj\u016f poru\u0161uje ustanoven\u00ed RODO, m\u00e1 subjekt \u00fadaj\u016f pr\u00e1vo podat st\u00ed\u017enost p\u0159edsedovi \u00da\u0159adu pro ochranu osobn\u00edch \u00fadaj\u016f.<\/li>\n<\/ol>\n\n<p><strong>\u00a7 5<\/strong> <strong>COOKIES<\/strong><\/p>\n\n<p><\/p>\n\n<ol class=\"wp-block-list\">\n<li>Webov\u00e9 str\u00e1nky spr\u00e1vce pou\u017e\u00edvaj\u00ed<em>soubory cookie<\/em>.<\/li>\n\n\n\n<li>Instalace<em>soubor\u016f cookie<\/em>je nezbytn\u00e1 pro \u0159\u00e1dn\u00e9 poskytov\u00e1n\u00ed slu\u017eeb na webov\u00fdch str\u00e1nk\u00e1ch obchodu. <em>Soubory cookie<\/em> obsahuj\u00ed informace nezbytn\u00e9 pro spr\u00e1vn\u00e9 fungov\u00e1n\u00ed webov\u00fdch str\u00e1nek a tak\u00e9 umo\u017e\u0148uj\u00ed sestavovat obecn\u00e9 statistiky n\u00e1v\u0161t\u011bvnosti webov\u00fdch str\u00e1nek.<\/li>\n\n\n\n<li>Webov\u00e9 str\u00e1nky pou\u017e\u00edvaj\u00ed dva typy<em>&#8222;cookies&#8220;<\/em>: &#8222;rela\u010dn\u00ed&#8220; a &#8222;trval\u00e9&#8220;.<br\/>1 &#8222;Rela\u010dn\u00ed&#8220;<em>soubory cookie<\/em>jsou do\u010dasn\u00e9 soubory, kter\u00e9 se ukl\u00e1daj\u00ed v koncov\u00e9m za\u0159\u00edzen\u00ed p\u0159\u00edjemce slu\u017eby, dokud se neodhl\u00e1s\u00ed (neopust\u00ed webov\u00e9 str\u00e1nky).<br\/>(2) &#8222;Trval\u00e9&#8220;<em>soubory cookie<\/em>se ukl\u00e1daj\u00ed v koncov\u00e9m za\u0159\u00edzen\u00ed klienta po dobu uvedenou v parametrech<em>soubor\u016f cookie<\/em>nebo do jejich vymaz\u00e1n\u00ed klientem.<\/li>\n\n\n\n<li>Spr\u00e1vce pou\u017e\u00edv\u00e1 vlastn\u00ed soubory cookie, aby l\u00e9pe porozum\u011bl tomu, jak n\u00e1v\u0161t\u011bvn\u00edci interaguj\u00ed s obsahem webov\u00fdch str\u00e1nek. Soubory cookie shroma\u017e\u010fuj\u00ed informace o pou\u017e\u00edv\u00e1n\u00ed webov\u00e9 str\u00e1nky p\u0159\u00edjemcem slu\u017eby, o typu webov\u00e9 str\u00e1nky, ze kter\u00e9 byl p\u0159\u00edjemce slu\u017eby p\u0159esm\u011brov\u00e1n, a o po\u010dtu n\u00e1v\u0161t\u011bv a dob\u011b, po kterou p\u0159\u00edjemce slu\u017eby webovou str\u00e1nku nav\u0161t\u00edvil. Tyto informace nezaznamen\u00e1vaj\u00ed konkr\u00e9tn\u00ed osobn\u00ed \u00fadaje p\u0159\u00edjemce slu\u017eby, ale slou\u017e\u00ed k sestavov\u00e1n\u00ed statistik o pou\u017e\u00edv\u00e1n\u00ed webov\u00fdch str\u00e1nek.<\/li>\n\n\n\n<li>Spr\u00e1vce pou\u017e\u00edv\u00e1 extern\u00ed soubory cookie ke shroma\u017e\u010fov\u00e1n\u00ed obecn\u00fdch a anonymn\u00edch statistick\u00fdch \u00fadaj\u016f prost\u0159ednictv\u00edm analytick\u00e9ho n\u00e1stroje Google Analytics (extern\u00ed spr\u00e1vce soubor\u016f cookie: Google Inc., se s\u00eddlem v USA).<\/li>\n\n\n\n<li>Soubory cookie mohou pou\u017e\u00edvat tak\u00e9 reklamn\u00ed s\u00edt\u011b, zejm\u00e9na s\u00ed\u0165 Google, aby zobrazovaly reklamy p\u0159izp\u016fsoben\u00e9 zp\u016fsobu, jak\u00fdm z\u00e1kazn\u00edk pou\u017e\u00edv\u00e1 Obchod. Za t\u00edmto \u00fa\u010delem mohou uchov\u00e1vat informace o naviga\u010dn\u00ed cest\u011b u\u017eivatele nebo o \u010dase str\u00e1ven\u00e9m na ur\u010dit\u00e9 str\u00e1nce.<\/li>\n\n\n\n<li>Z\u00e1kazn\u00edk m\u00e1 pr\u00e1vo rozhodnout o p\u0159\u00edstupu<em>soubor\u016f cookie<\/em>do sv\u00e9ho po\u010d\u00edta\u010de t\u00edm, \u017ee je p\u0159edem zvol\u00ed v okn\u011b sv\u00e9ho prohl\u00ed\u017ee\u010de. Podrobn\u00e9 informace o mo\u017enostech a zach\u00e1zen\u00ed se<em>soubory cookie<\/em>naleznete v nastaven\u00ed va\u0161eho softwaru (webov\u00e9ho prohl\u00ed\u017ee\u010de).<\/li>\n<\/ol>\n\n<p><strong>\u00a7 6<\/strong> <strong>Z\u00c1V\u011aRE\u010cN\u00c1 USTANOVEN\u00cd<\/strong><\/p>\n\n<p><\/p>\n\n<ol class=\"wp-block-list\">\n<li>Spr\u00e1vce pou\u017eije technick\u00e1 a organiza\u010dn\u00ed opat\u0159en\u00ed k zaji\u0161t\u011bn\u00ed ochrany zpracov\u00e1van\u00fdch osobn\u00edch \u00fadaj\u016f odpov\u00eddaj\u00edc\u00ed rizik\u016fm a kategori\u00edm chr\u00e1n\u011bn\u00fdch \u00fadaj\u016f, zejm\u00e9na k ochran\u011b \u00fadaj\u016f p\u0159ed jejich zp\u0159\u00edstupn\u011bn\u00edm neopr\u00e1vn\u011bn\u00fdm osob\u00e1m, p\u0159ed jejich po\u0159\u00edzen\u00edm neopr\u00e1vn\u011bnou osobou, p\u0159ed jejich zpracov\u00e1n\u00edm v rozporu s platn\u00fdmi p\u0159edpisy a p\u0159ed jejich zm\u011bnou, ztr\u00e1tou, po\u0161kozen\u00edm nebo zni\u010den\u00edm.<\/li>\n\n\n\n<li>Spr\u00e1vce zp\u0159\u00edstupn\u00ed vhodn\u00e1 technick\u00e1 opat\u0159en\u00ed, kter\u00e1 zabr\u00e1n\u00ed z\u00edsk\u00e1n\u00ed a \u00faprav\u011b elektronicky zas\u00edlan\u00fdch osobn\u00edch \u00fadaj\u016f neopr\u00e1vn\u011bn\u00fdmi osobami.<\/li>\n\n\n\n<li>V z\u00e1le\u017eitostech, kter\u00e9 nejsou upraveny t\u011bmito Z\u00e1sadami ochrany osobn\u00edch \u00fadaj\u016f, se p\u0159im\u011b\u0159en\u011b pou\u017eij\u00ed ustanoven\u00ed RODO a dal\u0161\u00ed p\u0159\u00edslu\u0161n\u00e1 ustanoven\u00ed polsk\u00e9ho pr\u00e1va.<\/li>\n<\/ol>\n","protected":false},"excerpt":{"rendered":"<p>Z\u00c1SADY OCHRANY OSOBN\u00cdCH \u00daDAJ\u016e V INTERNETOV\u00c9M OBCHOD\u011a WWW.GRUPAAZEJLER.PL \u00a7 1 OBECN\u00c1 USTANOVEN\u00cd \u00a7 2 TYP ZPRACOV\u00c1VAN\u00ddCH OSOBN\u00cdCH \u00daDAJ\u016e, \u00da\u010cEL A ROZSAH SHROMA\u017d\u010eOV\u00c1N\u00cd \u00daDAJ\u016e \u00a7 3 SD\u00cdLEN\u00cd OSOBN\u00cdCH \u00daDAJ\u016e \u00a7 4 PR\u00c1VO NA KONTROLU, P\u0158\u00cdSTUP A OPRAVU VLASTN\u00cdCH \u00daDAJ\u016e. \u00a7 5 COOKIES \u00a7 6 Z\u00c1V\u011aRE\u010cN\u00c1 USTANOVEN\u00cd<\/p>\n","protected":false},"author":1,"featured_media":0,"parent":0,"menu_order":0,"comment_status":"closed","ping_status":"open","template":"","meta":{"_acf_changed":false,"_kadence_starter_templates_imported_post":false,"_kad_post_transparent":"","_kad_post_title":"","_kad_post_layout":"","_kad_post_sidebar_id":"","_kad_post_content_style":"","_kad_post_vertical_padding":"","_kad_post_feature":"","_kad_post_feature_position":"","_kad_post_header":false,"_kad_post_footer":false,"footnotes":""},"class_list":["post-3873","page","type-page","status-publish","hentry"],"acf":[],"yoast_head":"<!-- This site is optimized with the Yoast SEO plugin v26.0 - https:\/\/yoast.com\/wordpress\/plugins\/seo\/ -->\n<title>Z\u00e1sady ochrany osobn\u00edch \u00fadaj\u016f - Grupa Zejler<\/title>\n<meta name=\"robots\" content=\"noindex, follow, max-snippet:-1, max-image-preview:large, max-video-preview:-1\" \/>\n<meta property=\"og:locale\" content=\"cs_CZ\" \/>\n<meta property=\"og:type\" content=\"article\" \/>\n<meta property=\"og:title\" content=\"Z\u00e1sady ochrany osobn\u00edch \u00fadaj\u016f - Grupa Zejler\" \/>\n<meta property=\"og:description\" content=\"Z\u00c1SADY OCHRANY OSOBN\u00cdCH \u00daDAJ\u016e V INTERNETOV\u00c9M OBCHOD\u011a WWW.GRUPAAZEJLER.PL \u00a7 1 OBECN\u00c1 USTANOVEN\u00cd \u00a7 2 TYP ZPRACOV\u00c1VAN\u00ddCH OSOBN\u00cdCH \u00daDAJ\u016e, \u00da\u010cEL A ROZSAH SHROMA\u017d\u010eOV\u00c1N\u00cd \u00daDAJ\u016e \u00a7 3 SD\u00cdLEN\u00cd OSOBN\u00cdCH \u00daDAJ\u016e \u00a7 4 PR\u00c1VO NA KONTROLU, P\u0158\u00cdSTUP A OPRAVU VLASTN\u00cdCH \u00daDAJ\u016e. \u00a7 5 COOKIES \u00a7 6 Z\u00c1V\u011aRE\u010cN\u00c1 USTANOVEN\u00cd\" \/>\n<meta property=\"og:url\" content=\"https:\/\/grupazejler.danielzejler.pl\/cs\/zasady-ochrany-osobnich-udaju\/\" \/>\n<meta property=\"og:site_name\" content=\"Grupa Zejler\" \/>\n<meta property=\"article:modified_time\" content=\"2024-05-10T15:54:45+00:00\" \/>\n<meta name=\"twitter:card\" content=\"summary_large_image\" \/>\n<meta name=\"twitter:label1\" content=\"Odhadovan\u00e1 doba \u010dten\u00ed\" \/>\n\t<meta name=\"twitter:data1\" content=\"9 minut\" \/>\n<script type=\"application\/ld+json\" class=\"yoast-schema-graph\">{\"@context\":\"https:\/\/schema.org\",\"@graph\":[{\"@type\":\"WebPage\",\"@id\":\"https:\/\/grupazejler.danielzejler.pl\/cs\/zasady-ochrany-osobnich-udaju\/\",\"url\":\"https:\/\/grupazejler.danielzejler.pl\/cs\/zasady-ochrany-osobnich-udaju\/\",\"name\":\"Z\u00e1sady ochrany osobn\u00edch \u00fadaj\u016f - Grupa Zejler\",\"isPartOf\":{\"@id\":\"https:\/\/grupazejler.danielzejler.pl\/#website\"},\"datePublished\":\"2023-11-20T17:26:14+00:00\",\"dateModified\":\"2024-05-10T15:54:45+00:00\",\"breadcrumb\":{\"@id\":\"https:\/\/grupazejler.danielzejler.pl\/cs\/zasady-ochrany-osobnich-udaju\/#breadcrumb\"},\"inLanguage\":\"cs\",\"potentialAction\":[{\"@type\":\"ReadAction\",\"target\":[\"https:\/\/grupazejler.danielzejler.pl\/cs\/zasady-ochrany-osobnich-udaju\/\"]}]},{\"@type\":\"BreadcrumbList\",\"@id\":\"https:\/\/grupazejler.danielzejler.pl\/cs\/zasady-ochrany-osobnich-udaju\/#breadcrumb\",\"itemListElement\":[{\"@type\":\"ListItem\",\"position\":1,\"name\":\"Strona g\u0142\u00f3wna\",\"item\":\"https:\/\/grupazejler.danielzejler.pl\/cs\/\"},{\"@type\":\"ListItem\",\"position\":2,\"name\":\"Z\u00e1sady ochrany osobn\u00edch \u00fadaj\u016f\"}]},{\"@type\":\"WebSite\",\"@id\":\"https:\/\/grupazejler.danielzejler.pl\/#website\",\"url\":\"https:\/\/grupazejler.danielzejler.pl\/\",\"name\":\"Grupa Zejler\",\"description\":\"\",\"publisher\":{\"@id\":\"https:\/\/grupazejler.danielzejler.pl\/#organization\"},\"potentialAction\":[{\"@type\":\"SearchAction\",\"target\":{\"@type\":\"EntryPoint\",\"urlTemplate\":\"https:\/\/grupazejler.danielzejler.pl\/?s={search_term_string}\"},\"query-input\":{\"@type\":\"PropertyValueSpecification\",\"valueRequired\":true,\"valueName\":\"search_term_string\"}}],\"inLanguage\":\"cs\"},{\"@type\":\"Organization\",\"@id\":\"https:\/\/grupazejler.danielzejler.pl\/#organization\",\"name\":\"Grupa Zejler\",\"url\":\"https:\/\/grupazejler.danielzejler.pl\/\",\"logo\":{\"@type\":\"ImageObject\",\"inLanguage\":\"cs\",\"@id\":\"https:\/\/grupazejler.danielzejler.pl\/#\/schema\/logo\/image\/\",\"url\":\"https:\/\/grupazejler.danielzejler.pl\/wp-content\/uploads\/2023\/11\/cropped-logo.png\",\"contentUrl\":\"https:\/\/grupazejler.danielzejler.pl\/wp-content\/uploads\/2023\/11\/cropped-logo.png\",\"width\":210,\"height\":53,\"caption\":\"Grupa Zejler\"},\"image\":{\"@id\":\"https:\/\/grupazejler.danielzejler.pl\/#\/schema\/logo\/image\/\"}}]}<\/script>\n<!-- \/ Yoast SEO plugin. -->","yoast_head_json":{"title":"Z\u00e1sady ochrany osobn\u00edch \u00fadaj\u016f - Grupa Zejler","robots":{"index":"noindex","follow":"follow","max-snippet":"max-snippet:-1","max-image-preview":"max-image-preview:large","max-video-preview":"max-video-preview:-1"},"og_locale":"cs_CZ","og_type":"article","og_title":"Z\u00e1sady ochrany osobn\u00edch \u00fadaj\u016f - Grupa Zejler","og_description":"Z\u00c1SADY OCHRANY OSOBN\u00cdCH \u00daDAJ\u016e V INTERNETOV\u00c9M OBCHOD\u011a WWW.GRUPAAZEJLER.PL \u00a7 1 OBECN\u00c1 USTANOVEN\u00cd \u00a7 2 TYP ZPRACOV\u00c1VAN\u00ddCH OSOBN\u00cdCH \u00daDAJ\u016e, \u00da\u010cEL A ROZSAH SHROMA\u017d\u010eOV\u00c1N\u00cd \u00daDAJ\u016e \u00a7 3 SD\u00cdLEN\u00cd OSOBN\u00cdCH \u00daDAJ\u016e \u00a7 4 PR\u00c1VO NA KONTROLU, P\u0158\u00cdSTUP A OPRAVU VLASTN\u00cdCH \u00daDAJ\u016e. \u00a7 5 COOKIES \u00a7 6 Z\u00c1V\u011aRE\u010cN\u00c1 USTANOVEN\u00cd","og_url":"https:\/\/grupazejler.danielzejler.pl\/cs\/zasady-ochrany-osobnich-udaju\/","og_site_name":"Grupa Zejler","article_modified_time":"2024-05-10T15:54:45+00:00","twitter_card":"summary_large_image","twitter_misc":{"Odhadovan\u00e1 doba \u010dten\u00ed":"9 minut"},"schema":{"@context":"https:\/\/schema.org","@graph":[{"@type":"WebPage","@id":"https:\/\/grupazejler.danielzejler.pl\/cs\/zasady-ochrany-osobnich-udaju\/","url":"https:\/\/grupazejler.danielzejler.pl\/cs\/zasady-ochrany-osobnich-udaju\/","name":"Z\u00e1sady ochrany osobn\u00edch \u00fadaj\u016f - Grupa Zejler","isPartOf":{"@id":"https:\/\/grupazejler.danielzejler.pl\/#website"},"datePublished":"2023-11-20T17:26:14+00:00","dateModified":"2024-05-10T15:54:45+00:00","breadcrumb":{"@id":"https:\/\/grupazejler.danielzejler.pl\/cs\/zasady-ochrany-osobnich-udaju\/#breadcrumb"},"inLanguage":"cs","potentialAction":[{"@type":"ReadAction","target":["https:\/\/grupazejler.danielzejler.pl\/cs\/zasady-ochrany-osobnich-udaju\/"]}]},{"@type":"BreadcrumbList","@id":"https:\/\/grupazejler.danielzejler.pl\/cs\/zasady-ochrany-osobnich-udaju\/#breadcrumb","itemListElement":[{"@type":"ListItem","position":1,"name":"Strona g\u0142\u00f3wna","item":"https:\/\/grupazejler.danielzejler.pl\/cs\/"},{"@type":"ListItem","position":2,"name":"Z\u00e1sady ochrany osobn\u00edch \u00fadaj\u016f"}]},{"@type":"WebSite","@id":"https:\/\/grupazejler.danielzejler.pl\/#website","url":"https:\/\/grupazejler.danielzejler.pl\/","name":"Grupa Zejler","description":"","publisher":{"@id":"https:\/\/grupazejler.danielzejler.pl\/#organization"},"potentialAction":[{"@type":"SearchAction","target":{"@type":"EntryPoint","urlTemplate":"https:\/\/grupazejler.danielzejler.pl\/?s={search_term_string}"},"query-input":{"@type":"PropertyValueSpecification","valueRequired":true,"valueName":"search_term_string"}}],"inLanguage":"cs"},{"@type":"Organization","@id":"https:\/\/grupazejler.danielzejler.pl\/#organization","name":"Grupa Zejler","url":"https:\/\/grupazejler.danielzejler.pl\/","logo":{"@type":"ImageObject","inLanguage":"cs","@id":"https:\/\/grupazejler.danielzejler.pl\/#\/schema\/logo\/image\/","url":"https:\/\/grupazejler.danielzejler.pl\/wp-content\/uploads\/2023\/11\/cropped-logo.png","contentUrl":"https:\/\/grupazejler.danielzejler.pl\/wp-content\/uploads\/2023\/11\/cropped-logo.png","width":210,"height":53,"caption":"Grupa Zejler"},"image":{"@id":"https:\/\/grupazejler.danielzejler.pl\/#\/schema\/logo\/image\/"}}]}},"_links":{"self":[{"href":"https:\/\/grupazejler.danielzejler.pl\/cs\/wp-json\/wp\/v2\/pages\/3873","targetHints":{"allow":["GET"]}}],"collection":[{"href":"https:\/\/grupazejler.danielzejler.pl\/cs\/wp-json\/wp\/v2\/pages"}],"about":[{"href":"https:\/\/grupazejler.danielzejler.pl\/cs\/wp-json\/wp\/v2\/types\/page"}],"author":[{"embeddable":true,"href":"https:\/\/grupazejler.danielzejler.pl\/cs\/wp-json\/wp\/v2\/users\/1"}],"replies":[{"embeddable":true,"href":"https:\/\/grupazejler.danielzejler.pl\/cs\/wp-json\/wp\/v2\/comments?post=3873"}],"version-history":[{"count":3,"href":"https:\/\/grupazejler.danielzejler.pl\/cs\/wp-json\/wp\/v2\/pages\/3873\/revisions"}],"predecessor-version":[{"id":3876,"href":"https:\/\/grupazejler.danielzejler.pl\/cs\/wp-json\/wp\/v2\/pages\/3873\/revisions\/3876"}],"wp:attachment":[{"href":"https:\/\/grupazejler.danielzejler.pl\/cs\/wp-json\/wp\/v2\/media?parent=3873"}],"curies":[{"name":"wp","href":"https:\/\/api.w.org\/{rel}","templated":true}]}}