{"id":3908,"date":"2023-12-06T21:22:29","date_gmt":"2023-12-06T20:22:29","guid":{"rendered":"https:\/\/grupazejler.danielzejler.pl\/produkt\/tepelne-cerpadlo-suntide-ne-f90hcr4inemio-9-kw\/"},"modified":"2024-05-13T18:31:45","modified_gmt":"2024-05-13T16:31:45","slug":"tepelne-cerpadlo-suntide-ne-f90hcr4inemio-9-kw","status":"publish","type":"product","link":"https:\/\/grupazejler.danielzejler.pl\/cs\/produkt\/tepelne-cerpadlo-suntide-ne-f90hcr4inemio-9-kw\/","title":{"rendered":"Tepeln\u00e9 \u010derpadlo SUNTIDE NE-F90HCR4INEMIO 9 kw"},"content":{"rendered":"<h3>Specifikace<\/h3>\n<p>&nbsp;<\/p>\n<table class=\"mceItemTable table table-bordered\" cellspacing=\"0\" cellpadding=\"0\">\n<tbody>\n<tr class=\"firstRow\">\n<td colspan=\"2\"><strong>Technick\u00e9 parametry:<\/strong><\/td>\n<td><\/td>\n<td><\/td>\n<\/tr>\n<tr>\n<td colspan=\"2\">Nap\u00e1jen\u00ed<\/td>\n<td>V<\/td>\n<td>220-240\/1N\/ 50Hz<\/td>\n<\/tr>\n<tr>\n<td colspan=\"2\">Okoln\u00ed teplota<\/td>\n<td>\u00b0C<\/td>\n<td>-25 \/ +43<\/td>\n<\/tr>\n<tr>\n<td colspan=\"2\">V\u00fdkon elektrick\u00e9ho oh\u0159\u00edva\u010de<\/td>\n<td>kW<\/td>\n<td>3<\/td>\n<\/tr>\n<tr>\n<td colspan=\"2\">Max. p\u0159\u00edkon<\/td>\n<td>kW<\/td>\n<td>7<\/td>\n<\/tr>\n<tr>\n<td colspan=\"2\">Kompresor<\/td>\n<td><\/td>\n<td>Mitsubishi<\/td>\n<\/tr>\n<tr>\n<td colspan=\"2\">Max. teplota v\u00fdstupn\u00ed vody<\/td>\n<td>  \u00b0C<\/td>\n<td>  60<\/td>\n<\/tr>\n<tr>\n<td colspan=\"2\">Jmenovit\u00fd pr\u016ftok vody<\/td>\n<td>m3\/h<\/td>\n<td>1,55<\/td>\n<\/tr>\n<tr>\n<td colspan=\"2\">Expanzn\u00ed n\u00e1dr\u017e<\/td>\n<td>L<\/td>\n<td>8<\/td>\n<\/tr>\n<tr>\n<td colspan=\"2\">ErP<\/td>\n<td>\u00b0C<\/td>\n<td>35\u00b0C A+++<\/td>\n<\/tr>\n<tr>\n<td colspan=\"2\">ErP<\/td>\n<td>\u00b0C<\/td>\n<td>55\u00b0C A++<\/td>\n<\/tr>\n<tr>\n<td colspan=\"2\">Hlu\u010dnost vnit\u0159n\u00ed jednotky ve vzd\u00e1lenosti 1 m<\/td>\n<td>dB(A)<\/td>\n<td>34<\/td>\n<\/tr>\n<tr>\n<td colspan=\"2\">Hlu\u010dnost venkovn\u00ed jednotky ve vzd\u00e1lenosti 1 m<\/td>\n<td>dB(A)<\/td>\n<td>43-55<\/td>\n<\/tr>\n<tr>\n<td colspan=\"2\">Chladivo<\/td>\n<td><\/td>\n<td>R32<\/td>\n<\/tr>\n<tr>\n<td colspan=\"2\">T\u0159\u00edda odolnosti proti vod\u011b<\/td>\n<td><\/td>\n<td>IPX4<\/td>\n<\/tr>\n<tr>\n<td colspan=\"2\">Rozm\u011bry vnit\u0159n\u00ed jednotky<\/td>\n<td>mm<\/td>\n<td>736 x 450 x 285<\/td>\n<\/tr>\n<tr>\n<td colspan=\"2\">Rozm\u011bry venkovn\u00ed jednotky<\/td>\n<td>mm<\/td>\n<td>977 x 400 x 928<\/td>\n<\/tr>\n<tr>\n<td colspan=\"2\">Provozn\u00ed parametry pro oh\u0159ev p\u0159i teplot\u011b vody (vstup\/v\u00fdstup): 30\u00b0C\/35\u00b0C<\/td>\n<td><\/td>\n<td>&nbsp;<\/p>\n<p>Topn\u00fd v\u00fdkon: 4,52 ~ 9,02 kW<\/p>\n<p>P\u0159\u00edkon: 0,93 ~ 1,93 kW<\/p>\n<p>COP (koeficient v\u00fdkonu): 4,84~4,67<\/p>\n<p>&nbsp;<\/td>\n<\/tr>\n<tr>\n<td colspan=\"2\">&nbsp;<\/p>\n<p>Provozn\u00ed parametry chlazen\u00ed p\u0159i teplot\u011b vody (vstup\/v\u00fdstup): 12\u00b0C\/7\u00b0C<\/td>\n<td><\/td>\n<td>&nbsp;<\/p>\n<p>Chladic\u00ed v\u00fdkon: 2,80~7,60 kW<\/p>\n<p>P\u0159\u00edkon: 1,16 ~ 2,33 kW<\/p>\n<p>EER (energetick\u00e1 \u00fa\u010dinnost): 2,42~3,26 kW<\/p>\n<p>&nbsp;<\/td>\n<\/tr>\n<tr>\n<td colspan=\"2\">&nbsp;<\/p>\n<p>Provozn\u00ed parametry pro oh\u0159ev TUV od 15 \u00b0C do 55 \u00b0C<\/td>\n<td><\/td>\n<td>&nbsp;<\/p>\n<p>Topn\u00fd v\u00fdkon: 11,04 kW<\/p>\n<p>P\u0159\u00edkon: 2,43 kW<\/p>\n<p>COP (koeficient v\u00fdkonu): 4,33<\/p>\n<p>&nbsp;<\/td>\n<\/tr>\n<\/tbody>\n<\/table>\n","protected":false},"excerpt":{"rendered":"<p><strong>SERVIS V\u00ddROBCE \/ SPOLEHLIV\u00c1 5LET\u00c1 Z\u00c1RUKA \/ SERVIS PO CEL\u00c9M POLSKU<\/strong><\/p>\n<p>Mo\u017en\u00e9 shrom\u00e1\u017ed\u011bn\u00ed &#8211; KR\u00c1TKODOB\u00c9 (Slezsk\u00e9 vojvodstv\u00ed, Opolsk\u00e9 vojvodstv\u00ed, Malopolsk\u00e9 vojvodstv\u00ed)<\/p>\n<p>Tepeln\u00e9 \u010derpadlo <strong>Suntide<\/strong> \u0159ady <strong>R32 <\/strong>vzduch-voda SPLIT od v\u00fdrobce <strong>NEWNTIDE<\/strong> se skl\u00e1d\u00e1 ze dvou samostatn\u00fdch jednotek. Venkovn\u00ed jednotka odeb\u00edr\u00e1 tepelnou energii ze vzduchu prost\u0159ednictv\u00edm v\u00fdparn\u00edku. K tomu se pou\u017e\u00edv\u00e1 chladivo, kter\u00e9 je m\u00e9diem pro p\u0159enos tepla. Po zah\u0159\u00e1t\u00ed energi\u00ed z okoln\u00edho prost\u0159ed\u00ed se chladivo vypa\u0159\u00ed a vznikl\u00e1 p\u00e1ra se stla\u010d\u00ed, \u010d\u00edm\u017e se zv\u00fd\u0161\u00ed teplota pot\u0159ebn\u00e1 pro vyt\u00e1p\u011bn\u00ed. Teplo se p\u0159en\u00e1\u0161\u00ed do vnit\u0159n\u00ed jednotky a odtud se p\u0159es kondenz\u00e1tor vrac\u00ed do topn\u00e9 s\u00edt\u011b. Vnit\u0159n\u00ed jednotka tepeln\u00e9ho \u010derpadla m\u016f\u017ee b\u00fdt instalov\u00e1na ve sklep\u011b nebo v technick\u00e9 m\u00edstnosti domu. Venkovn\u00ed jednotku lze namontovat na st\u011bnu budovy nebo um\u00edstit na zem. Tepeln\u00e9 \u010derpadlo SPLIT umo\u017e\u0148uje u\u017eivatel\u016fm vyu\u017e\u00edvat n\u011bkolik re\u017eim\u016f: vyt\u00e1p\u011bn\u00ed, chlazen\u00ed, automatick\u00fd re\u017eim, tepl\u00e1 voda, tepl\u00e1 voda + automatick\u00fd re\u017eim, vyt\u00e1p\u011bn\u00ed + tepl\u00e1 voda, chlazen\u00ed + tepl\u00e1 voda (7 re\u017eim\u016f). Mo\u017enost ovl\u00e1d\u00e1n\u00ed elektrick\u00e9ho oh\u0159\u00edva\u010de v n\u00e1dr\u017ei na vodu. Tepeln\u00e9 \u010derpadlo pou\u017e\u00edv\u00e1 inteligentn\u00ed kabelov\u00fd <strong>regul\u00e1tor<\/strong> s barevn\u00fdm displejem pro pohodln\u00e9 ovl\u00e1d\u00e1n\u00ed. Vestav\u011bn\u00e9 funkce<strong> IoT<\/strong>. Kompresor <strong>Mitsubishi <\/strong>zabudovan\u00fd ve venkovn\u00ed jednotce. Z\u00e1ruka 5 let (hlavn\u00ed d\u00edly) \/ 3 roky (ostatn\u00ed d\u00edly).<\/p>\n","protected":false},"featured_media":2394,"template":"","meta":{"_acf_changed":false,"_kadence_starter_templates_imported_post":false,"_kad_post_transparent":"","_kad_post_title":"","_kad_post_layout":"","_kad_post_sidebar_id":"","_kad_post_content_style":"","_kad_post_vertical_padding":"","_kad_post_feature":"","_kad_post_feature_position":"","_kad_post_header":false,"_kad_post_footer":false},"producent":[44],"product_brand":[],"product_cat":[160,154],"product_tag":[],"class_list":{"0":"post-3908","1":"product","2":"type-product","3":"status-publish","4":"has-post-thumbnail","6":"producent-new-energy-newntide","7":"product_cat-splitova-tepelna-cerpadla","8":"product_cat-tepelna-cerpadla","10":"first","11":"onbackorder","12":"shipping-taxable","13":"purchasable","14":"product-type-simple","15":"entry","16":"content-bg","17":"loop-entry"},"acf":[],"yoast_head":"<!-- This site is optimized with the Yoast SEO plugin v26.0 - https:\/\/yoast.com\/wordpress\/plugins\/seo\/ -->\n<title>SPLIT suntide tepeln\u00e9 \u010derpadlo vzduch-voda ne-f90hcr4inemio 9 kw - Grupa Zejler<\/title>\n<meta name=\"robots\" content=\"noindex, follow, max-snippet:-1, max-image-preview:large, max-video-preview:-1\" \/>\n<meta property=\"og:locale\" content=\"cs_CZ\" \/>\n<meta property=\"og:type\" content=\"article\" \/>\n<meta property=\"og:title\" content=\"SPLIT suntide tepeln\u00e9 \u010derpadlo vzduch-voda ne-f90hcr4inemio 9 kw - Grupa Zejler\" \/>\n<meta property=\"og:description\" content=\"SERVIS V\u00ddROBCE \/ SPOLEHLIV\u00c1 5LET\u00c1 Z\u00c1RUKA \/ SERVIS PO CEL\u00c9M POLSKU Mo\u017en\u00e9 shrom\u00e1\u017ed\u011bn\u00ed - KR\u00c1TKODOB\u00c9 (Slezsk\u00e9 vojvodstv\u00ed, Opolsk\u00e9 vojvodstv\u00ed, Malopolsk\u00e9 vojvodstv\u00ed) Tepeln\u00e9 \u010derpadlo Suntide \u0159ady R32 vzduch-voda SPLIT od v\u00fdrobce NEWNTIDE se skl\u00e1d\u00e1 ze dvou samostatn\u00fdch jednotek. Venkovn\u00ed jednotka odeb\u00edr\u00e1 tepelnou energii ze vzduchu prost\u0159ednictv\u00edm v\u00fdparn\u00edku. K tomu se pou\u017e\u00edv\u00e1 chladivo, kter\u00e9 je m\u00e9diem pro p\u0159enos tepla. Po zah\u0159\u00e1t\u00ed energi\u00ed z okoln\u00edho prost\u0159ed\u00ed se chladivo vypa\u0159\u00ed a vznikl\u00e1 p\u00e1ra se stla\u010d\u00ed, \u010d\u00edm\u017e se zv\u00fd\u0161\u00ed teplota pot\u0159ebn\u00e1 pro vyt\u00e1p\u011bn\u00ed. Teplo se p\u0159en\u00e1\u0161\u00ed do vnit\u0159n\u00ed jednotky a odtud se p\u0159es kondenz\u00e1tor vrac\u00ed do topn\u00e9 s\u00edt\u011b. Vnit\u0159n\u00ed jednotka tepeln\u00e9ho \u010derpadla m\u016f\u017ee b\u00fdt instalov\u00e1na ve sklep\u011b nebo v technick\u00e9 m\u00edstnosti domu. Venkovn\u00ed jednotku lze namontovat na st\u011bnu budovy nebo um\u00edstit na zem. Tepeln\u00e9 \u010derpadlo SPLIT umo\u017e\u0148uje u\u017eivatel\u016fm vyu\u017e\u00edvat n\u011bkolik re\u017eim\u016f: vyt\u00e1p\u011bn\u00ed, chlazen\u00ed, automatick\u00fd re\u017eim, tepl\u00e1 voda, tepl\u00e1 voda + automatick\u00fd re\u017eim, vyt\u00e1p\u011bn\u00ed + tepl\u00e1 voda, chlazen\u00ed + tepl\u00e1 voda (7 re\u017eim\u016f). Mo\u017enost ovl\u00e1d\u00e1n\u00ed elektrick\u00e9ho oh\u0159\u00edva\u010de v n\u00e1dr\u017ei na vodu. Tepeln\u00e9 \u010derpadlo pou\u017e\u00edv\u00e1 inteligentn\u00ed kabelov\u00fd regul\u00e1tor s barevn\u00fdm displejem pro pohodln\u00e9 ovl\u00e1d\u00e1n\u00ed. Vestav\u011bn\u00e9 funkce IoT. Kompresor Mitsubishi zabudovan\u00fd ve venkovn\u00ed jednotce. Z\u00e1ruka 5 let (hlavn\u00ed d\u00edly) \/ 3 roky (ostatn\u00ed d\u00edly).\" \/>\n<meta property=\"og:url\" content=\"https:\/\/grupazejler.danielzejler.pl\/cs\/produkt\/tepelne-cerpadlo-suntide-ne-f90hcr4inemio-9-kw\/\" \/>\n<meta property=\"og:site_name\" content=\"Grupa Zejler\" \/>\n<meta property=\"article:modified_time\" content=\"2024-05-13T16:31:45+00:00\" \/>\n<meta property=\"og:image\" content=\"https:\/\/grupazejler.danielzejler.pl\/wp-content\/uploads\/2023\/12\/POMPA-CIEPLA-SUNTIDE-NE-F90HCR4INEMIO-.jpeg\" \/>\n\t<meta property=\"og:image:width\" content=\"894\" \/>\n\t<meta property=\"og:image:height\" content=\"772\" \/>\n\t<meta property=\"og:image:type\" content=\"image\/jpeg\" \/>\n<meta name=\"twitter:card\" content=\"summary_large_image\" \/>\n<meta name=\"twitter:label1\" content=\"Odhadovan\u00e1 doba \u010dten\u00ed\" \/>\n\t<meta name=\"twitter:data1\" content=\"1 minuta\" \/>\n<script type=\"application\/ld+json\" class=\"yoast-schema-graph\">{\"@context\":\"https:\/\/schema.org\",\"@graph\":[{\"@type\":\"WebPage\",\"@id\":\"https:\/\/grupazejler.danielzejler.pl\/cs\/produkt\/tepelne-cerpadlo-suntide-ne-f90hcr4inemio-9-kw\/\",\"url\":\"https:\/\/grupazejler.danielzejler.pl\/cs\/produkt\/tepelne-cerpadlo-suntide-ne-f90hcr4inemio-9-kw\/\",\"name\":\"SPLIT suntide tepeln\u00e9 \u010derpadlo vzduch-voda ne-f90hcr4inemio 9 kw - Grupa Zejler\",\"isPartOf\":{\"@id\":\"https:\/\/grupazejler.danielzejler.pl\/#website\"},\"primaryImageOfPage\":{\"@id\":\"https:\/\/grupazejler.danielzejler.pl\/cs\/produkt\/tepelne-cerpadlo-suntide-ne-f90hcr4inemio-9-kw\/#primaryimage\"},\"image\":{\"@id\":\"https:\/\/grupazejler.danielzejler.pl\/cs\/produkt\/tepelne-cerpadlo-suntide-ne-f90hcr4inemio-9-kw\/#primaryimage\"},\"thumbnailUrl\":\"https:\/\/grupazejler.danielzejler.pl\/wp-content\/uploads\/2023\/12\/POMPA-CIEPLA-SUNTIDE-NE-F90HCR4INEMIO-.jpeg\",\"datePublished\":\"2023-12-06T20:22:29+00:00\",\"dateModified\":\"2024-05-13T16:31:45+00:00\",\"breadcrumb\":{\"@id\":\"https:\/\/grupazejler.danielzejler.pl\/cs\/produkt\/tepelne-cerpadlo-suntide-ne-f90hcr4inemio-9-kw\/#breadcrumb\"},\"inLanguage\":\"cs\",\"potentialAction\":[{\"@type\":\"ReadAction\",\"target\":[\"https:\/\/grupazejler.danielzejler.pl\/cs\/produkt\/tepelne-cerpadlo-suntide-ne-f90hcr4inemio-9-kw\/\"]}]},{\"@type\":\"ImageObject\",\"inLanguage\":\"cs\",\"@id\":\"https:\/\/grupazejler.danielzejler.pl\/cs\/produkt\/tepelne-cerpadlo-suntide-ne-f90hcr4inemio-9-kw\/#primaryimage\",\"url\":\"https:\/\/grupazejler.danielzejler.pl\/wp-content\/uploads\/2023\/12\/POMPA-CIEPLA-SUNTIDE-NE-F90HCR4INEMIO-.jpeg\",\"contentUrl\":\"https:\/\/grupazejler.danielzejler.pl\/wp-content\/uploads\/2023\/12\/POMPA-CIEPLA-SUNTIDE-NE-F90HCR4INEMIO-.jpeg\",\"width\":894,\"height\":772,\"caption\":\"Tepeln\u00e9 \u010derpadlo suntide ne-f90hcr4inemio 9 kw\"},{\"@type\":\"BreadcrumbList\",\"@id\":\"https:\/\/grupazejler.danielzejler.pl\/cs\/produkt\/tepelne-cerpadlo-suntide-ne-f90hcr4inemio-9-kw\/#breadcrumb\",\"itemListElement\":[{\"@type\":\"ListItem\",\"position\":1,\"name\":\"Strona g\u0142\u00f3wna\",\"item\":\"https:\/\/grupazejler.danielzejler.pl\/cs\/\"},{\"@type\":\"ListItem\",\"position\":2,\"name\":\"Sklep\",\"item\":\"https:\/\/grupazejler.danielzejler.pl\/sklep\/\"},{\"@type\":\"ListItem\",\"position\":3,\"name\":\"Pompy ciep\u0142a\",\"item\":\"https:\/\/grupazejler.danielzejler.pl\/kategoria-produktu\/pompy-ciepla\/\"},{\"@type\":\"ListItem\",\"position\":4,\"name\":\"Pompy ciep\u0142a typu split\",\"item\":\"https:\/\/grupazejler.danielzejler.pl\/kategoria-produktu\/pompy-ciepla\/pompy-ciepla-typu-split\/\"},{\"@type\":\"ListItem\",\"position\":5,\"name\":\"Tepeln\u00e9 \u010derpadlo SUNTIDE NE-F90HCR4INEMIO 9 kw\"}]},{\"@type\":\"WebSite\",\"@id\":\"https:\/\/grupazejler.danielzejler.pl\/#website\",\"url\":\"https:\/\/grupazejler.danielzejler.pl\/\",\"name\":\"Grupa Zejler\",\"description\":\"\",\"publisher\":{\"@id\":\"https:\/\/grupazejler.danielzejler.pl\/#organization\"},\"potentialAction\":[{\"@type\":\"SearchAction\",\"target\":{\"@type\":\"EntryPoint\",\"urlTemplate\":\"https:\/\/grupazejler.danielzejler.pl\/?s={search_term_string}\"},\"query-input\":{\"@type\":\"PropertyValueSpecification\",\"valueRequired\":true,\"valueName\":\"search_term_string\"}}],\"inLanguage\":\"cs\"},{\"@type\":\"Organization\",\"@id\":\"https:\/\/grupazejler.danielzejler.pl\/#organization\",\"name\":\"Grupa Zejler\",\"url\":\"https:\/\/grupazejler.danielzejler.pl\/\",\"logo\":{\"@type\":\"ImageObject\",\"inLanguage\":\"cs\",\"@id\":\"https:\/\/grupazejler.danielzejler.pl\/#\/schema\/logo\/image\/\",\"url\":\"https:\/\/grupazejler.danielzejler.pl\/wp-content\/uploads\/2023\/11\/cropped-logo.png\",\"contentUrl\":\"https:\/\/grupazejler.danielzejler.pl\/wp-content\/uploads\/2023\/11\/cropped-logo.png\",\"width\":210,\"height\":53,\"caption\":\"Grupa Zejler\"},\"image\":{\"@id\":\"https:\/\/grupazejler.danielzejler.pl\/#\/schema\/logo\/image\/\"}}]}<\/script>\n<!-- \/ Yoast SEO plugin. -->","yoast_head_json":{"title":"SPLIT suntide tepeln\u00e9 \u010derpadlo vzduch-voda ne-f90hcr4inemio 9 kw - Grupa Zejler","robots":{"index":"noindex","follow":"follow","max-snippet":"max-snippet:-1","max-image-preview":"max-image-preview:large","max-video-preview":"max-video-preview:-1"},"og_locale":"cs_CZ","og_type":"article","og_title":"SPLIT suntide tepeln\u00e9 \u010derpadlo vzduch-voda ne-f90hcr4inemio 9 kw - Grupa Zejler","og_description":"SERVIS V\u00ddROBCE \/ SPOLEHLIV\u00c1 5LET\u00c1 Z\u00c1RUKA \/ SERVIS PO CEL\u00c9M POLSKU Mo\u017en\u00e9 shrom\u00e1\u017ed\u011bn\u00ed - KR\u00c1TKODOB\u00c9 (Slezsk\u00e9 vojvodstv\u00ed, Opolsk\u00e9 vojvodstv\u00ed, Malopolsk\u00e9 vojvodstv\u00ed) Tepeln\u00e9 \u010derpadlo Suntide \u0159ady R32 vzduch-voda SPLIT od v\u00fdrobce NEWNTIDE se skl\u00e1d\u00e1 ze dvou samostatn\u00fdch jednotek. Venkovn\u00ed jednotka odeb\u00edr\u00e1 tepelnou energii ze vzduchu prost\u0159ednictv\u00edm v\u00fdparn\u00edku. K tomu se pou\u017e\u00edv\u00e1 chladivo, kter\u00e9 je m\u00e9diem pro p\u0159enos tepla. Po zah\u0159\u00e1t\u00ed energi\u00ed z okoln\u00edho prost\u0159ed\u00ed se chladivo vypa\u0159\u00ed a vznikl\u00e1 p\u00e1ra se stla\u010d\u00ed, \u010d\u00edm\u017e se zv\u00fd\u0161\u00ed teplota pot\u0159ebn\u00e1 pro vyt\u00e1p\u011bn\u00ed. Teplo se p\u0159en\u00e1\u0161\u00ed do vnit\u0159n\u00ed jednotky a odtud se p\u0159es kondenz\u00e1tor vrac\u00ed do topn\u00e9 s\u00edt\u011b. Vnit\u0159n\u00ed jednotka tepeln\u00e9ho \u010derpadla m\u016f\u017ee b\u00fdt instalov\u00e1na ve sklep\u011b nebo v technick\u00e9 m\u00edstnosti domu. Venkovn\u00ed jednotku lze namontovat na st\u011bnu budovy nebo um\u00edstit na zem. Tepeln\u00e9 \u010derpadlo SPLIT umo\u017e\u0148uje u\u017eivatel\u016fm vyu\u017e\u00edvat n\u011bkolik re\u017eim\u016f: vyt\u00e1p\u011bn\u00ed, chlazen\u00ed, automatick\u00fd re\u017eim, tepl\u00e1 voda, tepl\u00e1 voda + automatick\u00fd re\u017eim, vyt\u00e1p\u011bn\u00ed + tepl\u00e1 voda, chlazen\u00ed + tepl\u00e1 voda (7 re\u017eim\u016f). Mo\u017enost ovl\u00e1d\u00e1n\u00ed elektrick\u00e9ho oh\u0159\u00edva\u010de v n\u00e1dr\u017ei na vodu. Tepeln\u00e9 \u010derpadlo pou\u017e\u00edv\u00e1 inteligentn\u00ed kabelov\u00fd regul\u00e1tor s barevn\u00fdm displejem pro pohodln\u00e9 ovl\u00e1d\u00e1n\u00ed. Vestav\u011bn\u00e9 funkce IoT. Kompresor Mitsubishi zabudovan\u00fd ve venkovn\u00ed jednotce. Z\u00e1ruka 5 let (hlavn\u00ed d\u00edly) \/ 3 roky (ostatn\u00ed d\u00edly).","og_url":"https:\/\/grupazejler.danielzejler.pl\/cs\/produkt\/tepelne-cerpadlo-suntide-ne-f90hcr4inemio-9-kw\/","og_site_name":"Grupa Zejler","article_modified_time":"2024-05-13T16:31:45+00:00","og_image":[{"width":894,"height":772,"url":"https:\/\/grupazejler.danielzejler.pl\/wp-content\/uploads\/2023\/12\/POMPA-CIEPLA-SUNTIDE-NE-F90HCR4INEMIO-.jpeg","type":"image\/jpeg"}],"twitter_card":"summary_large_image","twitter_misc":{"Odhadovan\u00e1 doba \u010dten\u00ed":"1 minuta"},"schema":{"@context":"https:\/\/schema.org","@graph":[{"@type":"WebPage","@id":"https:\/\/grupazejler.danielzejler.pl\/cs\/produkt\/tepelne-cerpadlo-suntide-ne-f90hcr4inemio-9-kw\/","url":"https:\/\/grupazejler.danielzejler.pl\/cs\/produkt\/tepelne-cerpadlo-suntide-ne-f90hcr4inemio-9-kw\/","name":"SPLIT suntide tepeln\u00e9 \u010derpadlo vzduch-voda ne-f90hcr4inemio 9 kw - Grupa Zejler","isPartOf":{"@id":"https:\/\/grupazejler.danielzejler.pl\/#website"},"primaryImageOfPage":{"@id":"https:\/\/grupazejler.danielzejler.pl\/cs\/produkt\/tepelne-cerpadlo-suntide-ne-f90hcr4inemio-9-kw\/#primaryimage"},"image":{"@id":"https:\/\/grupazejler.danielzejler.pl\/cs\/produkt\/tepelne-cerpadlo-suntide-ne-f90hcr4inemio-9-kw\/#primaryimage"},"thumbnailUrl":"https:\/\/grupazejler.danielzejler.pl\/wp-content\/uploads\/2023\/12\/POMPA-CIEPLA-SUNTIDE-NE-F90HCR4INEMIO-.jpeg","datePublished":"2023-12-06T20:22:29+00:00","dateModified":"2024-05-13T16:31:45+00:00","breadcrumb":{"@id":"https:\/\/grupazejler.danielzejler.pl\/cs\/produkt\/tepelne-cerpadlo-suntide-ne-f90hcr4inemio-9-kw\/#breadcrumb"},"inLanguage":"cs","potentialAction":[{"@type":"ReadAction","target":["https:\/\/grupazejler.danielzejler.pl\/cs\/produkt\/tepelne-cerpadlo-suntide-ne-f90hcr4inemio-9-kw\/"]}]},{"@type":"ImageObject","inLanguage":"cs","@id":"https:\/\/grupazejler.danielzejler.pl\/cs\/produkt\/tepelne-cerpadlo-suntide-ne-f90hcr4inemio-9-kw\/#primaryimage","url":"https:\/\/grupazejler.danielzejler.pl\/wp-content\/uploads\/2023\/12\/POMPA-CIEPLA-SUNTIDE-NE-F90HCR4INEMIO-.jpeg","contentUrl":"https:\/\/grupazejler.danielzejler.pl\/wp-content\/uploads\/2023\/12\/POMPA-CIEPLA-SUNTIDE-NE-F90HCR4INEMIO-.jpeg","width":894,"height":772,"caption":"Tepeln\u00e9 \u010derpadlo suntide ne-f90hcr4inemio 9 kw"},{"@type":"BreadcrumbList","@id":"https:\/\/grupazejler.danielzejler.pl\/cs\/produkt\/tepelne-cerpadlo-suntide-ne-f90hcr4inemio-9-kw\/#breadcrumb","itemListElement":[{"@type":"ListItem","position":1,"name":"Strona g\u0142\u00f3wna","item":"https:\/\/grupazejler.danielzejler.pl\/cs\/"},{"@type":"ListItem","position":2,"name":"Sklep","item":"https:\/\/grupazejler.danielzejler.pl\/sklep\/"},{"@type":"ListItem","position":3,"name":"Pompy ciep\u0142a","item":"https:\/\/grupazejler.danielzejler.pl\/kategoria-produktu\/pompy-ciepla\/"},{"@type":"ListItem","position":4,"name":"Pompy ciep\u0142a typu split","item":"https:\/\/grupazejler.danielzejler.pl\/kategoria-produktu\/pompy-ciepla\/pompy-ciepla-typu-split\/"},{"@type":"ListItem","position":5,"name":"Tepeln\u00e9 \u010derpadlo SUNTIDE NE-F90HCR4INEMIO 9 kw"}]},{"@type":"WebSite","@id":"https:\/\/grupazejler.danielzejler.pl\/#website","url":"https:\/\/grupazejler.danielzejler.pl\/","name":"Grupa Zejler","description":"","publisher":{"@id":"https:\/\/grupazejler.danielzejler.pl\/#organization"},"potentialAction":[{"@type":"SearchAction","target":{"@type":"EntryPoint","urlTemplate":"https:\/\/grupazejler.danielzejler.pl\/?s={search_term_string}"},"query-input":{"@type":"PropertyValueSpecification","valueRequired":true,"valueName":"search_term_string"}}],"inLanguage":"cs"},{"@type":"Organization","@id":"https:\/\/grupazejler.danielzejler.pl\/#organization","name":"Grupa Zejler","url":"https:\/\/grupazejler.danielzejler.pl\/","logo":{"@type":"ImageObject","inLanguage":"cs","@id":"https:\/\/grupazejler.danielzejler.pl\/#\/schema\/logo\/image\/","url":"https:\/\/grupazejler.danielzejler.pl\/wp-content\/uploads\/2023\/11\/cropped-logo.png","contentUrl":"https:\/\/grupazejler.danielzejler.pl\/wp-content\/uploads\/2023\/11\/cropped-logo.png","width":210,"height":53,"caption":"Grupa Zejler"},"image":{"@id":"https:\/\/grupazejler.danielzejler.pl\/#\/schema\/logo\/image\/"}}]}},"_links":{"self":[{"href":"https:\/\/grupazejler.danielzejler.pl\/cs\/wp-json\/wp\/v2\/product\/3908","targetHints":{"allow":["GET"]}}],"collection":[{"href":"https:\/\/grupazejler.danielzejler.pl\/cs\/wp-json\/wp\/v2\/product"}],"about":[{"href":"https:\/\/grupazejler.danielzejler.pl\/cs\/wp-json\/wp\/v2\/types\/product"}],"wp:featuredmedia":[{"embeddable":true,"href":"https:\/\/grupazejler.danielzejler.pl\/cs\/wp-json\/wp\/v2\/media\/2394"}],"wp:attachment":[{"href":"https:\/\/grupazejler.danielzejler.pl\/cs\/wp-json\/wp\/v2\/media?parent=3908"}],"wp:term":[{"taxonomy":"producent","embeddable":true,"href":"https:\/\/grupazejler.danielzejler.pl\/cs\/wp-json\/wp\/v2\/producent?post=3908"},{"taxonomy":"product_brand","embeddable":true,"href":"https:\/\/grupazejler.danielzejler.pl\/cs\/wp-json\/wp\/v2\/product_brand?post=3908"},{"taxonomy":"product_cat","embeddable":true,"href":"https:\/\/grupazejler.danielzejler.pl\/cs\/wp-json\/wp\/v2\/product_cat?post=3908"},{"taxonomy":"product_tag","embeddable":true,"href":"https:\/\/grupazejler.danielzejler.pl\/cs\/wp-json\/wp\/v2\/product_tag?post=3908"}],"curies":[{"name":"wp","href":"https:\/\/api.w.org\/{rel}","templated":true}]}}