{"id":3909,"date":"2024-04-23T09:17:24","date_gmt":"2024-04-23T07:17:24","guid":{"rendered":"https:\/\/grupazejler.danielzejler.pl\/produkt\/sada-tepelneho-cerpadla-19kw-r290-kombinovany-zasobnik-tuv-250l\/"},"modified":"2026-03-26T12:50:47","modified_gmt":"2026-03-26T11:50:47","slug":"sada-tepelneho-cerpadla-19kw-r290-kombinovany-zasobnik-tuv-250l","status":"publish","type":"product","link":"https:\/\/grupazejler.danielzejler.pl\/cs\/produkt\/sada-tepelneho-cerpadla-19kw-r290-kombinovany-zasobnik-tuv-250l\/","title":{"rendered":"Sada tepeln\u00e9ho \u010derpadla 19kw R290 + kombinovan\u00fd z\u00e1sobn\u00edk TUV 250l"},"content":{"rendered":"<h3>Specifikace tepeln\u00e9ho \u010derpadla na propan NL-FLM50-190II\/R290 19 KW Flamingo<\/h3>\n<table class=\"mceItemTable table table-bordered\" cellspacing=\"0\" cellpadding=\"0\">\n<tbody>\n<tr class=\"firstRow\">\n<td colspan=\"2\"><strong>Technick\u00e9 parametry:<\/strong><\/td>\n<td><\/td>\n<td><\/td>\n<\/tr>\n<tr>\n<td colspan=\"2\">Nap\u00e1jen\u00ed<\/td>\n<td>V<\/td>\n<td>380-415\/3N-\/50Hz<\/td>\n<\/tr>\n<tr>\n<td colspan=\"2\">Okoln\u00ed teplota<\/td>\n<td>\u00b0C<\/td>\n<td>-25 \/ +43<\/td>\n<\/tr>\n<tr>\n<td colspan=\"2\">Topn\u00fd v\u00fdkon (teplota okol\u00ed: 7 \u00b0C \/ teplota vody: 35 \u00b0C)<\/td>\n<td>kW<\/td>\n<td>19,00<\/td>\n<\/tr>\n<tr>\n<td colspan=\"2\">P\u0159\u00edkon (teplota okol\u00ed: 7 \u00b0C \/ teplota vody: 35 \u00b0C)<\/td>\n<td>kW<\/td>\n<td>4,53<\/td>\n<\/tr>\n<tr>\n<td colspan=\"2\">TUV (teplota okol\u00ed: 7 \u00b0C \/ teplota vody: 55 \u00b0C)<\/td>\n<td>kW<\/td>\n<td>16,80<\/td>\n<\/tr>\n<tr>\n<td colspan=\"2\">P\u0159\u00edkon (teplota okol\u00ed: 7 \u00b0C \/ teplota vody: 55 \u00b0C)<\/td>\n<td>kW<\/td>\n<td>5,50<\/td>\n<\/tr>\n<tr>\n<td colspan=\"2\">Chlazen\u00ed (teplota okol\u00ed: 35 \u00b0C \/ teplota vody: 18 \u00b0C)<\/td>\n<td>kW<\/td>\n<td>16,50<\/td>\n<\/tr>\n<tr>\n<td colspan=\"2\">P\u0159\u00edkon (teplota okol\u00ed: 35 \u00b0C \/ teplota vody: 18 \u00b0C)<\/td>\n<td>kW<\/td>\n<td>5,40<\/td>\n<\/tr>\n<tr>\n<td colspan=\"2\">Jmenovit\u00e1 teplota topn\u00e9 vody<\/td>\n<td>\u00b0C<\/td>\n<td>Tepl\u00e1 voda: 55 \u00b0C \/ Vyt\u00e1p\u011bn\u00ed: 45 \u00b0C \/ Chlazen\u00ed: 12\u00b0C<\/td>\n<\/tr>\n<tr>\n<td colspan=\"2\">Kompresor<\/td>\n<td>  \/<\/td>\n<td>Dvojit\u00fd rotor Panasonic + EVI<\/td>\n<\/tr>\n<tr>\n<td colspan=\"2\">Max. teplota v\u00fdstupn\u00ed vody<\/td>\n<td>  \u00b0C<\/td>\n<td>  75-80<\/td>\n<\/tr>\n<tr>\n<td colspan=\"2\">Jmenovit\u00fd pr\u016ftok vody<\/td>\n<td>m3\/h<\/td>\n<td>3,1<\/td>\n<\/tr>\n<tr>\n<td colspan=\"2\">Expanzn\u00ed n\u00e1dr\u017e<\/td>\n<td>L<\/td>\n<td>5<\/td>\n<\/tr>\n<tr>\n<td colspan=\"2\">Provozn\u00ed hluk<\/td>\n<td>dB(A)<\/td>\n<td>&lt;53<\/td>\n<\/tr>\n<tr>\n<td colspan=\"2\">Fanou\u0161ci<\/td>\n<td>\/<\/td>\n<td>Pln\u00fd stejnosm\u011brn\u00fd proud \/ 2 ks<\/td>\n<\/tr>\n<tr>\n<td colspan=\"2\">Oh\u0159\u00edva\u010d<\/td>\n<td>kW<\/td>\n<td>3<\/td>\n<\/tr>\n<tr>\n<td colspan=\"2\">Chladivo<\/td>\n<td>  \/<\/td>\n<td>R290<\/td>\n<\/tr>\n<tr>\n<td colspan=\"2\">Ob\u011bhov\u00e9 \u010derpadlo<\/td>\n<td>\/<\/td>\n<td>Invertorov\u00e9 vodn\u00ed \u010derpadlo<\/td>\n<\/tr>\n<tr>\n<td colspan=\"2\">T\u0159\u00edda odolnosti proti vod\u011b<\/td>\n<td>  \/<\/td>\n<td>IPX4<\/td>\n<\/tr>\n<tr>\n<td colspan=\"2\">Pr\u016fm\u011br vstupn\u00edho\/v\u00fdstupn\u00edho potrub\u00ed<\/td>\n<td>mm<\/td>\n<td>DN25 \/ DN25<\/td>\n<\/tr>\n<tr>\n<td colspan=\"2\">\u010cist\u00e9 rozm\u011bry<\/td>\n<td>mm<\/td>\n<td>1080 x 499 x 1365<\/td>\n<\/tr>\n<tr>\n<td colspan=\"2\">\u010cist\u00e1 hmotnost<\/td>\n<td>kg<\/td>\n<td>155<\/td>\n<\/tr>\n<tr>\n<td colspan=\"2\">Kontrola<\/td>\n<td>\/<\/td>\n<td>Wifi \/ 6 jazyk\u016f<\/td>\n<\/tr>\n<tr>\n<td colspan=\"2\">Z\u00e1ruka<\/td>\n<td>\/<\/td>\n<td>2 roky<\/td>\n<\/tr>\n<\/tbody>\n<\/table>\n<p>&nbsp;<\/p>\n<h3>Specifikace kombinovan\u00e9 n\u00e1dr\u017ee<\/h3>\n<table width=\"100%\" cellspacing=\"0\" cellpadding=\"4\">\n<tbody>\n<tr>\n<td colspan=\"3\" valign=\"top\" width=\"100%\"><strong>Technick\u00e9 specifikace<\/strong><\/td>\n<\/tr>\n<tr valign=\"top\">\n<td width=\"33%\">Kapacita z\u00e1sobn\u00edku TUV<\/td>\n<td width=\"11%\">L<\/td>\n<td width=\"56%\">250<\/td>\n<\/tr>\n<tr valign=\"top\">\n<td width=\"33%\">Kapacita vyrovn\u00e1vac\u00ed n\u00e1dr\u017ee<\/td>\n<td width=\"11%\">L<\/td>\n<td width=\"56%\">100<\/td>\n<\/tr>\n<tr valign=\"top\">\n<td width=\"33%\">Vnit\u0159n\u00ed materi\u00e1l n\u00e1dr\u017ee<\/td>\n<td width=\"11%\">\/<\/td>\n<td width=\"56%\">SUS304 &#8211; austenitick\u00e1 nerezov\u00e1 ocel<\/td>\n<\/tr>\n<tr valign=\"top\">\n<td width=\"33%\">Vn\u011bj\u0161\u00ed materi\u00e1l n\u00e1dr\u017ee<\/td>\n<td width=\"11%\">\/<\/td>\n<td width=\"56%\">Pota\u017een\u00e1 deska<\/td>\n<\/tr>\n<tr valign=\"top\">\n<td width=\"33%\">Rozm\u011br c\u00edvky<\/td>\n<td width=\"11%\">\/<\/td>\n<td width=\"56%\">25 mmx36 m<\/td>\n<\/tr>\n<tr valign=\"top\">\n<td width=\"33%\">Objem pro p\u0159enos tepla<\/td>\n<td width=\"11%\">m2<\/td>\n<td width=\"56%\">2.8<\/td>\n<\/tr>\n<tr valign=\"top\">\n<td width=\"33%\">Oh\u0159\u00edva\u010d<\/td>\n<td width=\"11%\">kW<\/td>\n<td width=\"56%\">3<\/td>\n<\/tr>\n<tr valign=\"top\">\n<td width=\"33%\">\u010cist\u00e9 rozm\u011bry<\/td>\n<td width=\"11%\">mm<\/td>\n<td width=\"56%\">650\u00d71870<\/td>\n<\/tr>\n<\/tbody>\n<\/table>\n","protected":false},"excerpt":{"rendered":"<p>Sada tepeln\u00e9ho \u010derpadla vzduch-voda \u0159ady Flamingo + kombinovan\u00fd z\u00e1sobn\u00edk: TUV 250 l (v\u010detn\u011b 100 l vyrovn\u00e1vac\u00ed n\u00e1dr\u017ee).<\/p>\n<p>Propanov\u00e9 tepeln\u00e9 \u010derpadlo NL-FLM50-190II\/R290 19 KW<\/p>\n<p>Invertorov\u00e9 tepeln\u00e9 \u010derpadlo vzduch-voda \u0159ady <strong>Flamingo<\/strong> pou\u017e\u00edv\u00e1 ekologick\u00e9 chladivo R290, kter\u00e9 p\u0159isp\u00edv\u00e1 ke sn\u00ed\u017een\u00ed glob\u00e1ln\u00edho oteplov\u00e1n\u00ed. Tepeln\u00e9 \u010derpadlo s chladivem <strong>R290<\/strong> dosahuje vy\u0161\u0161\u00ed \u00fa\u010dinnosti ne\u017e \u010derpadla s ni\u017e\u0161\u00edm obsahem chladiva. D\u00edky v\u00edce\u00farov\u0148ov\u00e9mu potla\u010den\u00ed hluku je \u010derpadlo prakticky nesly\u0161iteln\u00e9. Vestav\u011bn\u00fd kompresor <strong>PANASONIC <\/strong>s dvojit\u00fdm rotorem. M\u00e1 barevn\u00fd displej LCD s rozhran\u00edm s vysok\u00fdm rozli\u0161en\u00edm. <strong>Vzd\u00e1len\u00e1 aplikace WiFi<\/strong> (Smartlife) umo\u017e\u0148uje sledov\u00e1n\u00ed provozn\u00edho stavu v re\u00e1ln\u00e9m \u010dase a kontrolu historie z\u00e1znam\u016f. \u0158ada Flamingo vyu\u017e\u00edv\u00e1 pln\u011b stejnosm\u011brnou invertorovou technologii, kter\u00e1 dok\u00e1\u017ee automaticky upravovat frekvenci v z\u00e1vislosti na okoln\u00ed teplot\u011b, aby bylo dosa\u017eeno konstantn\u011bj\u0161\u00ed teploty a u\u017eivatel m\u011bl doma p\u0159\u00edjemn\u00e9 prost\u0159ed\u00ed.<\/p>\n<p>Kombinovan\u00fd z\u00e1sobn\u00edk \u0159ady Gemini &#8222;2v1&#8220; je kombinac\u00ed 250litrov\u00e9ho z\u00e1sobn\u00edku na teplou vodu a 100litrov\u00e9ho vyrovn\u00e1vac\u00edho z\u00e1sobn\u00edku. Jednotka je ur\u010dena k oh\u0159evu a akumulaci u\u017eitkov\u00e9 vody p\u0159edev\u0161\u00edm ve spolupr\u00e1ci s tepeln\u00fdmi \u010derpadly, kde je teplota pr\u016ftoku cca. 55 a\u017e 60 st. C. Z\u00e1sobn\u00edk na vodu lze pou\u017e\u00edt tak\u00e9 ve spolupr\u00e1ci se sol\u00e1rn\u00edmi syst\u00e9my, kotli a dal\u0161\u00edmi zdroji tepla.<\/p>\n","protected":false},"featured_media":3784,"template":"","meta":{"_acf_changed":false,"_kadence_starter_templates_imported_post":false,"_kad_post_transparent":"","_kad_post_title":"","_kad_post_layout":"","_kad_post_sidebar_id":"","_kad_post_content_style":"","_kad_post_vertical_padding":"","_kad_post_feature":"","_kad_post_feature_position":"","_kad_post_header":false,"_kad_post_footer":false},"producent":[44,46],"product_brand":[],"product_cat":[118,21],"product_tag":[],"class_list":{"0":"post-3909","1":"product","2":"type-product","3":"status-publish","4":"has-post-thumbnail","6":"producent-new-energy-newntide","7":"producent-nulite","8":"product_cat-pompy-ciepla-typu-split","9":"product_cat-fotowoltaika","10":"product_shipping_class-kuryr-dpd-paleta","12":"first","13":"outofstock","14":"shipping-taxable","15":"purchasable","16":"product-type-simple","17":"entry","18":"content-bg","19":"loop-entry"},"acf":[],"yoast_head":"<!-- This site is optimized with the Yoast SEO plugin v26.0 - https:\/\/yoast.com\/wordpress\/plugins\/seo\/ -->\n<title>Sada tepeln\u00e9ho \u010derpadla 19kw R290 + kombinovan\u00fd z\u00e1sobn\u00edk TUV 250l - Grupa Zejler<\/title>\n<meta name=\"robots\" content=\"noindex, follow, max-snippet:-1, max-image-preview:large, max-video-preview:-1\" \/>\n<meta property=\"og:locale\" content=\"cs_CZ\" \/>\n<meta property=\"og:type\" content=\"article\" \/>\n<meta property=\"og:title\" content=\"Sada tepeln\u00e9ho \u010derpadla 19kw R290 + kombinovan\u00fd z\u00e1sobn\u00edk TUV 250l - Grupa Zejler\" \/>\n<meta property=\"og:description\" content=\"Sada tepeln\u00e9ho \u010derpadla vzduch-voda \u0159ady Flamingo + kombinovan\u00fd z\u00e1sobn\u00edk: TUV 250 l (v\u010detn\u011b 100 l vyrovn\u00e1vac\u00ed n\u00e1dr\u017ee). Propanov\u00e9 tepeln\u00e9 \u010derpadlo NL-FLM50-190II\/R290 19 KW Invertorov\u00e9 tepeln\u00e9 \u010derpadlo vzduch-voda \u0159ady Flamingo pou\u017e\u00edv\u00e1 ekologick\u00e9 chladivo R290, kter\u00e9 p\u0159isp\u00edv\u00e1 ke sn\u00ed\u017een\u00ed glob\u00e1ln\u00edho oteplov\u00e1n\u00ed. Tepeln\u00e9 \u010derpadlo s chladivem R290 dosahuje vy\u0161\u0161\u00ed \u00fa\u010dinnosti ne\u017e \u010derpadla s ni\u017e\u0161\u00edm obsahem chladiva. D\u00edky v\u00edce\u00farov\u0148ov\u00e9mu potla\u010den\u00ed hluku je \u010derpadlo prakticky nesly\u0161iteln\u00e9. Vestav\u011bn\u00fd kompresor PANASONIC s dvojit\u00fdm rotorem. M\u00e1 barevn\u00fd displej LCD s rozhran\u00edm s vysok\u00fdm rozli\u0161en\u00edm. Vzd\u00e1len\u00e1 aplikace WiFi (Smartlife) umo\u017e\u0148uje sledov\u00e1n\u00ed provozn\u00edho stavu v re\u00e1ln\u00e9m \u010dase a kontrolu historie z\u00e1znam\u016f. \u0158ada Flamingo vyu\u017e\u00edv\u00e1 pln\u011b stejnosm\u011brnou invertorovou technologii, kter\u00e1 dok\u00e1\u017ee automaticky upravovat frekvenci v z\u00e1vislosti na okoln\u00ed teplot\u011b, aby bylo dosa\u017eeno konstantn\u011bj\u0161\u00ed teploty a u\u017eivatel m\u011bl doma p\u0159\u00edjemn\u00e9 prost\u0159ed\u00ed. Kombinovan\u00fd z\u00e1sobn\u00edk \u0159ady Gemini &quot;2v1&quot; je kombinac\u00ed 250litrov\u00e9ho z\u00e1sobn\u00edku na teplou vodu a 100litrov\u00e9ho vyrovn\u00e1vac\u00edho z\u00e1sobn\u00edku. Jednotka je ur\u010dena k oh\u0159evu a akumulaci u\u017eitkov\u00e9 vody p\u0159edev\u0161\u00edm ve spolupr\u00e1ci s tepeln\u00fdmi \u010derpadly, kde je teplota pr\u016ftoku cca. 55 a\u017e 60 st. C. Z\u00e1sobn\u00edk na vodu lze pou\u017e\u00edt tak\u00e9 ve spolupr\u00e1ci se sol\u00e1rn\u00edmi syst\u00e9my, kotli a dal\u0161\u00edmi zdroji tepla.\" \/>\n<meta property=\"og:url\" content=\"https:\/\/grupazejler.danielzejler.pl\/produkt\/zestaw-pompa-ciepla-19kw-r290-zbiornik-kombinowany-cwu-250l\/\" \/>\n<meta property=\"og:site_name\" content=\"Grupa Zejler\" \/>\n<meta property=\"article:modified_time\" content=\"2026-03-26T11:50:47+00:00\" \/>\n<meta property=\"og:image\" content=\"https:\/\/grupazejler.danielzejler.pl\/wp-content\/uploads\/2024\/04\/2.jpg\" \/>\n\t<meta property=\"og:image:width\" content=\"1012\" \/>\n\t<meta property=\"og:image:height\" content=\"819\" \/>\n\t<meta property=\"og:image:type\" content=\"image\/jpeg\" \/>\n<meta name=\"twitter:card\" content=\"summary_large_image\" \/>\n<meta name=\"twitter:label1\" content=\"Odhadovan\u00e1 doba \u010dten\u00ed\" \/>\n\t<meta name=\"twitter:data1\" content=\"1 minuta\" \/>\n<script type=\"application\/ld+json\" class=\"yoast-schema-graph\">{\"@context\":\"https:\/\/schema.org\",\"@graph\":[{\"@type\":\"WebPage\",\"@id\":\"https:\/\/grupazejler.danielzejler.pl\/produkt\/zestaw-pompa-ciepla-19kw-r290-zbiornik-kombinowany-cwu-250l\/\",\"url\":\"https:\/\/grupazejler.danielzejler.pl\/produkt\/zestaw-pompa-ciepla-19kw-r290-zbiornik-kombinowany-cwu-250l\/\",\"name\":\"Sada tepeln\u00e9ho \u010derpadla 19kw R290 + kombinovan\u00fd z\u00e1sobn\u00edk TUV 250l - Grupa Zejler\",\"isPartOf\":{\"@id\":\"https:\/\/grupazejler.danielzejler.pl\/#website\"},\"primaryImageOfPage\":{\"@id\":\"https:\/\/grupazejler.danielzejler.pl\/produkt\/zestaw-pompa-ciepla-19kw-r290-zbiornik-kombinowany-cwu-250l\/#primaryimage\"},\"image\":{\"@id\":\"https:\/\/grupazejler.danielzejler.pl\/produkt\/zestaw-pompa-ciepla-19kw-r290-zbiornik-kombinowany-cwu-250l\/#primaryimage\"},\"thumbnailUrl\":\"https:\/\/grupazejler.danielzejler.pl\/wp-content\/uploads\/2024\/04\/2.jpg\",\"datePublished\":\"2024-04-23T07:17:24+00:00\",\"dateModified\":\"2026-03-26T11:50:47+00:00\",\"breadcrumb\":{\"@id\":\"https:\/\/grupazejler.danielzejler.pl\/produkt\/zestaw-pompa-ciepla-19kw-r290-zbiornik-kombinowany-cwu-250l\/#breadcrumb\"},\"inLanguage\":\"cs\",\"potentialAction\":[{\"@type\":\"ReadAction\",\"target\":[\"https:\/\/grupazejler.danielzejler.pl\/produkt\/zestaw-pompa-ciepla-19kw-r290-zbiornik-kombinowany-cwu-250l\/\"]}]},{\"@type\":\"ImageObject\",\"inLanguage\":\"cs\",\"@id\":\"https:\/\/grupazejler.danielzejler.pl\/produkt\/zestaw-pompa-ciepla-19kw-r290-zbiornik-kombinowany-cwu-250l\/#primaryimage\",\"url\":\"https:\/\/grupazejler.danielzejler.pl\/wp-content\/uploads\/2024\/04\/2.jpg\",\"contentUrl\":\"https:\/\/grupazejler.danielzejler.pl\/wp-content\/uploads\/2024\/04\/2.jpg\",\"width\":1012,\"height\":819},{\"@type\":\"BreadcrumbList\",\"@id\":\"https:\/\/grupazejler.danielzejler.pl\/produkt\/zestaw-pompa-ciepla-19kw-r290-zbiornik-kombinowany-cwu-250l\/#breadcrumb\",\"itemListElement\":[{\"@type\":\"ListItem\",\"position\":1,\"name\":\"Strona g\u0142\u00f3wna\",\"item\":\"https:\/\/grupazejler.danielzejler.pl\/cs\/\"},{\"@type\":\"ListItem\",\"position\":2,\"name\":\"Sklep\",\"item\":\"https:\/\/grupazejler.danielzejler.pl\/sklep\/\"},{\"@type\":\"ListItem\",\"position\":3,\"name\":\"Pompy ciep\u0142a\",\"item\":\"https:\/\/grupazejler.danielzejler.pl\/kategoria-produktu\/pompy-ciepla\/\"},{\"@type\":\"ListItem\",\"position\":4,\"name\":\"Pompy ciep\u0142a typu split\",\"item\":\"https:\/\/grupazejler.danielzejler.pl\/kategoria-produktu\/pompy-ciepla\/pompy-ciepla-typu-split\/\"},{\"@type\":\"ListItem\",\"position\":5,\"name\":\"Sada tepeln\u00e9ho \u010derpadla 19kw R290 + kombinovan\u00fd z\u00e1sobn\u00edk TUV 250l\"}]},{\"@type\":\"WebSite\",\"@id\":\"https:\/\/grupazejler.danielzejler.pl\/#website\",\"url\":\"https:\/\/grupazejler.danielzejler.pl\/\",\"name\":\"Grupa Zejler\",\"description\":\"\",\"publisher\":{\"@id\":\"https:\/\/grupazejler.danielzejler.pl\/#organization\"},\"potentialAction\":[{\"@type\":\"SearchAction\",\"target\":{\"@type\":\"EntryPoint\",\"urlTemplate\":\"https:\/\/grupazejler.danielzejler.pl\/?s={search_term_string}\"},\"query-input\":{\"@type\":\"PropertyValueSpecification\",\"valueRequired\":true,\"valueName\":\"search_term_string\"}}],\"inLanguage\":\"cs\"},{\"@type\":\"Organization\",\"@id\":\"https:\/\/grupazejler.danielzejler.pl\/#organization\",\"name\":\"Grupa Zejler\",\"url\":\"https:\/\/grupazejler.danielzejler.pl\/\",\"logo\":{\"@type\":\"ImageObject\",\"inLanguage\":\"cs\",\"@id\":\"https:\/\/grupazejler.danielzejler.pl\/#\/schema\/logo\/image\/\",\"url\":\"https:\/\/grupazejler.danielzejler.pl\/wp-content\/uploads\/2023\/11\/cropped-logo.png\",\"contentUrl\":\"https:\/\/grupazejler.danielzejler.pl\/wp-content\/uploads\/2023\/11\/cropped-logo.png\",\"width\":210,\"height\":53,\"caption\":\"Grupa Zejler\"},\"image\":{\"@id\":\"https:\/\/grupazejler.danielzejler.pl\/#\/schema\/logo\/image\/\"}}]}<\/script>\n<!-- \/ Yoast SEO plugin. -->","yoast_head_json":{"title":"Sada tepeln\u00e9ho \u010derpadla 19kw R290 + kombinovan\u00fd z\u00e1sobn\u00edk TUV 250l - Grupa Zejler","robots":{"index":"noindex","follow":"follow","max-snippet":"max-snippet:-1","max-image-preview":"max-image-preview:large","max-video-preview":"max-video-preview:-1"},"og_locale":"cs_CZ","og_type":"article","og_title":"Sada tepeln\u00e9ho \u010derpadla 19kw R290 + kombinovan\u00fd z\u00e1sobn\u00edk TUV 250l - Grupa Zejler","og_description":"Sada tepeln\u00e9ho \u010derpadla vzduch-voda \u0159ady Flamingo + kombinovan\u00fd z\u00e1sobn\u00edk: TUV 250 l (v\u010detn\u011b 100 l vyrovn\u00e1vac\u00ed n\u00e1dr\u017ee). Propanov\u00e9 tepeln\u00e9 \u010derpadlo NL-FLM50-190II\/R290 19 KW Invertorov\u00e9 tepeln\u00e9 \u010derpadlo vzduch-voda \u0159ady Flamingo pou\u017e\u00edv\u00e1 ekologick\u00e9 chladivo R290, kter\u00e9 p\u0159isp\u00edv\u00e1 ke sn\u00ed\u017een\u00ed glob\u00e1ln\u00edho oteplov\u00e1n\u00ed. Tepeln\u00e9 \u010derpadlo s chladivem R290 dosahuje vy\u0161\u0161\u00ed \u00fa\u010dinnosti ne\u017e \u010derpadla s ni\u017e\u0161\u00edm obsahem chladiva. D\u00edky v\u00edce\u00farov\u0148ov\u00e9mu potla\u010den\u00ed hluku je \u010derpadlo prakticky nesly\u0161iteln\u00e9. Vestav\u011bn\u00fd kompresor PANASONIC s dvojit\u00fdm rotorem. M\u00e1 barevn\u00fd displej LCD s rozhran\u00edm s vysok\u00fdm rozli\u0161en\u00edm. Vzd\u00e1len\u00e1 aplikace WiFi (Smartlife) umo\u017e\u0148uje sledov\u00e1n\u00ed provozn\u00edho stavu v re\u00e1ln\u00e9m \u010dase a kontrolu historie z\u00e1znam\u016f. \u0158ada Flamingo vyu\u017e\u00edv\u00e1 pln\u011b stejnosm\u011brnou invertorovou technologii, kter\u00e1 dok\u00e1\u017ee automaticky upravovat frekvenci v z\u00e1vislosti na okoln\u00ed teplot\u011b, aby bylo dosa\u017eeno konstantn\u011bj\u0161\u00ed teploty a u\u017eivatel m\u011bl doma p\u0159\u00edjemn\u00e9 prost\u0159ed\u00ed. Kombinovan\u00fd z\u00e1sobn\u00edk \u0159ady Gemini \"2v1\" je kombinac\u00ed 250litrov\u00e9ho z\u00e1sobn\u00edku na teplou vodu a 100litrov\u00e9ho vyrovn\u00e1vac\u00edho z\u00e1sobn\u00edku. Jednotka je ur\u010dena k oh\u0159evu a akumulaci u\u017eitkov\u00e9 vody p\u0159edev\u0161\u00edm ve spolupr\u00e1ci s tepeln\u00fdmi \u010derpadly, kde je teplota pr\u016ftoku cca. 55 a\u017e 60 st. C. Z\u00e1sobn\u00edk na vodu lze pou\u017e\u00edt tak\u00e9 ve spolupr\u00e1ci se sol\u00e1rn\u00edmi syst\u00e9my, kotli a dal\u0161\u00edmi zdroji tepla.","og_url":"https:\/\/grupazejler.danielzejler.pl\/produkt\/zestaw-pompa-ciepla-19kw-r290-zbiornik-kombinowany-cwu-250l\/","og_site_name":"Grupa Zejler","article_modified_time":"2026-03-26T11:50:47+00:00","og_image":[{"width":1012,"height":819,"url":"https:\/\/grupazejler.danielzejler.pl\/wp-content\/uploads\/2024\/04\/2.jpg","type":"image\/jpeg"}],"twitter_card":"summary_large_image","twitter_misc":{"Odhadovan\u00e1 doba \u010dten\u00ed":"1 minuta"},"schema":{"@context":"https:\/\/schema.org","@graph":[{"@type":"WebPage","@id":"https:\/\/grupazejler.danielzejler.pl\/produkt\/zestaw-pompa-ciepla-19kw-r290-zbiornik-kombinowany-cwu-250l\/","url":"https:\/\/grupazejler.danielzejler.pl\/produkt\/zestaw-pompa-ciepla-19kw-r290-zbiornik-kombinowany-cwu-250l\/","name":"Sada tepeln\u00e9ho \u010derpadla 19kw R290 + kombinovan\u00fd z\u00e1sobn\u00edk TUV 250l - Grupa Zejler","isPartOf":{"@id":"https:\/\/grupazejler.danielzejler.pl\/#website"},"primaryImageOfPage":{"@id":"https:\/\/grupazejler.danielzejler.pl\/produkt\/zestaw-pompa-ciepla-19kw-r290-zbiornik-kombinowany-cwu-250l\/#primaryimage"},"image":{"@id":"https:\/\/grupazejler.danielzejler.pl\/produkt\/zestaw-pompa-ciepla-19kw-r290-zbiornik-kombinowany-cwu-250l\/#primaryimage"},"thumbnailUrl":"https:\/\/grupazejler.danielzejler.pl\/wp-content\/uploads\/2024\/04\/2.jpg","datePublished":"2024-04-23T07:17:24+00:00","dateModified":"2026-03-26T11:50:47+00:00","breadcrumb":{"@id":"https:\/\/grupazejler.danielzejler.pl\/produkt\/zestaw-pompa-ciepla-19kw-r290-zbiornik-kombinowany-cwu-250l\/#breadcrumb"},"inLanguage":"cs","potentialAction":[{"@type":"ReadAction","target":["https:\/\/grupazejler.danielzejler.pl\/produkt\/zestaw-pompa-ciepla-19kw-r290-zbiornik-kombinowany-cwu-250l\/"]}]},{"@type":"ImageObject","inLanguage":"cs","@id":"https:\/\/grupazejler.danielzejler.pl\/produkt\/zestaw-pompa-ciepla-19kw-r290-zbiornik-kombinowany-cwu-250l\/#primaryimage","url":"https:\/\/grupazejler.danielzejler.pl\/wp-content\/uploads\/2024\/04\/2.jpg","contentUrl":"https:\/\/grupazejler.danielzejler.pl\/wp-content\/uploads\/2024\/04\/2.jpg","width":1012,"height":819},{"@type":"BreadcrumbList","@id":"https:\/\/grupazejler.danielzejler.pl\/produkt\/zestaw-pompa-ciepla-19kw-r290-zbiornik-kombinowany-cwu-250l\/#breadcrumb","itemListElement":[{"@type":"ListItem","position":1,"name":"Strona g\u0142\u00f3wna","item":"https:\/\/grupazejler.danielzejler.pl\/cs\/"},{"@type":"ListItem","position":2,"name":"Sklep","item":"https:\/\/grupazejler.danielzejler.pl\/sklep\/"},{"@type":"ListItem","position":3,"name":"Pompy ciep\u0142a","item":"https:\/\/grupazejler.danielzejler.pl\/kategoria-produktu\/pompy-ciepla\/"},{"@type":"ListItem","position":4,"name":"Pompy ciep\u0142a typu split","item":"https:\/\/grupazejler.danielzejler.pl\/kategoria-produktu\/pompy-ciepla\/pompy-ciepla-typu-split\/"},{"@type":"ListItem","position":5,"name":"Sada tepeln\u00e9ho \u010derpadla 19kw R290 + kombinovan\u00fd z\u00e1sobn\u00edk TUV 250l"}]},{"@type":"WebSite","@id":"https:\/\/grupazejler.danielzejler.pl\/#website","url":"https:\/\/grupazejler.danielzejler.pl\/","name":"Grupa Zejler","description":"","publisher":{"@id":"https:\/\/grupazejler.danielzejler.pl\/#organization"},"potentialAction":[{"@type":"SearchAction","target":{"@type":"EntryPoint","urlTemplate":"https:\/\/grupazejler.danielzejler.pl\/?s={search_term_string}"},"query-input":{"@type":"PropertyValueSpecification","valueRequired":true,"valueName":"search_term_string"}}],"inLanguage":"cs"},{"@type":"Organization","@id":"https:\/\/grupazejler.danielzejler.pl\/#organization","name":"Grupa Zejler","url":"https:\/\/grupazejler.danielzejler.pl\/","logo":{"@type":"ImageObject","inLanguage":"cs","@id":"https:\/\/grupazejler.danielzejler.pl\/#\/schema\/logo\/image\/","url":"https:\/\/grupazejler.danielzejler.pl\/wp-content\/uploads\/2023\/11\/cropped-logo.png","contentUrl":"https:\/\/grupazejler.danielzejler.pl\/wp-content\/uploads\/2023\/11\/cropped-logo.png","width":210,"height":53,"caption":"Grupa Zejler"},"image":{"@id":"https:\/\/grupazejler.danielzejler.pl\/#\/schema\/logo\/image\/"}}]}},"_links":{"self":[{"href":"https:\/\/grupazejler.danielzejler.pl\/cs\/wp-json\/wp\/v2\/product\/3909","targetHints":{"allow":["GET"]}}],"collection":[{"href":"https:\/\/grupazejler.danielzejler.pl\/cs\/wp-json\/wp\/v2\/product"}],"about":[{"href":"https:\/\/grupazejler.danielzejler.pl\/cs\/wp-json\/wp\/v2\/types\/product"}],"wp:featuredmedia":[{"embeddable":true,"href":"https:\/\/grupazejler.danielzejler.pl\/cs\/wp-json\/wp\/v2\/media\/3784"}],"wp:attachment":[{"href":"https:\/\/grupazejler.danielzejler.pl\/cs\/wp-json\/wp\/v2\/media?parent=3909"}],"wp:term":[{"taxonomy":"producent","embeddable":true,"href":"https:\/\/grupazejler.danielzejler.pl\/cs\/wp-json\/wp\/v2\/producent?post=3909"},{"taxonomy":"product_brand","embeddable":true,"href":"https:\/\/grupazejler.danielzejler.pl\/cs\/wp-json\/wp\/v2\/product_brand?post=3909"},{"taxonomy":"product_cat","embeddable":true,"href":"https:\/\/grupazejler.danielzejler.pl\/cs\/wp-json\/wp\/v2\/product_cat?post=3909"},{"taxonomy":"product_tag","embeddable":true,"href":"https:\/\/grupazejler.danielzejler.pl\/cs\/wp-json\/wp\/v2\/product_tag?post=3909"}],"curies":[{"name":"wp","href":"https:\/\/api.w.org\/{rel}","templated":true}]}}