{"id":3945,"date":"2024-03-22T15:29:21","date_gmt":"2024-03-22T14:29:21","guid":{"rendered":"https:\/\/grupazejler.danielzejler.pl\/produkt\/propanove-tepelne-cerpadlo-ne-f90hcr5invm-9-kw-r290-1n\/"},"modified":"2026-03-26T12:52:06","modified_gmt":"2026-03-26T11:52:06","slug":"propanove-tepelne-cerpadlo-ne-f90hcr5invm-9-kw-r290-1n","status":"publish","type":"product","link":"https:\/\/grupazejler.danielzejler.pl\/cs\/produkt\/propanove-tepelne-cerpadlo-ne-f90hcr5invm-9-kw-r290-1n\/","title":{"rendered":"Propanov\u00e9 tepeln\u00e9 \u010derpadlo NE-F90HCR5INVM 9 KW R290 1N"},"content":{"rendered":"<div class=\"mp4t_16_s mryx_16_s mr3m_1 mli2_1 mh85_56 mh85_0_l\">\n<div class=\"mgn2_16 _0d3bd_am0a-\">\n<div class=\"mp4t_16_s mryx_16_s mr3m_1 mli2_1 mh85_56 mh85_0_l\">\n<div class=\"mgn2_16 _0d3bd_am0a-\">\n<h1>Specifikace:<\/h1>\n<p><b>Nap\u00e1jen\u00ed:<\/b> 220V-240V\/1N\/ 50Hz<\/p>\n<p><b>Okoln\u00ed teplota:<\/b> -25 \u00b0C\/ +43 \u00b0C<\/p>\n<p><b>Topn\u00fd <\/b>v\u00fdkon: 9,33 kW<\/p>\n<p><b>Kompresor:<\/b> VYSOK\u00dd<\/p>\n<p><b>P\u0159\u00edkon<\/b>: 2,14 kW<\/p>\n<p><b>Max. p\u0159\u00edkon:<\/b>  4,00 kW<\/p>\n<p><b>Max. teplota v\u00fdstupn\u00ed vody<\/b>  75\u00b0C<\/p>\n<p><b>Jmenovit\u00fd pr\u016ftok vody:<\/b> 1,5 m3\/h<\/p>\n<p>Expanzn\u00ed <b>n\u00e1dr\u017e:<\/b> 2 l<\/p>\n<p><b>ErP pro 35 \u00b0C:<\/b> A+++<\/p>\n<p><b>ErP pro 55 \u00b0C:<\/b> A++<\/p>\n<p><b>Hladina hluku ve vzd\u00e1lenosti 1 m:<\/b> 43-54 dB(A)<\/p>\n<p><b>Chladivo:<\/b> R290<\/p>\n<p><b>P\u0159ipojen\u00ed potrub\u00ed:<\/b> 1 1\/4&#8243;<\/p>\n<p><b>T\u0159\u00edda vodot\u011bsnosti:<\/b> IPX4<\/p>\n<p><b>\u010cist\u00e9 rozm\u011bry:<\/b> 1263 x 875 x 440<\/p>\n<p><b>Z\u00e1ruka:<\/b> 5 let (hlavn\u00ed d\u00edly) \/ 3 roky (ostatn\u00ed d\u00edly)<\/p>\n<p><b>Provozn\u00ed parametry pro oh\u0159ev p\u0159i teplot\u011b vody (vstup\/v\u00fdstup): 30\u00b0C\/35\u00b0C<\/b><\/p>\n<p>Topn\u00fd v\u00fdkon: 3,50 ~ 8,81 kW<\/p>\n<p>P\u0159\u00edkon: 0,58 ~ 1,89 kW<\/p>\n<p>COP (koeficient v\u00fdkonu): 6,00~4,65<\/p>\n<p>&#8212;&#8212;&#8212;&#8212;&#8212;&#8212;&#8212;&#8212;&#8212;&#8212;&#8212;&#8212;&#8212;&#8212;&#8212;&#8212;&#8212;&#8212;&#8212;&#8212;<\/p>\n<p><b>Provozn\u00ed parametry chlazen\u00ed p\u0159i teplot\u011b vody (vstup\/v\u00fdstup): 12\u00b0C\/7\u00b0C<\/b><\/p>\n<p>Chladic\u00ed v\u00fdkon: 1,53~5,96 kW<\/p>\n<p>P\u0159\u00edkon: 0,33 ~ 2,11 kW<\/p>\n<p>EER (energetick\u00e1 \u00fa\u010dinnost): 4,64~2,82<\/p>\n<p>&#8212;&#8212;&#8212;&#8212;&#8212;&#8212;&#8212;&#8212;&#8212;&#8212;&#8212;&#8212;&#8212;&#8212;&#8212;&#8212;&#8212;&#8212;&#8212;&#8212;&#8212;-<\/p>\n<p><b>Provozn\u00ed parametry pro oh\u0159ev TUV: 15\u00b0C a\u017e 55\u00b0C<\/b><\/p>\n<p>Topn\u00fd v\u00fdkon: 9,33 kW<\/p>\n<p>P\u0159\u00edkon: 2,14 kW<\/p>\n<p>COP (koeficient v\u00fdkonu): 4,00<\/p>\n<h1>N\u00edzk\u00e1 cena!<\/h1>\n<\/div>\n<\/div>\n<h2>Pod\u00edvejte se na na\u0161e dal\u0161\u00ed nab\u00eddky!<\/h2>\n<\/div>\n<\/div>\n","protected":false},"excerpt":{"rendered":"<div class=\"mp4t_16_s mryx_16_s mr3m_1 mli2_1 mh85_56 mh85_0_l\">\n<div class=\"mgn2_16 _0d3bd_am0a-\">\n<p><b>SERVIS V\u00ddROBCE \/ SPOLEHLIV\u00c1 Z\u00c1RUKA \/ SERVIS PO CEL\u00c9M POLSKU<\/b><\/p>\n<p>Mo\u017en\u00e9 shrom\u00e1\u017ed\u011bn\u00ed &#8211; KR\u00c1TKODOB\u00c9 (Slezsk\u00e9 vojvodstv\u00ed, Opolsk\u00e9 vojvodstv\u00ed, Malopolsk\u00e9 vojvodstv\u00ed)<\/p>\n<p>Invertorov\u00e9 tepeln\u00e9 \u010derpadlo vzduch-voda \u0159ady <b>Sunglow R290 <\/b>od v\u00fdrobce NEWNTIDE se vyzna\u010duje nejen modern\u00edm designem a inovativn\u00edm pozinkovan\u00fdm krytem, ale tak\u00e9 \u00fa\u010dinnost\u00ed s minim\u00e1ln\u00edmi emisemi oxidu uhli\u010dit\u00e9ho. Ur\u010deno pro vyt\u00e1p\u011bn\u00ed budovy a oh\u0159ev tepl\u00e9 vody (TUV). Chladivo R290 m\u00e1 jeden z nejni\u017e\u0161\u00edch GWP ze v\u0161ech chladiv pou\u017e\u00edvan\u00fdch v tepeln\u00fdch \u010derpadlech. Pou\u017eit\u00ed tepeln\u00e9ho \u010derpadla na propan je \u0161etrn\u011bj\u0161\u00ed k \u017eivotn\u00edmu prost\u0159ed\u00ed. Tato \u010derpadla poskytuj\u00ed nejvy\u0161\u0161\u00ed \u00fa\u010dinnost p\u0159i minim\u00e1ln\u00ed zm\u011bn\u011b okoln\u00ed teploty. Jejich pr\u00e1ce se projevuje i ve vysok\u00e9m v\u00fdkonu p\u0159i velmi n\u00edzk\u00fdch venkovn\u00edch teplot\u00e1ch. VELMI vestav\u011bn\u00fd kompresor. M\u00e1 funkci <b>WI-FI<\/b>.<\/p>\n<p>Tepeln\u00e9 \u010derpadlo \u0159ady Sunglow s chladivem R290 (propan) je v souladu se sm\u011brnicemi EU. Z\u00e1ruku n\u00edzk\u00e9 spot\u0159eby energie dokl\u00e1d\u00e1 energetick\u00fd \u0161t\u00edtek A+++.<\/p>\n<p>Pou\u017eit\u00ed pln\u011b stejnosm\u011brn\u00e9ho m\u011bni\u010de zaji\u0161\u0165uje automatick\u00e9 p\u0159izp\u016fsoben\u00ed frekvence pot\u0159eb\u011b energie. Tepeln\u00e1 \u010derpadla Sunglow, jinak zn\u00e1m\u00e1 jako &#8222;vysokoteplotn\u00ed&#8220; tepeln\u00e1 \u010derpadla, dosahuj\u00ed tepeln\u00e9ho komfortu p\u0159i velmi n\u00edzk\u00fdch venkovn\u00edch teplot\u00e1ch.<\/p>\n<p>&nbsp;<\/p>\n<\/div>\n<\/div>\n<p>Lze zakoupit jako sadu s kombinovanou n\u00e1dr\u017e\u00ed: TUV 250 l + vyrovn\u00e1vac\u00ed n\u00e1dr\u017e 100 l.<\/p>\n","protected":false},"featured_media":3778,"template":"","meta":{"_acf_changed":false,"_kadence_starter_templates_imported_post":false,"_kad_post_transparent":"","_kad_post_title":"","_kad_post_layout":"","_kad_post_sidebar_id":"","_kad_post_content_style":"","_kad_post_vertical_padding":"","_kad_post_feature":"","_kad_post_feature_position":"","_kad_post_header":false,"_kad_post_footer":false},"producent":[44],"product_brand":[],"product_cat":[157,154],"product_tag":[],"class_list":{"0":"post-3945","1":"product","2":"type-product","3":"status-publish","4":"has-post-thumbnail","6":"producent-new-energy-newntide","7":"product_cat-monoblokova-tepelna-cerpadla","8":"product_cat-tepelna-cerpadla","9":"product_shipping_class-kuryr-dpd-paleta","11":"first","12":"onbackorder","13":"sold-individually","14":"shipping-taxable","15":"purchasable","16":"product-type-simple","17":"entry","18":"content-bg","19":"loop-entry"},"acf":[],"yoast_head":"<!-- This site is optimized with the Yoast SEO plugin v26.0 - https:\/\/yoast.com\/wordpress\/plugins\/seo\/ -->\n<title>Invertorov\u00e9 tepeln\u00e9 \u010derpadlo sunpro ne-f200hcr4tinem 20 kw online - Grupa Zejler<\/title>\n<meta name=\"robots\" content=\"noindex, follow, max-snippet:-1, max-image-preview:large, max-video-preview:-1\" \/>\n<meta property=\"og:locale\" content=\"cs_CZ\" \/>\n<meta property=\"og:type\" content=\"article\" \/>\n<meta property=\"og:title\" content=\"Invertorov\u00e9 tepeln\u00e9 \u010derpadlo sunpro ne-f200hcr4tinem 20 kw online - Grupa Zejler\" \/>\n<meta property=\"og:description\" content=\"SERVIS V\u00ddROBCE \/ SPOLEHLIV\u00c1 Z\u00c1RUKA \/ SERVIS PO CEL\u00c9M POLSKU Mo\u017en\u00e9 shrom\u00e1\u017ed\u011bn\u00ed - KR\u00c1TKODOB\u00c9 (Slezsk\u00e9 vojvodstv\u00ed, Opolsk\u00e9 vojvodstv\u00ed, Malopolsk\u00e9 vojvodstv\u00ed) Invertorov\u00e9 tepeln\u00e9 \u010derpadlo vzduch-voda \u0159ady Sunglow R290 od v\u00fdrobce NEWNTIDE se vyzna\u010duje nejen modern\u00edm designem a inovativn\u00edm pozinkovan\u00fdm krytem, ale tak\u00e9 \u00fa\u010dinnost\u00ed s minim\u00e1ln\u00edmi emisemi oxidu uhli\u010dit\u00e9ho. Ur\u010deno pro vyt\u00e1p\u011bn\u00ed budovy a oh\u0159ev tepl\u00e9 vody (TUV). Chladivo R290 m\u00e1 jeden z nejni\u017e\u0161\u00edch GWP ze v\u0161ech chladiv pou\u017e\u00edvan\u00fdch v tepeln\u00fdch \u010derpadlech. Pou\u017eit\u00ed tepeln\u00e9ho \u010derpadla na propan je \u0161etrn\u011bj\u0161\u00ed k \u017eivotn\u00edmu prost\u0159ed\u00ed. Tato \u010derpadla poskytuj\u00ed nejvy\u0161\u0161\u00ed \u00fa\u010dinnost p\u0159i minim\u00e1ln\u00ed zm\u011bn\u011b okoln\u00ed teploty. Jejich pr\u00e1ce se projevuje i ve vysok\u00e9m v\u00fdkonu p\u0159i velmi n\u00edzk\u00fdch venkovn\u00edch teplot\u00e1ch. VELMI vestav\u011bn\u00fd kompresor. M\u00e1 funkci WI-FI. Tepeln\u00e9 \u010derpadlo \u0159ady Sunglow s chladivem R290 (propan) je v souladu se sm\u011brnicemi EU. Z\u00e1ruku n\u00edzk\u00e9 spot\u0159eby energie dokl\u00e1d\u00e1 energetick\u00fd \u0161t\u00edtek A+++. Pou\u017eit\u00ed pln\u011b stejnosm\u011brn\u00e9ho m\u011bni\u010de zaji\u0161\u0165uje automatick\u00e9 p\u0159izp\u016fsoben\u00ed frekvence pot\u0159eb\u011b energie. Tepeln\u00e1 \u010derpadla Sunglow, jinak zn\u00e1m\u00e1 jako &quot;vysokoteplotn\u00ed&quot; tepeln\u00e1 \u010derpadla, dosahuj\u00ed tepeln\u00e9ho komfortu p\u0159i velmi n\u00edzk\u00fdch venkovn\u00edch teplot\u00e1ch. &nbsp;  Lze zakoupit jako sadu s kombinovanou n\u00e1dr\u017e\u00ed: TUV 250 l + vyrovn\u00e1vac\u00ed n\u00e1dr\u017e 100 l.\" \/>\n<meta property=\"og:url\" content=\"https:\/\/grupazejler.danielzejler.pl\/produkt\/propanowa-pompa-ciepla-ne-f90hcr5invm-9-kw\/\" \/>\n<meta property=\"og:site_name\" content=\"Grupa Zejler\" \/>\n<meta property=\"article:modified_time\" content=\"2026-03-26T11:52:06+00:00\" \/>\n<meta property=\"og:image\" content=\"https:\/\/grupazejler.danielzejler.pl\/wp-content\/uploads\/2024\/03\/Bez-tytulu.jpg\" \/>\n\t<meta property=\"og:image:width\" content=\"1083\" \/>\n\t<meta property=\"og:image:height\" content=\"864\" \/>\n\t<meta property=\"og:image:type\" content=\"image\/jpeg\" \/>\n<meta name=\"twitter:card\" content=\"summary_large_image\" \/>\n<meta name=\"twitter:label1\" content=\"Odhadovan\u00e1 doba \u010dten\u00ed\" \/>\n\t<meta name=\"twitter:data1\" content=\"1 minuta\" \/>\n<script type=\"application\/ld+json\" class=\"yoast-schema-graph\">{\"@context\":\"https:\/\/schema.org\",\"@graph\":[{\"@type\":\"WebPage\",\"@id\":\"https:\/\/grupazejler.danielzejler.pl\/produkt\/propanowa-pompa-ciepla-ne-f90hcr5invm-9-kw\/\",\"url\":\"https:\/\/grupazejler.danielzejler.pl\/produkt\/propanowa-pompa-ciepla-ne-f90hcr5invm-9-kw\/\",\"name\":\"Invertorov\u00e9 tepeln\u00e9 \u010derpadlo sunpro ne-f200hcr4tinem 20 kw online - Grupa Zejler\",\"isPartOf\":{\"@id\":\"https:\/\/grupazejler.danielzejler.pl\/#website\"},\"primaryImageOfPage\":{\"@id\":\"https:\/\/grupazejler.danielzejler.pl\/produkt\/propanowa-pompa-ciepla-ne-f90hcr5invm-9-kw\/#primaryimage\"},\"image\":{\"@id\":\"https:\/\/grupazejler.danielzejler.pl\/produkt\/propanowa-pompa-ciepla-ne-f90hcr5invm-9-kw\/#primaryimage\"},\"thumbnailUrl\":\"https:\/\/grupazejler.danielzejler.pl\/wp-content\/uploads\/2024\/03\/Bez-tytulu.jpg\",\"datePublished\":\"2024-03-22T14:29:21+00:00\",\"dateModified\":\"2026-03-26T11:52:06+00:00\",\"breadcrumb\":{\"@id\":\"https:\/\/grupazejler.danielzejler.pl\/produkt\/propanowa-pompa-ciepla-ne-f90hcr5invm-9-kw\/#breadcrumb\"},\"inLanguage\":\"cs\",\"potentialAction\":[{\"@type\":\"ReadAction\",\"target\":[\"https:\/\/grupazejler.danielzejler.pl\/produkt\/propanowa-pompa-ciepla-ne-f90hcr5invm-9-kw\/\"]}]},{\"@type\":\"ImageObject\",\"inLanguage\":\"cs\",\"@id\":\"https:\/\/grupazejler.danielzejler.pl\/produkt\/propanowa-pompa-ciepla-ne-f90hcr5invm-9-kw\/#primaryimage\",\"url\":\"https:\/\/grupazejler.danielzejler.pl\/wp-content\/uploads\/2024\/03\/Bez-tytulu.jpg\",\"contentUrl\":\"https:\/\/grupazejler.danielzejler.pl\/wp-content\/uploads\/2024\/03\/Bez-tytulu.jpg\",\"width\":1083,\"height\":864},{\"@type\":\"BreadcrumbList\",\"@id\":\"https:\/\/grupazejler.danielzejler.pl\/produkt\/propanowa-pompa-ciepla-ne-f90hcr5invm-9-kw\/#breadcrumb\",\"itemListElement\":[{\"@type\":\"ListItem\",\"position\":1,\"name\":\"Strona g\u0142\u00f3wna\",\"item\":\"https:\/\/grupazejler.danielzejler.pl\/cs\/\"},{\"@type\":\"ListItem\",\"position\":2,\"name\":\"Sklep\",\"item\":\"https:\/\/grupazejler.danielzejler.pl\/sklep\/\"},{\"@type\":\"ListItem\",\"position\":3,\"name\":\"Pompy ciep\u0142a\",\"item\":\"https:\/\/grupazejler.danielzejler.pl\/kategoria-produktu\/pompy-ciepla\/\"},{\"@type\":\"ListItem\",\"position\":4,\"name\":\"Pompy ciep\u0142a typu monoblok\",\"item\":\"https:\/\/grupazejler.danielzejler.pl\/kategoria-produktu\/pompy-ciepla\/pompy-ciepla-typu-monoblok\/\"},{\"@type\":\"ListItem\",\"position\":5,\"name\":\"Propanov\u00e9 tepeln\u00e9 \u010derpadlo NE-F90HCR5INVM 9 KW R290 1N\"}]},{\"@type\":\"WebSite\",\"@id\":\"https:\/\/grupazejler.danielzejler.pl\/#website\",\"url\":\"https:\/\/grupazejler.danielzejler.pl\/\",\"name\":\"Grupa Zejler\",\"description\":\"\",\"publisher\":{\"@id\":\"https:\/\/grupazejler.danielzejler.pl\/#organization\"},\"potentialAction\":[{\"@type\":\"SearchAction\",\"target\":{\"@type\":\"EntryPoint\",\"urlTemplate\":\"https:\/\/grupazejler.danielzejler.pl\/?s={search_term_string}\"},\"query-input\":{\"@type\":\"PropertyValueSpecification\",\"valueRequired\":true,\"valueName\":\"search_term_string\"}}],\"inLanguage\":\"cs\"},{\"@type\":\"Organization\",\"@id\":\"https:\/\/grupazejler.danielzejler.pl\/#organization\",\"name\":\"Grupa Zejler\",\"url\":\"https:\/\/grupazejler.danielzejler.pl\/\",\"logo\":{\"@type\":\"ImageObject\",\"inLanguage\":\"cs\",\"@id\":\"https:\/\/grupazejler.danielzejler.pl\/#\/schema\/logo\/image\/\",\"url\":\"https:\/\/grupazejler.danielzejler.pl\/wp-content\/uploads\/2023\/11\/cropped-logo.png\",\"contentUrl\":\"https:\/\/grupazejler.danielzejler.pl\/wp-content\/uploads\/2023\/11\/cropped-logo.png\",\"width\":210,\"height\":53,\"caption\":\"Grupa Zejler\"},\"image\":{\"@id\":\"https:\/\/grupazejler.danielzejler.pl\/#\/schema\/logo\/image\/\"}}]}<\/script>\n<!-- \/ Yoast SEO plugin. -->","yoast_head_json":{"title":"Invertorov\u00e9 tepeln\u00e9 \u010derpadlo sunpro ne-f200hcr4tinem 20 kw online - Grupa Zejler","robots":{"index":"noindex","follow":"follow","max-snippet":"max-snippet:-1","max-image-preview":"max-image-preview:large","max-video-preview":"max-video-preview:-1"},"og_locale":"cs_CZ","og_type":"article","og_title":"Invertorov\u00e9 tepeln\u00e9 \u010derpadlo sunpro ne-f200hcr4tinem 20 kw online - Grupa Zejler","og_description":"SERVIS V\u00ddROBCE \/ SPOLEHLIV\u00c1 Z\u00c1RUKA \/ SERVIS PO CEL\u00c9M POLSKU Mo\u017en\u00e9 shrom\u00e1\u017ed\u011bn\u00ed - KR\u00c1TKODOB\u00c9 (Slezsk\u00e9 vojvodstv\u00ed, Opolsk\u00e9 vojvodstv\u00ed, Malopolsk\u00e9 vojvodstv\u00ed) Invertorov\u00e9 tepeln\u00e9 \u010derpadlo vzduch-voda \u0159ady Sunglow R290 od v\u00fdrobce NEWNTIDE se vyzna\u010duje nejen modern\u00edm designem a inovativn\u00edm pozinkovan\u00fdm krytem, ale tak\u00e9 \u00fa\u010dinnost\u00ed s minim\u00e1ln\u00edmi emisemi oxidu uhli\u010dit\u00e9ho. Ur\u010deno pro vyt\u00e1p\u011bn\u00ed budovy a oh\u0159ev tepl\u00e9 vody (TUV). Chladivo R290 m\u00e1 jeden z nejni\u017e\u0161\u00edch GWP ze v\u0161ech chladiv pou\u017e\u00edvan\u00fdch v tepeln\u00fdch \u010derpadlech. Pou\u017eit\u00ed tepeln\u00e9ho \u010derpadla na propan je \u0161etrn\u011bj\u0161\u00ed k \u017eivotn\u00edmu prost\u0159ed\u00ed. Tato \u010derpadla poskytuj\u00ed nejvy\u0161\u0161\u00ed \u00fa\u010dinnost p\u0159i minim\u00e1ln\u00ed zm\u011bn\u011b okoln\u00ed teploty. Jejich pr\u00e1ce se projevuje i ve vysok\u00e9m v\u00fdkonu p\u0159i velmi n\u00edzk\u00fdch venkovn\u00edch teplot\u00e1ch. VELMI vestav\u011bn\u00fd kompresor. M\u00e1 funkci WI-FI. Tepeln\u00e9 \u010derpadlo \u0159ady Sunglow s chladivem R290 (propan) je v souladu se sm\u011brnicemi EU. Z\u00e1ruku n\u00edzk\u00e9 spot\u0159eby energie dokl\u00e1d\u00e1 energetick\u00fd \u0161t\u00edtek A+++. Pou\u017eit\u00ed pln\u011b stejnosm\u011brn\u00e9ho m\u011bni\u010de zaji\u0161\u0165uje automatick\u00e9 p\u0159izp\u016fsoben\u00ed frekvence pot\u0159eb\u011b energie. Tepeln\u00e1 \u010derpadla Sunglow, jinak zn\u00e1m\u00e1 jako \"vysokoteplotn\u00ed\" tepeln\u00e1 \u010derpadla, dosahuj\u00ed tepeln\u00e9ho komfortu p\u0159i velmi n\u00edzk\u00fdch venkovn\u00edch teplot\u00e1ch. &nbsp;  Lze zakoupit jako sadu s kombinovanou n\u00e1dr\u017e\u00ed: TUV 250 l + vyrovn\u00e1vac\u00ed n\u00e1dr\u017e 100 l.","og_url":"https:\/\/grupazejler.danielzejler.pl\/produkt\/propanowa-pompa-ciepla-ne-f90hcr5invm-9-kw\/","og_site_name":"Grupa Zejler","article_modified_time":"2026-03-26T11:52:06+00:00","og_image":[{"width":1083,"height":864,"url":"https:\/\/grupazejler.danielzejler.pl\/wp-content\/uploads\/2024\/03\/Bez-tytulu.jpg","type":"image\/jpeg"}],"twitter_card":"summary_large_image","twitter_misc":{"Odhadovan\u00e1 doba \u010dten\u00ed":"1 minuta"},"schema":{"@context":"https:\/\/schema.org","@graph":[{"@type":"WebPage","@id":"https:\/\/grupazejler.danielzejler.pl\/produkt\/propanowa-pompa-ciepla-ne-f90hcr5invm-9-kw\/","url":"https:\/\/grupazejler.danielzejler.pl\/produkt\/propanowa-pompa-ciepla-ne-f90hcr5invm-9-kw\/","name":"Invertorov\u00e9 tepeln\u00e9 \u010derpadlo sunpro ne-f200hcr4tinem 20 kw online - Grupa Zejler","isPartOf":{"@id":"https:\/\/grupazejler.danielzejler.pl\/#website"},"primaryImageOfPage":{"@id":"https:\/\/grupazejler.danielzejler.pl\/produkt\/propanowa-pompa-ciepla-ne-f90hcr5invm-9-kw\/#primaryimage"},"image":{"@id":"https:\/\/grupazejler.danielzejler.pl\/produkt\/propanowa-pompa-ciepla-ne-f90hcr5invm-9-kw\/#primaryimage"},"thumbnailUrl":"https:\/\/grupazejler.danielzejler.pl\/wp-content\/uploads\/2024\/03\/Bez-tytulu.jpg","datePublished":"2024-03-22T14:29:21+00:00","dateModified":"2026-03-26T11:52:06+00:00","breadcrumb":{"@id":"https:\/\/grupazejler.danielzejler.pl\/produkt\/propanowa-pompa-ciepla-ne-f90hcr5invm-9-kw\/#breadcrumb"},"inLanguage":"cs","potentialAction":[{"@type":"ReadAction","target":["https:\/\/grupazejler.danielzejler.pl\/produkt\/propanowa-pompa-ciepla-ne-f90hcr5invm-9-kw\/"]}]},{"@type":"ImageObject","inLanguage":"cs","@id":"https:\/\/grupazejler.danielzejler.pl\/produkt\/propanowa-pompa-ciepla-ne-f90hcr5invm-9-kw\/#primaryimage","url":"https:\/\/grupazejler.danielzejler.pl\/wp-content\/uploads\/2024\/03\/Bez-tytulu.jpg","contentUrl":"https:\/\/grupazejler.danielzejler.pl\/wp-content\/uploads\/2024\/03\/Bez-tytulu.jpg","width":1083,"height":864},{"@type":"BreadcrumbList","@id":"https:\/\/grupazejler.danielzejler.pl\/produkt\/propanowa-pompa-ciepla-ne-f90hcr5invm-9-kw\/#breadcrumb","itemListElement":[{"@type":"ListItem","position":1,"name":"Strona g\u0142\u00f3wna","item":"https:\/\/grupazejler.danielzejler.pl\/cs\/"},{"@type":"ListItem","position":2,"name":"Sklep","item":"https:\/\/grupazejler.danielzejler.pl\/sklep\/"},{"@type":"ListItem","position":3,"name":"Pompy ciep\u0142a","item":"https:\/\/grupazejler.danielzejler.pl\/kategoria-produktu\/pompy-ciepla\/"},{"@type":"ListItem","position":4,"name":"Pompy ciep\u0142a typu monoblok","item":"https:\/\/grupazejler.danielzejler.pl\/kategoria-produktu\/pompy-ciepla\/pompy-ciepla-typu-monoblok\/"},{"@type":"ListItem","position":5,"name":"Propanov\u00e9 tepeln\u00e9 \u010derpadlo NE-F90HCR5INVM 9 KW R290 1N"}]},{"@type":"WebSite","@id":"https:\/\/grupazejler.danielzejler.pl\/#website","url":"https:\/\/grupazejler.danielzejler.pl\/","name":"Grupa Zejler","description":"","publisher":{"@id":"https:\/\/grupazejler.danielzejler.pl\/#organization"},"potentialAction":[{"@type":"SearchAction","target":{"@type":"EntryPoint","urlTemplate":"https:\/\/grupazejler.danielzejler.pl\/?s={search_term_string}"},"query-input":{"@type":"PropertyValueSpecification","valueRequired":true,"valueName":"search_term_string"}}],"inLanguage":"cs"},{"@type":"Organization","@id":"https:\/\/grupazejler.danielzejler.pl\/#organization","name":"Grupa Zejler","url":"https:\/\/grupazejler.danielzejler.pl\/","logo":{"@type":"ImageObject","inLanguage":"cs","@id":"https:\/\/grupazejler.danielzejler.pl\/#\/schema\/logo\/image\/","url":"https:\/\/grupazejler.danielzejler.pl\/wp-content\/uploads\/2023\/11\/cropped-logo.png","contentUrl":"https:\/\/grupazejler.danielzejler.pl\/wp-content\/uploads\/2023\/11\/cropped-logo.png","width":210,"height":53,"caption":"Grupa Zejler"},"image":{"@id":"https:\/\/grupazejler.danielzejler.pl\/#\/schema\/logo\/image\/"}}]}},"_links":{"self":[{"href":"https:\/\/grupazejler.danielzejler.pl\/cs\/wp-json\/wp\/v2\/product\/3945","targetHints":{"allow":["GET"]}}],"collection":[{"href":"https:\/\/grupazejler.danielzejler.pl\/cs\/wp-json\/wp\/v2\/product"}],"about":[{"href":"https:\/\/grupazejler.danielzejler.pl\/cs\/wp-json\/wp\/v2\/types\/product"}],"wp:featuredmedia":[{"embeddable":true,"href":"https:\/\/grupazejler.danielzejler.pl\/cs\/wp-json\/wp\/v2\/media\/3778"}],"wp:attachment":[{"href":"https:\/\/grupazejler.danielzejler.pl\/cs\/wp-json\/wp\/v2\/media?parent=3945"}],"wp:term":[{"taxonomy":"producent","embeddable":true,"href":"https:\/\/grupazejler.danielzejler.pl\/cs\/wp-json\/wp\/v2\/producent?post=3945"},{"taxonomy":"product_brand","embeddable":true,"href":"https:\/\/grupazejler.danielzejler.pl\/cs\/wp-json\/wp\/v2\/product_brand?post=3945"},{"taxonomy":"product_cat","embeddable":true,"href":"https:\/\/grupazejler.danielzejler.pl\/cs\/wp-json\/wp\/v2\/product_cat?post=3945"},{"taxonomy":"product_tag","embeddable":true,"href":"https:\/\/grupazejler.danielzejler.pl\/cs\/wp-json\/wp\/v2\/product_tag?post=3945"}],"curies":[{"name":"wp","href":"https:\/\/api.w.org\/{rel}","templated":true}]}}