{"id":3790,"date":"2023-11-20T18:29:10","date_gmt":"2023-11-20T17:29:10","guid":{"rendered":"https:\/\/grupazejler.danielzejler.pl\/shop\/"},"modified":"2024-05-10T18:25:01","modified_gmt":"2024-05-10T16:25:01","slug":"obchud-sk","status":"publish","type":"page","link":"https:\/\/grupazejler.danielzejler.pl\/sk\/obchud-sk\/","title":{"rendered":"Obchod"},"content":{"rendered":"","protected":false},"excerpt":{"rendered":"","protected":false},"author":1,"featured_media":0,"parent":0,"menu_order":0,"comment_status":"closed","ping_status":"closed","template":"","meta":{"_acf_changed":false,"_kadence_starter_templates_imported_post":false,"_kad_post_transparent":"","_kad_post_title":"","_kad_post_layout":"right","_kad_post_sidebar_id":"","_kad_post_content_style":"","_kad_post_vertical_padding":"","_kad_post_feature":"","_kad_post_feature_position":"","_kad_post_header":false,"_kad_post_footer":false,"footnotes":""},"class_list":["post-3790","page","type-page","status-publish","hentry"],"acf":[],"yoast_head":"<!-- This site is optimized with the Yoast SEO plugin v26.0 - https:\/\/yoast.com\/wordpress\/plugins\/seo\/ -->\n<title>Alarmy, parkovacie, v\u00fdstra\u017en\u00e9 syst\u00e9my online shop - Grupa Zejler<\/title>\n<meta name=\"description\" content=\"Objavte inovat\u00edvne rie\u0161enia v na\u0161om online obchode! Alarmov\u00e9 syst\u00e9my, parkovacie syst\u00e9my, v\u00fdstra\u017en\u00e9 zvukov\u00e9 syst\u00e9my od spolo\u010dnosti Zejler Group. Bezpe\u010dnos\u0165 a pohodlie na dosah ruky.\" \/>\n<meta name=\"robots\" content=\"noindex, follow, max-snippet:-1, max-image-preview:large, max-video-preview:-1\" \/>\n<meta property=\"og:locale\" content=\"sk_SK\" \/>\n<meta property=\"og:type\" content=\"article\" \/>\n<meta property=\"og:title\" content=\"Alarmy, parkovacie, v\u00fdstra\u017en\u00e9 syst\u00e9my online shop - Grupa Zejler\" \/>\n<meta property=\"og:description\" content=\"Objavte inovat\u00edvne rie\u0161enia v na\u0161om online obchode! Alarmov\u00e9 syst\u00e9my, parkovacie syst\u00e9my, v\u00fdstra\u017en\u00e9 zvukov\u00e9 syst\u00e9my od spolo\u010dnosti Zejler Group. Bezpe\u010dnos\u0165 a pohodlie na dosah ruky.\" \/>\n<meta property=\"og:url\" content=\"https:\/\/grupazejler.danielzejler.pl\/sk\/shop\/\" \/>\n<meta property=\"og:site_name\" content=\"Grupa Zejler\" \/>\n<meta property=\"article:modified_time\" content=\"2024-05-10T16:25:01+00:00\" \/>\n<meta name=\"twitter:card\" content=\"summary_large_image\" \/>\n<script type=\"application\/ld+json\" class=\"yoast-schema-graph\">{\"@context\":\"https:\/\/schema.org\",\"@graph\":[{\"@type\":\"WebPage\",\"@id\":\"https:\/\/grupazejler.danielzejler.pl\/sk\/shop\/\",\"url\":\"https:\/\/grupazejler.danielzejler.pl\/sk\/shop\/\",\"name\":\"Alarmy, parkovacie, v\u00fdstra\u017en\u00e9 syst\u00e9my online shop - Grupa Zejler\",\"isPartOf\":{\"@id\":\"https:\/\/grupazejler.danielzejler.pl\/#website\"},\"datePublished\":\"2023-11-20T17:29:10+00:00\",\"dateModified\":\"2024-05-10T16:25:01+00:00\",\"description\":\"Objavte inovat\u00edvne rie\u0161enia v na\u0161om online obchode! Alarmov\u00e9 syst\u00e9my, parkovacie syst\u00e9my, v\u00fdstra\u017en\u00e9 zvukov\u00e9 syst\u00e9my od spolo\u010dnosti Zejler Group. Bezpe\u010dnos\u0165 a pohodlie na dosah ruky.\",\"breadcrumb\":{\"@id\":\"https:\/\/grupazejler.danielzejler.pl\/sk\/shop\/#breadcrumb\"},\"inLanguage\":\"sk-SK\",\"potentialAction\":[{\"@type\":\"ReadAction\",\"target\":[\"https:\/\/grupazejler.danielzejler.pl\/sk\/shop\/\"]}]},{\"@type\":\"BreadcrumbList\",\"@id\":\"https:\/\/grupazejler.danielzejler.pl\/sk\/shop\/#breadcrumb\",\"itemListElement\":[{\"@type\":\"ListItem\",\"position\":1,\"name\":\"Strona g\u0142\u00f3wna\",\"item\":\"https:\/\/grupazejler.danielzejler.pl\/sk\/\"},{\"@type\":\"ListItem\",\"position\":2,\"name\":\"Obchod\"}]},{\"@type\":\"WebSite\",\"@id\":\"https:\/\/grupazejler.danielzejler.pl\/#website\",\"url\":\"https:\/\/grupazejler.danielzejler.pl\/\",\"name\":\"Grupa Zejler\",\"description\":\"\",\"publisher\":{\"@id\":\"https:\/\/grupazejler.danielzejler.pl\/#organization\"},\"potentialAction\":[{\"@type\":\"SearchAction\",\"target\":{\"@type\":\"EntryPoint\",\"urlTemplate\":\"https:\/\/grupazejler.danielzejler.pl\/?s={search_term_string}\"},\"query-input\":{\"@type\":\"PropertyValueSpecification\",\"valueRequired\":true,\"valueName\":\"search_term_string\"}}],\"inLanguage\":\"sk-SK\"},{\"@type\":\"Organization\",\"@id\":\"https:\/\/grupazejler.danielzejler.pl\/#organization\",\"name\":\"Grupa Zejler\",\"url\":\"https:\/\/grupazejler.danielzejler.pl\/\",\"logo\":{\"@type\":\"ImageObject\",\"inLanguage\":\"sk-SK\",\"@id\":\"https:\/\/grupazejler.danielzejler.pl\/#\/schema\/logo\/image\/\",\"url\":\"https:\/\/grupazejler.danielzejler.pl\/wp-content\/uploads\/2023\/11\/cropped-logo.png\",\"contentUrl\":\"https:\/\/grupazejler.danielzejler.pl\/wp-content\/uploads\/2023\/11\/cropped-logo.png\",\"width\":210,\"height\":53,\"caption\":\"Grupa Zejler\"},\"image\":{\"@id\":\"https:\/\/grupazejler.danielzejler.pl\/#\/schema\/logo\/image\/\"}}]}<\/script>\n<!-- \/ Yoast SEO plugin. -->","yoast_head_json":{"title":"Alarmy, parkovacie, v\u00fdstra\u017en\u00e9 syst\u00e9my online shop - Grupa Zejler","description":"Objavte inovat\u00edvne rie\u0161enia v na\u0161om online obchode! Alarmov\u00e9 syst\u00e9my, parkovacie syst\u00e9my, v\u00fdstra\u017en\u00e9 zvukov\u00e9 syst\u00e9my od spolo\u010dnosti Zejler Group. Bezpe\u010dnos\u0165 a pohodlie na dosah ruky.","robots":{"index":"noindex","follow":"follow","max-snippet":"max-snippet:-1","max-image-preview":"max-image-preview:large","max-video-preview":"max-video-preview:-1"},"og_locale":"sk_SK","og_type":"article","og_title":"Alarmy, parkovacie, v\u00fdstra\u017en\u00e9 syst\u00e9my online shop - Grupa Zejler","og_description":"Objavte inovat\u00edvne rie\u0161enia v na\u0161om online obchode! Alarmov\u00e9 syst\u00e9my, parkovacie syst\u00e9my, v\u00fdstra\u017en\u00e9 zvukov\u00e9 syst\u00e9my od spolo\u010dnosti Zejler Group. Bezpe\u010dnos\u0165 a pohodlie na dosah ruky.","og_url":"https:\/\/grupazejler.danielzejler.pl\/sk\/shop\/","og_site_name":"Grupa Zejler","article_modified_time":"2024-05-10T16:25:01+00:00","twitter_card":"summary_large_image","schema":{"@context":"https:\/\/schema.org","@graph":[{"@type":"WebPage","@id":"https:\/\/grupazejler.danielzejler.pl\/sk\/shop\/","url":"https:\/\/grupazejler.danielzejler.pl\/sk\/shop\/","name":"Alarmy, parkovacie, v\u00fdstra\u017en\u00e9 syst\u00e9my online shop - Grupa Zejler","isPartOf":{"@id":"https:\/\/grupazejler.danielzejler.pl\/#website"},"datePublished":"2023-11-20T17:29:10+00:00","dateModified":"2024-05-10T16:25:01+00:00","description":"Objavte inovat\u00edvne rie\u0161enia v na\u0161om online obchode! Alarmov\u00e9 syst\u00e9my, parkovacie syst\u00e9my, v\u00fdstra\u017en\u00e9 zvukov\u00e9 syst\u00e9my od spolo\u010dnosti Zejler Group. Bezpe\u010dnos\u0165 a pohodlie na dosah ruky.","breadcrumb":{"@id":"https:\/\/grupazejler.danielzejler.pl\/sk\/shop\/#breadcrumb"},"inLanguage":"sk-SK","potentialAction":[{"@type":"ReadAction","target":["https:\/\/grupazejler.danielzejler.pl\/sk\/shop\/"]}]},{"@type":"BreadcrumbList","@id":"https:\/\/grupazejler.danielzejler.pl\/sk\/shop\/#breadcrumb","itemListElement":[{"@type":"ListItem","position":1,"name":"Strona g\u0142\u00f3wna","item":"https:\/\/grupazejler.danielzejler.pl\/sk\/"},{"@type":"ListItem","position":2,"name":"Obchod"}]},{"@type":"WebSite","@id":"https:\/\/grupazejler.danielzejler.pl\/#website","url":"https:\/\/grupazejler.danielzejler.pl\/","name":"Grupa Zejler","description":"","publisher":{"@id":"https:\/\/grupazejler.danielzejler.pl\/#organization"},"potentialAction":[{"@type":"SearchAction","target":{"@type":"EntryPoint","urlTemplate":"https:\/\/grupazejler.danielzejler.pl\/?s={search_term_string}"},"query-input":{"@type":"PropertyValueSpecification","valueRequired":true,"valueName":"search_term_string"}}],"inLanguage":"sk-SK"},{"@type":"Organization","@id":"https:\/\/grupazejler.danielzejler.pl\/#organization","name":"Grupa Zejler","url":"https:\/\/grupazejler.danielzejler.pl\/","logo":{"@type":"ImageObject","inLanguage":"sk-SK","@id":"https:\/\/grupazejler.danielzejler.pl\/#\/schema\/logo\/image\/","url":"https:\/\/grupazejler.danielzejler.pl\/wp-content\/uploads\/2023\/11\/cropped-logo.png","contentUrl":"https:\/\/grupazejler.danielzejler.pl\/wp-content\/uploads\/2023\/11\/cropped-logo.png","width":210,"height":53,"caption":"Grupa Zejler"},"image":{"@id":"https:\/\/grupazejler.danielzejler.pl\/#\/schema\/logo\/image\/"}}]}},"_links":{"self":[{"href":"https:\/\/grupazejler.danielzejler.pl\/sk\/wp-json\/wp\/v2\/pages\/3790","targetHints":{"allow":["GET"]}}],"collection":[{"href":"https:\/\/grupazejler.danielzejler.pl\/sk\/wp-json\/wp\/v2\/pages"}],"about":[{"href":"https:\/\/grupazejler.danielzejler.pl\/sk\/wp-json\/wp\/v2\/types\/page"}],"author":[{"embeddable":true,"href":"https:\/\/grupazejler.danielzejler.pl\/sk\/wp-json\/wp\/v2\/users\/1"}],"replies":[{"embeddable":true,"href":"https:\/\/grupazejler.danielzejler.pl\/sk\/wp-json\/wp\/v2\/comments?post=3790"}],"version-history":[{"count":2,"href":"https:\/\/grupazejler.danielzejler.pl\/sk\/wp-json\/wp\/v2\/pages\/3790\/revisions"}],"predecessor-version":[{"id":3913,"href":"https:\/\/grupazejler.danielzejler.pl\/sk\/wp-json\/wp\/v2\/pages\/3790\/revisions\/3913"}],"wp:attachment":[{"href":"https:\/\/grupazejler.danielzejler.pl\/sk\/wp-json\/wp\/v2\/media?parent=3790"}],"curies":[{"name":"wp","href":"https:\/\/api.w.org\/{rel}","templated":true}]}}