{"id":3869,"date":"2023-11-20T18:37:26","date_gmt":"2023-11-20T17:37:26","guid":{"rendered":"https:\/\/grupazejler.danielzejler.pl\/praca\/"},"modified":"2024-05-10T18:03:59","modified_gmt":"2024-05-10T16:03:59","slug":"praca","status":"publish","type":"page","link":"https:\/\/grupazejler.danielzejler.pl\/sk\/praca\/","title":{"rendered":"Pr\u00e1ca"},"content":{"rendered":"<style>.kb-row-layout-id3869_5b1b1b-f1 > .kt-row-column-wrap{align-content:start;}:where(.kb-row-layout-id3869_5b1b1b-f1 > .kt-row-column-wrap) > .wp-block-kadence-column{justify-content:start;}.kb-row-layout-id3869_5b1b1b-f1 > .kt-row-column-wrap{column-gap:var(--global-kb-gap-md, 2rem);row-gap:var(--global-kb-gap-md, 2rem);max-width:800px;margin-left:auto;margin-right:auto;padding-top:var(--global-kb-spacing-xxl, 5rem);padding-bottom:var(--global-kb-spacing-xxl, 5rem);grid-template-columns:minmax(0, 1fr);}.kb-row-layout-id3869_5b1b1b-f1{background-image:url('https:\/\/grupazejler.danielzejler.pl\/wp-content\/uploads\/2023\/11\/onas1-scaled.jpg');background-size:cover;background-position:48% 56.99999999999999%;background-attachment:scroll;background-repeat:no-repeat;}.kb-row-layout-id3869_5b1b1b-f1 > .kt-row-layout-overlay{opacity:0.60;background-color:var(--global-palette3, #1A202C);}@media all and (max-width: 1024px){.kb-row-layout-id3869_5b1b1b-f1 > .kt-row-column-wrap{grid-template-columns:minmax(0, 1fr);}}@media all and (max-width: 767px){.kb-row-layout-id3869_5b1b1b-f1 > .kt-row-column-wrap{grid-template-columns:minmax(0, 1fr);}}<\/style><div class=\"kb-row-layout-wrap kb-row-layout-id3869_5b1b1b-f1 alignnone kt-row-has-bg wp-block-kadence-rowlayout\"><div class=\"kt-row-layout-overlay kt-row-overlay-normal\"><\/div><div class=\"kt-row-column-wrap kt-has-1-columns kt-row-layout-equal kt-tab-layout-inherit kt-mobile-layout-row kt-row-valign-top\">\n<style>.kadence-column3869_20d71f-52 > .kt-inside-inner-col,.kadence-column3869_20d71f-52 > .kt-inside-inner-col:before{border-top-left-radius:0px;border-top-right-radius:0px;border-bottom-right-radius:0px;border-bottom-left-radius:0px;}.kadence-column3869_20d71f-52 > .kt-inside-inner-col{column-gap:var(--global-kb-gap-sm, 1rem);}.kadence-column3869_20d71f-52 > .kt-inside-inner-col{flex-direction:column;}.kadence-column3869_20d71f-52 > .kt-inside-inner-col > .aligncenter{width:100%;}.kadence-column3869_20d71f-52 > .kt-inside-inner-col:before{opacity:0.3;}.kadence-column3869_20d71f-52{position:relative;}@media all and (max-width: 1024px){.kadence-column3869_20d71f-52 > .kt-inside-inner-col{flex-direction:column;justify-content:center;}}@media all and (max-width: 767px){.kadence-column3869_20d71f-52 > .kt-inside-inner-col{flex-direction:column;justify-content:center;}}<\/style>\n<div class=\"wp-block-kadence-column kadence-column3869_20d71f-52\"><div class=\"kt-inside-inner-col\"><style>.wp-block-kadence-advancedheading.kt-adv-heading3869_41fc59-e0, .wp-block-kadence-advancedheading.kt-adv-heading3869_41fc59-e0[data-kb-block=\"kb-adv-heading3869_41fc59-e0\"]{text-align:center;font-size:var(--global-kb-font-size-xl, 3rem);font-style:normal;}.wp-block-kadence-advancedheading.kt-adv-heading3869_41fc59-e0 mark.kt-highlight, .wp-block-kadence-advancedheading.kt-adv-heading3869_41fc59-e0[data-kb-block=\"kb-adv-heading3869_41fc59-e0\"] mark.kt-highlight{font-style:normal;color:#f76a0c;-webkit-box-decoration-break:clone;box-decoration-break:clone;padding-top:0px;padding-right:0px;padding-bottom:0px;padding-left:0px;}<\/style>\n<h1 class=\"kt-adv-heading3869_41fc59-e0 wp-block-kadence-advancedheading has-theme-palette-9-color has-text-color\" data-kb-block=\"kb-adv-heading3869_41fc59-e0\">Pracovn\u00e9 pr\u00edle\u017eitosti<\/h1>\n\n\n<style>.wp-block-kadence-advancedheading.kt-adv-heading3869_4b77b7-c1, .wp-block-kadence-advancedheading.kt-adv-heading3869_4b77b7-c1[data-kb-block=\"kb-adv-heading3869_4b77b7-c1\"]{text-align:center;font-size:18px;font-style:normal;}.wp-block-kadence-advancedheading.kt-adv-heading3869_4b77b7-c1 mark.kt-highlight, .wp-block-kadence-advancedheading.kt-adv-heading3869_4b77b7-c1[data-kb-block=\"kb-adv-heading3869_4b77b7-c1\"] mark.kt-highlight{font-style:normal;color:#f76a0c;-webkit-box-decoration-break:clone;box-decoration-break:clone;padding-top:0px;padding-right:0px;padding-bottom:0px;padding-left:0px;}<\/style>\n<p class=\"kt-adv-heading3869_4b77b7-c1 wp-block-kadence-advancedheading has-theme-palette-9-color has-text-color\" data-kb-block=\"kb-adv-heading3869_4b77b7-c1\">Na\u0161a spolo\u010dnos\u0165 h\u013ead\u00e1 nov\u00fdch zamestnancov do Tarnowskie G\u00f3ry. Sme priekopn\u00edkmi v oblasti obnovite\u013en\u00fdch zdrojov energie a bezpe\u010dnostn\u00fdch syst\u00e9mov. Pon\u00fakame pracovn\u00e9 prostredie, v ktorom s\u00fa prioritou hodnoty ako profesionalita, udr\u017eate\u013enos\u0165 a inov\u00e1cie. Ak ste pripraven\u00ed na v\u00fdzvu a chcete r\u00e1s\u0165 v renomovanej spolo\u010dnosti, pozrite si vo\u013en\u00e9 pracovn\u00e9 miesta a pridajte sa k skupine Zejler Group, aby ste spolo\u010dne budovali bud\u00facnos\u0165 na\u0161ej organiz\u00e1cie a prispeli k rastu odvetvia.<\/p>\n<\/div><\/div>\n\n<\/div><\/div>\n\n<style>.kb-row-layout-id3869_bcf154-41 > .kt-row-column-wrap{align-content:start;}:where(.kb-row-layout-id3869_bcf154-41 > .kt-row-column-wrap) > .wp-block-kadence-column{justify-content:start;}.kb-row-layout-id3869_bcf154-41 > .kt-row-column-wrap{column-gap:var(--global-kb-gap-md, 2rem);row-gap:var(--global-kb-gap-md, 2rem);max-width:800px;margin-left:auto;margin-right:auto;padding-top:var(--global-kb-spacing-xl, 4rem);padding-right:var(--global-kb-spacing-sm, 1.5rem);padding-bottom:var(--global-kb-spacing-xxl, 5rem);padding-left:var(--global-kb-spacing-sm, 1.5rem);grid-template-columns:minmax(0, 1fr);}.kb-row-layout-id3869_bcf154-41 > .kt-row-layout-overlay{opacity:0.30;}@media all and (max-width: 1024px){.kb-row-layout-id3869_bcf154-41 > .kt-row-column-wrap{grid-template-columns:minmax(0, 1fr);}}@media all and (max-width: 767px){.kb-row-layout-id3869_bcf154-41 > .kt-row-column-wrap{grid-template-columns:minmax(0, 1fr);}}<\/style><div class=\"kb-row-layout-wrap kb-row-layout-id3869_bcf154-41 alignnone wp-block-kadence-rowlayout\"><div class=\"kt-row-column-wrap kt-has-1-columns kt-row-layout-equal kt-tab-layout-inherit kt-mobile-layout-row kt-row-valign-top\">\n<style>.kadence-column3869_a0cfb4-16 > .kt-inside-inner-col,.kadence-column3869_a0cfb4-16 > .kt-inside-inner-col:before{border-top-left-radius:0px;border-top-right-radius:0px;border-bottom-right-radius:0px;border-bottom-left-radius:0px;}.kadence-column3869_a0cfb4-16 > .kt-inside-inner-col{column-gap:var(--global-kb-gap-sm, 1rem);}.kadence-column3869_a0cfb4-16 > .kt-inside-inner-col{flex-direction:column;}.kadence-column3869_a0cfb4-16 > .kt-inside-inner-col > .aligncenter{width:100%;}.kadence-column3869_a0cfb4-16 > .kt-inside-inner-col:before{opacity:0.3;}.kadence-column3869_a0cfb4-16{position:relative;}@media all and (max-width: 1024px){.kadence-column3869_a0cfb4-16 > .kt-inside-inner-col{flex-direction:column;justify-content:center;}}@media all and (max-width: 767px){.kadence-column3869_a0cfb4-16 > .kt-inside-inner-col{flex-direction:column;justify-content:center;}}<\/style>\n<div class=\"wp-block-kadence-column kadence-column3869_a0cfb4-16\"><div class=\"kt-inside-inner-col\"><style>.kb-posts-id-3869_09eae6-23 .entry.loop-entry .entry-header .entry-title{font-size:var(--global-kb-font-size-md, 1.25rem);}.kb-posts-id-3869_09eae6-23 .loop-entry{background:transparent;box-shadow:none;}.kb-posts-id-3869_09eae6-23 .loop-entry > .entry-content-wrap{padding:0px;}.kb-posts-id-3869_09eae6-23 .loop-entry .post-thumbnail{margin-bottom:1em;}<\/style><ul class=\"wp-block-kadence-posts kb-posts kadence-posts-list kb-posts-id-3869_09eae6-23 content-wrap grid-cols kb-posts-style-unboxed grid-sm-col-1 grid-lg-col-1 item-image-style-beside\"><li class=\"kb-post-list-item\">\n\t<article class=\"entry content-bg loop-entry post-321 oferta-pracy type-oferta-pracy status-publish hentry\">\n\t\t\t\t<div class=\"entry-content-wrap\">\n\t\t\t<header class=\"entry-header\">\n\t<h2 class=\"entry-title\"><a href=\"https:\/\/grupazejler.danielzejler.pl\/sk\/oferta-pracy\/monter-instalacji-fotowoltaicznych\/\" rel=\"bookmark\">Elektryk<\/a><\/h2><\/header><!-- .entry-header -->\n\t<div class=\"entry-summary\">\n\t\t\t<\/div><!-- .entry-summary -->\n\t<footer class=\"entry-footer\">\n\t\t\t<div class=\"entry-actions\">\n\t\t\t<p class=\"more-link-wrap\">\n\t\t\t\t<a href=\"https:\/\/grupazejler.danielzejler.pl\/sk\/oferta-pracy\/monter-instalacji-fotowoltaicznych\/\" class=\"post-more-link\">\n\t\t\t\t\tPozri viac<span class=\"screen-reader-text\"> Elektryk<\/span><span class=\"kadence-svg-iconset svg-baseline\"><svg aria-hidden=\"true\" class=\"kadence-svg-icon kadence-arrow-right-alt-svg\" fill=\"currentColor\" version=\"1.1\" xmlns=\"http:\/\/www.w3.org\/2000\/svg\" width=\"27\" height=\"28\" viewBox=\"0 0 27 28\"><title>Continue<\/title><path d=\"M27 13.953c0 0.141-0.063 0.281-0.156 0.375l-6 5.531c-0.156 0.141-0.359 0.172-0.547 0.094-0.172-0.078-0.297-0.25-0.297-0.453v-3.5h-19.5c-0.281 0-0.5-0.219-0.5-0.5v-3c0-0.281 0.219-0.5 0.5-0.5h19.5v-3.5c0-0.203 0.109-0.375 0.297-0.453s0.391-0.047 0.547 0.078l6 5.469c0.094 0.094 0.156 0.219 0.156 0.359v0z\"><\/path>\n\t\t\t<\/svg><\/span>\t\t\t\t<\/a>\n\t\t\t<\/p>\n\t\t<\/div><!-- .entry-actions -->\n\t\t<\/footer><!-- .entry-footer -->\t\t<\/div>\n\t<\/article>\n<\/li>\n<\/ul><\/div><\/div>\n\n<\/div><\/div>","protected":false},"excerpt":{"rendered":"<p>Pracovn\u00e9 pr\u00edle\u017eitosti Na\u0161a spolo\u010dnos\u0165 h\u013ead\u00e1 nov\u00fdch zamestnancov do Tarnowskie G\u00f3ry. Sme priekopn\u00edkmi v oblasti obnovite\u013en\u00fdch zdrojov energie a bezpe\u010dnostn\u00fdch syst\u00e9mov. Pon\u00fakame pracovn\u00e9 prostredie, v ktorom s\u00fa prioritou hodnoty ako profesionalita, udr\u017eate\u013enos\u0165 a inov\u00e1cie. Ak ste pripraven\u00ed na v\u00fdzvu a chcete r\u00e1s\u0165 v renomovanej spolo\u010dnosti, pozrite si vo\u013en\u00e9 pracovn\u00e9 miesta a pridajte sa k skupine Zejler&#8230;<\/p>\n","protected":false},"author":1,"featured_media":0,"parent":0,"menu_order":0,"comment_status":"closed","ping_status":"closed","template":"","meta":{"_acf_changed":false,"_kadence_starter_templates_imported_post":false,"_kad_post_transparent":"","_kad_post_title":"hide","_kad_post_layout":"fullwidth","_kad_post_sidebar_id":"","_kad_post_content_style":"unboxed","_kad_post_vertical_padding":"hide","_kad_post_feature":"","_kad_post_feature_position":"","_kad_post_header":false,"_kad_post_footer":false,"footnotes":""},"class_list":["post-3869","page","type-page","status-publish","hentry"],"acf":[],"yoast_head":"<!-- This site is optimized with the Yoast SEO plugin v26.0 - https:\/\/yoast.com\/wordpress\/plugins\/seo\/ -->\n<title>Pracovn\u00e9 pr\u00edle\u017eitosti Tarnowskie G\u00f3ry - Grupa Zejler<\/title>\n<meta name=\"description\" content=\"Pozrite si aktu\u00e1lne pracovn\u00e9 ponuky v Tarnowsk\u00fdch G\u00f3roch v skupine Zejler. Pridajte sa k n\u00e1\u0161mu t\u00edmu a rozv\u00edjajte sa v dynamickom prostred\u00ed. N\u00e1jdite s nami svoju kari\u00e9rnu cestu.\" \/>\n<meta name=\"robots\" content=\"noindex, follow, max-snippet:-1, max-image-preview:large, max-video-preview:-1\" \/>\n<meta property=\"og:locale\" content=\"sk_SK\" \/>\n<meta property=\"og:type\" content=\"article\" \/>\n<meta property=\"og:title\" content=\"Pracovn\u00e9 pr\u00edle\u017eitosti Tarnowskie G\u00f3ry - Grupa Zejler\" \/>\n<meta property=\"og:description\" content=\"Pozrite si aktu\u00e1lne pracovn\u00e9 ponuky v Tarnowsk\u00fdch G\u00f3roch v skupine Zejler. Pridajte sa k n\u00e1\u0161mu t\u00edmu a rozv\u00edjajte sa v dynamickom prostred\u00ed. N\u00e1jdite s nami svoju kari\u00e9rnu cestu.\" \/>\n<meta property=\"og:url\" content=\"https:\/\/grupazejler.danielzejler.pl\/sk\/praca\/\" \/>\n<meta property=\"og:site_name\" content=\"Grupa Zejler\" \/>\n<meta property=\"article:modified_time\" content=\"2024-05-10T16:03:59+00:00\" \/>\n<meta name=\"twitter:card\" content=\"summary_large_image\" \/>\n<meta name=\"twitter:label1\" content=\"Predpokladan\u00fd \u010das \u010d\u00edtania\" \/>\n\t<meta name=\"twitter:data1\" content=\"1 min\u00fata\" \/>\n<script type=\"application\/ld+json\" class=\"yoast-schema-graph\">{\"@context\":\"https:\/\/schema.org\",\"@graph\":[{\"@type\":\"WebPage\",\"@id\":\"https:\/\/grupazejler.danielzejler.pl\/sk\/praca\/\",\"url\":\"https:\/\/grupazejler.danielzejler.pl\/sk\/praca\/\",\"name\":\"Pracovn\u00e9 pr\u00edle\u017eitosti Tarnowskie G\u00f3ry - Grupa Zejler\",\"isPartOf\":{\"@id\":\"https:\/\/grupazejler.danielzejler.pl\/#website\"},\"datePublished\":\"2023-11-20T17:37:26+00:00\",\"dateModified\":\"2024-05-10T16:03:59+00:00\",\"description\":\"Pozrite si aktu\u00e1lne pracovn\u00e9 ponuky v Tarnowsk\u00fdch G\u00f3roch v skupine Zejler. Pridajte sa k n\u00e1\u0161mu t\u00edmu a rozv\u00edjajte sa v dynamickom prostred\u00ed. N\u00e1jdite s nami svoju kari\u00e9rnu cestu.\",\"breadcrumb\":{\"@id\":\"https:\/\/grupazejler.danielzejler.pl\/sk\/praca\/#breadcrumb\"},\"inLanguage\":\"sk-SK\",\"potentialAction\":[{\"@type\":\"ReadAction\",\"target\":[\"https:\/\/grupazejler.danielzejler.pl\/sk\/praca\/\"]}]},{\"@type\":\"BreadcrumbList\",\"@id\":\"https:\/\/grupazejler.danielzejler.pl\/sk\/praca\/#breadcrumb\",\"itemListElement\":[{\"@type\":\"ListItem\",\"position\":1,\"name\":\"Strona g\u0142\u00f3wna\",\"item\":\"https:\/\/grupazejler.danielzejler.pl\/sk\/\"},{\"@type\":\"ListItem\",\"position\":2,\"name\":\"Pr\u00e1ca\"}]},{\"@type\":\"WebSite\",\"@id\":\"https:\/\/grupazejler.danielzejler.pl\/#website\",\"url\":\"https:\/\/grupazejler.danielzejler.pl\/\",\"name\":\"Grupa Zejler\",\"description\":\"\",\"publisher\":{\"@id\":\"https:\/\/grupazejler.danielzejler.pl\/#organization\"},\"potentialAction\":[{\"@type\":\"SearchAction\",\"target\":{\"@type\":\"EntryPoint\",\"urlTemplate\":\"https:\/\/grupazejler.danielzejler.pl\/?s={search_term_string}\"},\"query-input\":{\"@type\":\"PropertyValueSpecification\",\"valueRequired\":true,\"valueName\":\"search_term_string\"}}],\"inLanguage\":\"sk-SK\"},{\"@type\":\"Organization\",\"@id\":\"https:\/\/grupazejler.danielzejler.pl\/#organization\",\"name\":\"Grupa Zejler\",\"url\":\"https:\/\/grupazejler.danielzejler.pl\/\",\"logo\":{\"@type\":\"ImageObject\",\"inLanguage\":\"sk-SK\",\"@id\":\"https:\/\/grupazejler.danielzejler.pl\/#\/schema\/logo\/image\/\",\"url\":\"https:\/\/grupazejler.danielzejler.pl\/wp-content\/uploads\/2023\/11\/cropped-logo.png\",\"contentUrl\":\"https:\/\/grupazejler.danielzejler.pl\/wp-content\/uploads\/2023\/11\/cropped-logo.png\",\"width\":210,\"height\":53,\"caption\":\"Grupa Zejler\"},\"image\":{\"@id\":\"https:\/\/grupazejler.danielzejler.pl\/#\/schema\/logo\/image\/\"}}]}<\/script>\n<!-- \/ Yoast SEO plugin. -->","yoast_head_json":{"title":"Pracovn\u00e9 pr\u00edle\u017eitosti Tarnowskie G\u00f3ry - Grupa Zejler","description":"Pozrite si aktu\u00e1lne pracovn\u00e9 ponuky v Tarnowsk\u00fdch G\u00f3roch v skupine Zejler. Pridajte sa k n\u00e1\u0161mu t\u00edmu a rozv\u00edjajte sa v dynamickom prostred\u00ed. N\u00e1jdite s nami svoju kari\u00e9rnu cestu.","robots":{"index":"noindex","follow":"follow","max-snippet":"max-snippet:-1","max-image-preview":"max-image-preview:large","max-video-preview":"max-video-preview:-1"},"og_locale":"sk_SK","og_type":"article","og_title":"Pracovn\u00e9 pr\u00edle\u017eitosti Tarnowskie G\u00f3ry - Grupa Zejler","og_description":"Pozrite si aktu\u00e1lne pracovn\u00e9 ponuky v Tarnowsk\u00fdch G\u00f3roch v skupine Zejler. Pridajte sa k n\u00e1\u0161mu t\u00edmu a rozv\u00edjajte sa v dynamickom prostred\u00ed. N\u00e1jdite s nami svoju kari\u00e9rnu cestu.","og_url":"https:\/\/grupazejler.danielzejler.pl\/sk\/praca\/","og_site_name":"Grupa Zejler","article_modified_time":"2024-05-10T16:03:59+00:00","twitter_card":"summary_large_image","twitter_misc":{"Predpokladan\u00fd \u010das \u010d\u00edtania":"1 min\u00fata"},"schema":{"@context":"https:\/\/schema.org","@graph":[{"@type":"WebPage","@id":"https:\/\/grupazejler.danielzejler.pl\/sk\/praca\/","url":"https:\/\/grupazejler.danielzejler.pl\/sk\/praca\/","name":"Pracovn\u00e9 pr\u00edle\u017eitosti Tarnowskie G\u00f3ry - Grupa Zejler","isPartOf":{"@id":"https:\/\/grupazejler.danielzejler.pl\/#website"},"datePublished":"2023-11-20T17:37:26+00:00","dateModified":"2024-05-10T16:03:59+00:00","description":"Pozrite si aktu\u00e1lne pracovn\u00e9 ponuky v Tarnowsk\u00fdch G\u00f3roch v skupine Zejler. Pridajte sa k n\u00e1\u0161mu t\u00edmu a rozv\u00edjajte sa v dynamickom prostred\u00ed. N\u00e1jdite s nami svoju kari\u00e9rnu cestu.","breadcrumb":{"@id":"https:\/\/grupazejler.danielzejler.pl\/sk\/praca\/#breadcrumb"},"inLanguage":"sk-SK","potentialAction":[{"@type":"ReadAction","target":["https:\/\/grupazejler.danielzejler.pl\/sk\/praca\/"]}]},{"@type":"BreadcrumbList","@id":"https:\/\/grupazejler.danielzejler.pl\/sk\/praca\/#breadcrumb","itemListElement":[{"@type":"ListItem","position":1,"name":"Strona g\u0142\u00f3wna","item":"https:\/\/grupazejler.danielzejler.pl\/sk\/"},{"@type":"ListItem","position":2,"name":"Pr\u00e1ca"}]},{"@type":"WebSite","@id":"https:\/\/grupazejler.danielzejler.pl\/#website","url":"https:\/\/grupazejler.danielzejler.pl\/","name":"Grupa Zejler","description":"","publisher":{"@id":"https:\/\/grupazejler.danielzejler.pl\/#organization"},"potentialAction":[{"@type":"SearchAction","target":{"@type":"EntryPoint","urlTemplate":"https:\/\/grupazejler.danielzejler.pl\/?s={search_term_string}"},"query-input":{"@type":"PropertyValueSpecification","valueRequired":true,"valueName":"search_term_string"}}],"inLanguage":"sk-SK"},{"@type":"Organization","@id":"https:\/\/grupazejler.danielzejler.pl\/#organization","name":"Grupa Zejler","url":"https:\/\/grupazejler.danielzejler.pl\/","logo":{"@type":"ImageObject","inLanguage":"sk-SK","@id":"https:\/\/grupazejler.danielzejler.pl\/#\/schema\/logo\/image\/","url":"https:\/\/grupazejler.danielzejler.pl\/wp-content\/uploads\/2023\/11\/cropped-logo.png","contentUrl":"https:\/\/grupazejler.danielzejler.pl\/wp-content\/uploads\/2023\/11\/cropped-logo.png","width":210,"height":53,"caption":"Grupa Zejler"},"image":{"@id":"https:\/\/grupazejler.danielzejler.pl\/#\/schema\/logo\/image\/"}}]}},"_links":{"self":[{"href":"https:\/\/grupazejler.danielzejler.pl\/sk\/wp-json\/wp\/v2\/pages\/3869","targetHints":{"allow":["GET"]}}],"collection":[{"href":"https:\/\/grupazejler.danielzejler.pl\/sk\/wp-json\/wp\/v2\/pages"}],"about":[{"href":"https:\/\/grupazejler.danielzejler.pl\/sk\/wp-json\/wp\/v2\/types\/page"}],"author":[{"embeddable":true,"href":"https:\/\/grupazejler.danielzejler.pl\/sk\/wp-json\/wp\/v2\/users\/1"}],"replies":[{"embeddable":true,"href":"https:\/\/grupazejler.danielzejler.pl\/sk\/wp-json\/wp\/v2\/comments?post=3869"}],"version-history":[{"count":4,"href":"https:\/\/grupazejler.danielzejler.pl\/sk\/wp-json\/wp\/v2\/pages\/3869\/revisions"}],"predecessor-version":[{"id":3902,"href":"https:\/\/grupazejler.danielzejler.pl\/sk\/wp-json\/wp\/v2\/pages\/3869\/revisions\/3902"}],"wp:attachment":[{"href":"https:\/\/grupazejler.danielzejler.pl\/sk\/wp-json\/wp\/v2\/media?parent=3869"}],"curies":[{"name":"wp","href":"https:\/\/api.w.org\/{rel}","templated":true}]}}