{"id":3877,"date":"2023-11-20T18:26:14","date_gmt":"2023-11-20T17:26:14","guid":{"rendered":"https:\/\/grupazejler.danielzejler.pl\/zasady-ochrany-osobnych-udajov\/"},"modified":"2024-05-10T17:55:01","modified_gmt":"2024-05-10T15:55:01","slug":"zasady-ochrany-osobnych-udajov","status":"publish","type":"page","link":"https:\/\/grupazejler.danielzejler.pl\/sk\/zasady-ochrany-osobnych-udajov\/","title":{"rendered":"Z\u00e1sady ochrany osobn\u00fdch \u00fadajov"},"content":{"rendered":"\n<p><strong>Z\u00c1SADY OCHRANY OSOBN\u00ddCH \u00daDAJOV V INTERNETOVOM OBCHODE<\/strong> <strong>WWW.GRUPAAZEJLER.PL<\/strong><\/p>\n\n<p><strong>\u00a7 1<\/strong> <strong>V\u0160EOBECN\u00c9 USTANOVENIA<\/strong><\/p>\n\n<ol class=\"wp-block-list\">\n<li>Spr\u00e1vcom osobn\u00fdch \u00fadajov z\u00edskan\u00fdch prostredn\u00edctvom internetov\u00e9ho obchodu www.grupazejler.pl je Jacek Zejler, podnikaj\u00faci pod n\u00e1zvom GRUPA ZEJLER JACEK ZEJLER, zap\u00edsan\u00fd v Centr\u00e1lnom registri a inform\u00e1ci\u00e1ch o podnikate\u013eskej \u010dinnosti Po\u013eskej republiky, vedenom ministrom zodpovedn\u00fdm za hospod\u00e1rstvo, miesto podnikania a adresa na doru\u010dovanie: ul. Wojska Polskiego 9, 42-600 Tarnowskie G\u00f3ry, NIP: 6451468671, REGON: 273150653, adresa elektronickej po\u0161ty (e-mail): (e-mail): biuro@grupazejler.danielzejler.pl, \u010falej len &#8222;spr\u00e1vca&#8220;, ktor\u00fd je z\u00e1rove\u0148 &#8222;poskytovate\u013eom slu\u017eieb&#8220;.<\/li>\n\n\n\n<li>Osobn\u00e9 \u00fadaje, ktor\u00e9 spr\u00e1vca zhroma\u017e\u010fuje prostredn\u00edctvom webovej str\u00e1nky, sa sprac\u00favaj\u00fa v s\u00falade s nariaden\u00edm Eur\u00f3pskeho parlamentu a Rady (E\u00da) 2016\/679 z 27. apr\u00edla 2016. o ochrane fyzick\u00fdch os\u00f4b pri sprac\u00favan\u00ed osobn\u00fdch \u00fadajov a o vo\u013enom pohybe tak\u00fdchto \u00fadajov a o zru\u0161en\u00ed smernice 95\/46\/ES (v\u0161eobecn\u00e9 nariadenie o ochrane \u00fadajov), \u010falej len &#8220; <strong>RODO&#8220;.<\/strong><\/li>\n\n\n\n<li>Ak\u00e9ko\u013evek slov\u00e1 alebo v\u00fdrazy uveden\u00e9 v texte t\u00fdchto z\u00e1sad ochrany osobn\u00fdch \u00fadajov s ve\u013ek\u00fdm za\u010diato\u010dn\u00fdm p\u00edsmenom sa ch\u00e1pu tak, ako s\u00fa definovan\u00e9 v zmluvn\u00fdch podmienkach internetov\u00e9ho obchodu www.grupazejler.pl.<\/li>\n<\/ol>\n\n<p><strong>\u00a7 2 TYP SPRAC\u00daVAN\u00ddCH OSOBN\u00ddCH \u00daDAJOV, \u00da\u010cEL A ROZSAH ZHROMA\u017d\u010eOVANIA \u00daDAJOV<\/strong><\/p>\n\n<p><\/p>\n\n<ol class=\"wp-block-list\">\n<li><strong>\u00da\u010cEL SPRACOVANIA A PR\u00c1VNY Z\u00c1KLAD.<\/strong>  Spr\u00e1vca sprac\u00fava osobn\u00e9 \u00fadaje z\u00e1kazn\u00edkov obchodu www.grupazejler.pl v pr\u00edpade:<br\/>1. registr\u00e1cia \u00fa\u010dtu v obchode za \u00fa\u010delom vytvorenia a spr\u00e1vy individu\u00e1lneho \u00fa\u010dtu pod\u013ea \u010dl. 6 ods. 1 p\u00edsm. b) RODO (plnenie zmluvy o poskytovan\u00ed elektronick\u00fdch slu\u017eieb v s\u00falade s obchodn\u00fdm poriadkom),<br\/>2. zadanie objedn\u00e1vky v obchode za \u00fa\u010delom plnenia k\u00fapnej zmluvy pod\u013ea \u010dl. 6 ods. 1b) RODO (plnenie k\u00fapnej zmluvy).<br\/>3. pou\u017ei\u0165 kontaktn\u00fd formul\u00e1r na zaslanie spr\u00e1vy spr\u00e1vcovi na z\u00e1klade \u010dl. 6 ods. 1 p\u00edsm. f) RODO (opr\u00e1vnen\u00fd obchodn\u00fd z\u00e1ujem).<br\/> <\/li>\n\n\n\n<li><strong>TYP SPRAC\u00daVAN\u00ddCH OSOBN\u00ddCH \u00daDAJOV.<\/strong>  Z\u00e1kazn\u00edk uvedie v pr\u00edpade:<br\/><br\/>1.<strong> \u00fa\u010dty<\/strong>: meno, prihlasovacie meno, adresa, e-mailov\u00e1 adresa.<br\/>2. <strong>objedn\u00e1vky<\/strong>: n\u00e1zov, adresa, I\u010cO, e-mailov\u00e1 adresa, telef\u00f3nne \u010d\u00edslo.<br\/>3.<strong> kontaktn\u00fd formul\u00e1r<\/strong>: meno, e-mailov\u00e1 adresa<br\/> <\/li>\n\n\n\n<li><strong>DOBA ARCHIV\u00c1CIE OSOBN\u00ddCH \u00daDAJOV.<\/strong>  Osobn\u00e9 \u00fadaje z\u00e1kazn\u00edkov uchov\u00e1va spr\u00e1vca:<br\/><br\/>1. ak je sprac\u00favanie zalo\u017een\u00e9 na plnen\u00ed zmluvy, tak dlho, ako je to potrebn\u00e9 na plnenie zmluvy, a potom po dobu zodpovedaj\u00facu dobe preml\u010dania n\u00e1rokov. Ak nie je v osobitnom ustanoven\u00ed stanoven\u00e9 inak, preml\u010dacia lehota je \u0161es\u0165 rokov a tri roky pre n\u00e1roky na pravideln\u00e9 d\u00e1vky a n\u00e1roky t\u00fdkaj\u00face sa v\u00fdkonu \u010dinnosti.<br\/>2. ak je sprac\u00favanie zalo\u017een\u00e9 na s\u00fahlase, po dobu, k\u00fdm s\u00fahlas nie je odvolan\u00fd, a po odvolan\u00ed s\u00fahlasu po dobu zodpovedaj\u00facu dobe preml\u010dania n\u00e1rokov, ktor\u00e9 m\u00f4\u017ee Spr\u00e1vca uplatni\u0165 a ktor\u00e9 m\u00f4\u017eu by\u0165 vo\u010di nemu uplatnen\u00e9. Ak nie je v osobitnom ustanoven\u00ed stanoven\u00e9 inak, preml\u010dacia lehota je \u0161es\u0165 rokov a tri roky pre n\u00e1roky na pravideln\u00e9 d\u00e1vky a n\u00e1roky t\u00fdkaj\u00face sa v\u00fdkonu \u010dinnosti.<br\/> <\/li>\n\n\n\n<li>Pri pou\u017e\u00edvan\u00ed obchodu sa m\u00f4\u017eu zhroma\u017e\u010fova\u0165 \u010fal\u0161ie inform\u00e1cie, najm\u00e4: IP adresa pridelen\u00e1 po\u010d\u00edta\u010du z\u00e1kazn\u00edka alebo extern\u00e1 IP adresa poskytovate\u013ea internetu, n\u00e1zov dom\u00e9ny, typ prehliada\u010da, \u010das pr\u00edstupu, typ opera\u010dn\u00e9ho syst\u00e9mu.<\/li>\n\n\n\n<li>Na z\u00e1klade osobitn\u00e9ho s\u00fahlasu pod\u013ea \u010dl. 6 ods. 1 p\u00edsm. a) RODO, \u00fadaje m\u00f4\u017eu by\u0165 sprac\u00favan\u00e9 aj na \u00fa\u010dely zasielania obchodn\u00fdch inform\u00e1ci\u00ed elektronick\u00fdmi prostriedkami alebo telefonick\u00fdch hovorov na \u00fa\u010dely priameho marketingu &#8211; resp. v s\u00favislosti s \u010dl. 10 ods. 2 z\u00e1kona z 18. j\u00fala 2002 o poskytovan\u00ed elektronick\u00fdch slu\u017eieb alebo \u010dl. 172(1). 1 z\u00e1kona o telekomunik\u00e1ci\u00e1ch zo 16. j\u00fala 2004 &#8211; z\u00e1kon o telekomunik\u00e1ci\u00e1ch, vr\u00e1tane t\u00fdch, ktor\u00e9 s\u00fa v\u00fdsledkom profilovania, za predpokladu, \u017ee z\u00e1kazn\u00edk udelil pr\u00edslu\u0161n\u00fd s\u00fahlas.<\/li>\n\n\n\n<li>Od pr\u00edjemcov slu\u017eieb sa m\u00f4\u017eu zhroma\u017e\u010fova\u0165 aj naviga\u010dn\u00e9 \u00fadaje vr\u00e1tane inform\u00e1ci\u00ed o odkazoch a referenci\u00e1ch, na ktor\u00e9 sa rozhodn\u00fa klikn\u00fa\u0165, alebo o in\u00fdch akci\u00e1ch, ktor\u00e9 vykonaj\u00fa v obchode. Pr\u00e1vnym z\u00e1kladom t\u00fdchto \u010dinnost\u00ed je opr\u00e1vnen\u00fd z\u00e1ujem spr\u00e1vcu (\u010dl\u00e1nok 6 ods. 1 p\u00edsm. f) RODO) na u\u013eah\u010den\u00ed pou\u017e\u00edvania elektronicky poskytovan\u00fdch slu\u017eieb a zlep\u0161ovan\u00ed funk\u010dnosti t\u00fdchto slu\u017eieb.<\/li>\n\n\n\n<li>Poskytnutie osobn\u00fdch \u00fadajov z\u00e1kazn\u00edkom je dobrovo\u013en\u00e9.<\/li>\n\n\n\n<li>Prev\u00e1dzkovate\u013e venuje osobitn\u00fa pozornos\u0165 ochrane z\u00e1ujmov dotknut\u00fdch os\u00f4b a najm\u00e4 zabezpe\u010d\u00ed, aby \u00fadaje, ktor\u00e9 zhroma\u017e\u010fuje, boli:<br\/>1. spracovan\u00e9 v s\u00falade so z\u00e1konom,<br\/>2. zhroma\u017e\u010fovan\u00e9 na konkr\u00e9tne, legit\u00edmne \u00fa\u010dely a nepodliehaj\u00face \u010fal\u0161iemu spracovaniu nezlu\u010dite\u013en\u00e9mu s t\u00fdmito \u00fa\u010delmi,<br\/>3. vecne spr\u00e1vne a primeran\u00e9 vzh\u013eadom na \u00fa\u010dely, na ktor\u00e9 sa sprac\u00favaj\u00fa, a uchov\u00e1van\u00e9 vo forme, ktor\u00e1 umo\u017e\u0148uje identifik\u00e1ciu dotknut\u00fdch os\u00f4b, nie dlh\u0161ie, ako je potrebn\u00e9 na dosiahnutie \u00fa\u010delu sprac\u00favania.<\/li>\n<\/ol>\n\n<p><strong>\u00a7 3<\/strong> <strong>ZDIE\u013dANIE OSOBN\u00ddCH \u00daDAJOV<\/strong><\/p>\n\n<p><\/p>\n\n<ol class=\"wp-block-list\">\n<li>Osobn\u00e9 \u00fadaje z\u00e1kazn\u00edkov sa odovzd\u00e1vaj\u00fa poskytovate\u013eom slu\u017eieb, ktor\u00fdch spr\u00e1vca vyu\u017e\u00edva na prev\u00e1dzku obchodu, najm\u00e4:<br\/>1. sprostredkovatelia dod\u00e1vok produktov,<br\/>2. poskytovatelia platobn\u00fdch syst\u00e9mov,<br\/>3. \u00fa\u010dtovn\u00e1 kancel\u00e1ria,<br\/>4. poskytovatelia hostingu,<br\/>5. poskytovate\u013e softv\u00e9ru, ktor\u00fd umo\u017e\u0148uje podnikanie,<br\/>6. subjekty poskytuj\u00face po\u0161tov\u00fd syst\u00e9m,<br\/>7. dod\u00e1vate\u013ea softv\u00e9ru potrebn\u00e9ho na prev\u00e1dzku internetov\u00e9ho obchodu.<\/li>\n\n\n\n<li>Poskytovatelia slu\u017eieb uveden\u00ed v bode 1 tohto odseku, ktor\u00fdm sa osobn\u00e9 \u00fadaje pren\u00e1\u0161aj\u00fa, podliehaj\u00fa v z\u00e1vislosti od zmluvn\u00fdch dojednan\u00ed a okolnost\u00ed bu\u010f pokynom prev\u00e1dzkovate\u013ea, pokia\u013e ide o \u00fa\u010dely a prostriedky sprac\u00favania t\u00fdchto \u00fadajov (sprostredkovatelia), alebo sami ur\u010duj\u00fa \u00fa\u010dely a prostriedky sprac\u00favania (prev\u00e1dzkovatelia).<\/li>\n\n\n\n<li>Osobn\u00e9 \u00fadaje Pr\u00edjemcov slu\u017eieb sa ukladaj\u00fa v\u00fdlu\u010dne v Eur\u00f3pskom hospod\u00e1rskom priestore (EHP) pod\u013ea \u00a7 5 bod 5 Z\u00e1sad ochrany osobn\u00fdch \u00fadajov.<\/li>\n<\/ol>\n\n<p><strong>\u00a7 4<\/strong> <strong>PR\u00c1VO NA KONTROLU, PR\u00cdSTUP A OPRAVU VLASTN\u00ddCH \u00daDAJOV<\/strong><\/p>\n\n<p><\/p>\n\n<ol class=\"wp-block-list\">\n<li>Dotknut\u00e1 osoba m\u00e1 pr\u00e1vo na pr\u00edstup k obsahu svojich osobn\u00fdch \u00fadajov a pr\u00e1vo na opravu, vymazanie, obmedzenie spracovania, pr\u00e1vo na prenosnos\u0165 \u00fadajov, pr\u00e1vo namieta\u0165, pr\u00e1vo kedyko\u013evek odvola\u0165 s\u00fahlas bez toho, aby to malo vplyv na z\u00e1konnos\u0165 spracovania vykonan\u00e9ho na z\u00e1klade s\u00fahlasu pred jeho odvolan\u00edm.<\/li>\n\n\n\n<li>Pr\u00e1vne d\u00f4vody \u017eiadosti z\u00e1kazn\u00edka:<br\/>1.<strong> pr\u00edstup k \u00fadajom<\/strong> &#8211; \u010dl. 15 RODO.<br\/>2<strong> Oprava \u00fadajov<\/strong> &#8211; \u010dl. 16 RODO.<br\/>3.<strong> vymazanie \u00fadajov (tzv. pr\u00e1vo by\u0165 zabudnut\u00fd <\/strong>) &#8211; \u010dl. 17 RODO.<br\/>4<strong> Obmedzenie spracovania<\/strong> &#8211; \u010dl. 18 RODO.<br\/>5.<strong> Prenosnos\u0165 \u00fadajov <\/strong>&#8211; \u010dl. 20 RODO.<br\/>6<strong> N\u00e1mietka <\/strong>&#8211; \u010dl. 21 RODO<br\/>7<strong> Odvolanie s\u00fahlasu <\/strong>&#8211; \u010dl. 7 ods. 3 RODO.<\/li>\n\n\n\n<li>Ak chcete uplatni\u0165 pr\u00e1va uveden\u00e9 v bode 2, m\u00f4\u017eete posla\u0165 e-mail na t\u00fato adresu: <strong>biuro@grupazejler.danielzejler.pl<\/strong>.<\/li>\n\n\n\n<li>V pr\u00edpade, \u017ee Pr\u00edjemca slu\u017eby uplatn\u00ed n\u00e1rok na z\u00e1klade vy\u0161\u0161ie uveden\u00fdch pr\u00e1v, Spr\u00e1vca bu\u010f vyhovie n\u00e1roku, alebo odmietne vyhovie\u0165 n\u00e1roku bezodkladne, najnesk\u00f4r v\u0161ak do jedn\u00e9ho mesiaca od jeho prijatia. Ak v\u0161ak &#8211; vzh\u013eadom na zlo\u017eitos\u0165 \u017eiadosti alebo po\u010det \u017eiadost\u00ed &#8211; nie je mo\u017en\u00e9, aby spr\u00e1vca \u017eiadosti vyhovel v lehote jedn\u00e9ho mesiaca, spr\u00e1vca \u017eiadosti vyhovie v lehote \u010fal\u0161\u00edch dvoch mesiacov tak, \u017ee vopred &#8211; do jedn\u00e9ho mesiaca od doru\u010denia \u017eiadosti &#8211; informuje pr\u00edjemcu slu\u017eby o pl\u00e1novanom pred\u013a\u017een\u00ed lehoty a jeho d\u00f4vodoch.<\/li>\n\n\n\n<li>Ak sa zist\u00ed, \u017ee sprac\u00favanie osobn\u00fdch \u00fadajov poru\u0161uje ustanovenia RODO, dotknut\u00e1 osoba m\u00e1 pr\u00e1vo poda\u0165 s\u0165a\u017enos\u0165 predsedovi \u00daradu na ochranu \u00fadajov.<\/li>\n<\/ol>\n\n<p><strong>\u00a7 5<\/strong> <strong>COOKIES<\/strong><\/p>\n\n<p><\/p>\n\n<ol class=\"wp-block-list\">\n<li>Webov\u00e1 str\u00e1nka spr\u00e1vcu pou\u017e\u00edva<em>s\u00fabory cookie<\/em>.<\/li>\n\n\n\n<li>In\u0161tal\u00e1cia<em>s\u00faborov cookie<\/em>je potrebn\u00e1 na spr\u00e1vne poskytovanie slu\u017eieb na webovej str\u00e1nke obchodu. <em>S\u00fabory cookie<\/em> obsahuj\u00fa inform\u00e1cie potrebn\u00e9 na spr\u00e1vne fungovanie webovej str\u00e1nky a poskytuj\u00fa tie\u017e mo\u017enos\u0165 zostavova\u0165 v\u0161eobecn\u00e9 \u0161tatistiky o n\u00e1v\u0161tev\u00e1ch webovej str\u00e1nky.<\/li>\n\n\n\n<li>Webov\u00e1 str\u00e1nka pou\u017e\u00edva dva typy<em>s\u00faborov &#8222;cookie&#8220;<\/em>: &#8222;rel\u00e1cie&#8220; a &#8222;trval\u00e9&#8220;.<br\/>1<em>S\u00fabory cookie<\/em>&#8222;rel\u00e1cie&#8220; s\u00fa do\u010dasn\u00e9 s\u00fabory, ktor\u00e9 sa ukladaj\u00fa v koncovom zariaden\u00ed pr\u00edjemcu slu\u017eby, k\u00fdm sa neodhl\u00e1si (neopust\u00ed webov\u00fa str\u00e1nku).<br\/>(2) &#8222;Trval\u00e9&#8220;<em>s\u00fabory cookie<\/em>sa ukladaj\u00fa v koncovom zariaden\u00ed Klienta na dobu uveden\u00fa v parametroch<em>s\u00faborov cookie<\/em>alebo do ich vymazania Klientom.<\/li>\n\n\n\n<li>Spr\u00e1vca pou\u017e\u00edva vlastn\u00e9 s\u00fabory cookie, aby lep\u0161ie pochopil, ako n\u00e1v\u0161tevn\u00edci interaguj\u00fa s obsahom webovej str\u00e1nky. S\u00fabory cookie zhroma\u017e\u010fuj\u00fa inform\u00e1cie o pou\u017e\u00edvan\u00ed webovej str\u00e1nky pr\u00edjemcom slu\u017eby, o type webovej str\u00e1nky, z ktorej bol pr\u00edjemca slu\u017eby presmerovan\u00fd, a o po\u010dte n\u00e1v\u0161tev a d\u013a\u017eke trvania n\u00e1v\u0161tevy pr\u00edjemcu slu\u017eby na webovej str\u00e1nke. Tieto inform\u00e1cie nezaznamen\u00e1vaj\u00fa konkr\u00e9tne osobn\u00e9 \u00fadaje pr\u00edjemcu slu\u017eby, ale sl\u00fa\u017eia na zostavovanie \u0161tatist\u00edk o pou\u017e\u00edvan\u00ed webovej str\u00e1nky.<\/li>\n\n\n\n<li>Spr\u00e1vca pou\u017e\u00edva extern\u00e9 s\u00fabory cookie na zhroma\u017e\u010fovanie v\u0161eobecn\u00fdch a anonymn\u00fdch \u0161tatistick\u00fdch \u00fadajov prostredn\u00edctvom analytick\u00e9ho n\u00e1stroja Google Analytics (extern\u00fd spr\u00e1vca s\u00faborov cookie: Google Inc., so s\u00eddlom v USA).<\/li>\n\n\n\n<li>S\u00fabory cookie m\u00f4\u017eu pou\u017e\u00edva\u0165 aj reklamn\u00e9 siete, najm\u00e4 sie\u0165 Google, na zobrazovanie rekl\u00e1m prisp\u00f4soben\u00fdch sp\u00f4sobu, ak\u00fdm z\u00e1kazn\u00edk pou\u017e\u00edva Obchod. Na tento \u00fa\u010del m\u00f4\u017eu uchov\u00e1va\u0165 inform\u00e1cie o naviga\u010dnej ceste pou\u017e\u00edvate\u013ea alebo o \u010dase str\u00e1venom na konkr\u00e9tnej str\u00e1nke.<\/li>\n\n\n\n<li>Z\u00e1kazn\u00edk m\u00e1 pr\u00e1vo rozhodn\u00fa\u0165 o pr\u00edstupe<em>s\u00faborov cookie<\/em>do svojho po\u010d\u00edta\u010da tak, \u017ee ich vopred vyberie v okne svojho prehliada\u010da. Podrobn\u00e9 inform\u00e1cie o mo\u017enostiach a zaobch\u00e1dzan\u00ed so<em>s\u00fabormi cookie<\/em>s\u00fa k dispoz\u00edcii v nastaveniach v\u00e1\u0161ho softv\u00e9ru (webov\u00e9ho prehliada\u010da).<\/li>\n<\/ol>\n\n<p><strong>\u00a7 6<\/strong> <strong>Z\u00c1VERE\u010cN\u00c9 USTANOVENIA<\/strong><\/p>\n\n<p><\/p>\n\n<ol class=\"wp-block-list\">\n<li>Prev\u00e1dzkovate\u013e uplat\u0148uje technick\u00e9 a organiza\u010dn\u00e9 opatrenia na zabezpe\u010denie ochrany sprac\u00favan\u00fdch osobn\u00fdch \u00fadajov primeranej rizik\u00e1m a kateg\u00f3ri\u00e1m chr\u00e1nen\u00fdch \u00fadajov, a najm\u00e4 na ochranu \u00fadajov pred pr\u00edstupom neopr\u00e1vnen\u00fdch os\u00f4b k nim, pred ich z\u00edskan\u00edm neopr\u00e1vnenou osobou, pred ich sprac\u00favan\u00edm v rozpore s platn\u00fdmi predpismi a pred ich zmenou, stratou, po\u0161koden\u00edm alebo zni\u010den\u00edm.<\/li>\n\n\n\n<li>Spr\u00e1vca poskytne vhodn\u00e9 technick\u00e9 opatrenia na zabr\u00e1nenie z\u00edskania a \u00fapravy elektronicky zaslan\u00fdch osobn\u00fdch \u00fadajov neopr\u00e1vnen\u00fdmi osobami.<\/li>\n\n\n\n<li>V z\u00e1le\u017eitostiach, na ktor\u00e9 sa nevz\u0165ahuj\u00fa tieto z\u00e1sady ochrany osobn\u00fdch \u00fadajov, sa primerane uplat\u0148uj\u00fa ustanovenia z\u00e1kona RODO a in\u00e9 pr\u00edslu\u0161n\u00e9 ustanovenia po\u013esk\u00e9ho pr\u00e1va.<\/li>\n<\/ol>\n","protected":false},"excerpt":{"rendered":"<p>Z\u00c1SADY OCHRANY OSOBN\u00ddCH \u00daDAJOV V INTERNETOVOM OBCHODE WWW.GRUPAAZEJLER.PL \u00a7 1 V\u0160EOBECN\u00c9 USTANOVENIA \u00a7 2 TYP SPRAC\u00daVAN\u00ddCH OSOBN\u00ddCH \u00daDAJOV, \u00da\u010cEL A ROZSAH ZHROMA\u017d\u010eOVANIA \u00daDAJOV \u00a7 3 ZDIE\u013dANIE OSOBN\u00ddCH \u00daDAJOV \u00a7 4 PR\u00c1VO NA KONTROLU, PR\u00cdSTUP A OPRAVU VLASTN\u00ddCH \u00daDAJOV \u00a7 5 COOKIES \u00a7 6 Z\u00c1VERE\u010cN\u00c9 USTANOVENIA<\/p>\n","protected":false},"author":1,"featured_media":0,"parent":0,"menu_order":0,"comment_status":"closed","ping_status":"open","template":"","meta":{"_acf_changed":false,"_kadence_starter_templates_imported_post":false,"_kad_post_transparent":"","_kad_post_title":"","_kad_post_layout":"","_kad_post_sidebar_id":"","_kad_post_content_style":"","_kad_post_vertical_padding":"","_kad_post_feature":"","_kad_post_feature_position":"","_kad_post_header":false,"_kad_post_footer":false,"footnotes":""},"class_list":["post-3877","page","type-page","status-publish","hentry"],"acf":[],"yoast_head":"<!-- This site is optimized with the Yoast SEO plugin v26.0 - https:\/\/yoast.com\/wordpress\/plugins\/seo\/ -->\n<title>Z\u00e1sady ochrany osobn\u00fdch \u00fadajov - Grupa Zejler<\/title>\n<meta name=\"robots\" content=\"noindex, follow, max-snippet:-1, max-image-preview:large, max-video-preview:-1\" \/>\n<meta property=\"og:locale\" content=\"sk_SK\" \/>\n<meta property=\"og:type\" content=\"article\" \/>\n<meta property=\"og:title\" content=\"Z\u00e1sady ochrany osobn\u00fdch \u00fadajov - Grupa Zejler\" \/>\n<meta property=\"og:description\" content=\"Z\u00c1SADY OCHRANY OSOBN\u00ddCH \u00daDAJOV V INTERNETOVOM OBCHODE WWW.GRUPAAZEJLER.PL \u00a7 1 V\u0160EOBECN\u00c9 USTANOVENIA \u00a7 2 TYP SPRAC\u00daVAN\u00ddCH OSOBN\u00ddCH \u00daDAJOV, \u00da\u010cEL A ROZSAH ZHROMA\u017d\u010eOVANIA \u00daDAJOV \u00a7 3 ZDIE\u013dANIE OSOBN\u00ddCH \u00daDAJOV \u00a7 4 PR\u00c1VO NA KONTROLU, PR\u00cdSTUP A OPRAVU VLASTN\u00ddCH \u00daDAJOV \u00a7 5 COOKIES \u00a7 6 Z\u00c1VERE\u010cN\u00c9 USTANOVENIA\" \/>\n<meta property=\"og:url\" content=\"https:\/\/grupazejler.danielzejler.pl\/sk\/zasady-ochrany-osobnych-udajov\/\" \/>\n<meta property=\"og:site_name\" content=\"Grupa Zejler\" \/>\n<meta property=\"article:modified_time\" content=\"2024-05-10T15:55:01+00:00\" \/>\n<meta name=\"twitter:card\" content=\"summary_large_image\" \/>\n<meta name=\"twitter:label1\" content=\"Predpokladan\u00fd \u010das \u010d\u00edtania\" \/>\n\t<meta name=\"twitter:data1\" content=\"9 min\u00fat\" \/>\n<script type=\"application\/ld+json\" class=\"yoast-schema-graph\">{\"@context\":\"https:\/\/schema.org\",\"@graph\":[{\"@type\":\"WebPage\",\"@id\":\"https:\/\/grupazejler.danielzejler.pl\/sk\/zasady-ochrany-osobnych-udajov\/\",\"url\":\"https:\/\/grupazejler.danielzejler.pl\/sk\/zasady-ochrany-osobnych-udajov\/\",\"name\":\"Z\u00e1sady ochrany osobn\u00fdch \u00fadajov - Grupa Zejler\",\"isPartOf\":{\"@id\":\"https:\/\/grupazejler.danielzejler.pl\/#website\"},\"datePublished\":\"2023-11-20T17:26:14+00:00\",\"dateModified\":\"2024-05-10T15:55:01+00:00\",\"breadcrumb\":{\"@id\":\"https:\/\/grupazejler.danielzejler.pl\/sk\/zasady-ochrany-osobnych-udajov\/#breadcrumb\"},\"inLanguage\":\"sk-SK\",\"potentialAction\":[{\"@type\":\"ReadAction\",\"target\":[\"https:\/\/grupazejler.danielzejler.pl\/sk\/zasady-ochrany-osobnych-udajov\/\"]}]},{\"@type\":\"BreadcrumbList\",\"@id\":\"https:\/\/grupazejler.danielzejler.pl\/sk\/zasady-ochrany-osobnych-udajov\/#breadcrumb\",\"itemListElement\":[{\"@type\":\"ListItem\",\"position\":1,\"name\":\"Strona g\u0142\u00f3wna\",\"item\":\"https:\/\/grupazejler.danielzejler.pl\/sk\/\"},{\"@type\":\"ListItem\",\"position\":2,\"name\":\"Z\u00e1sady ochrany osobn\u00fdch \u00fadajov\"}]},{\"@type\":\"WebSite\",\"@id\":\"https:\/\/grupazejler.danielzejler.pl\/#website\",\"url\":\"https:\/\/grupazejler.danielzejler.pl\/\",\"name\":\"Grupa Zejler\",\"description\":\"\",\"publisher\":{\"@id\":\"https:\/\/grupazejler.danielzejler.pl\/#organization\"},\"potentialAction\":[{\"@type\":\"SearchAction\",\"target\":{\"@type\":\"EntryPoint\",\"urlTemplate\":\"https:\/\/grupazejler.danielzejler.pl\/?s={search_term_string}\"},\"query-input\":{\"@type\":\"PropertyValueSpecification\",\"valueRequired\":true,\"valueName\":\"search_term_string\"}}],\"inLanguage\":\"sk-SK\"},{\"@type\":\"Organization\",\"@id\":\"https:\/\/grupazejler.danielzejler.pl\/#organization\",\"name\":\"Grupa Zejler\",\"url\":\"https:\/\/grupazejler.danielzejler.pl\/\",\"logo\":{\"@type\":\"ImageObject\",\"inLanguage\":\"sk-SK\",\"@id\":\"https:\/\/grupazejler.danielzejler.pl\/#\/schema\/logo\/image\/\",\"url\":\"https:\/\/grupazejler.danielzejler.pl\/wp-content\/uploads\/2023\/11\/cropped-logo.png\",\"contentUrl\":\"https:\/\/grupazejler.danielzejler.pl\/wp-content\/uploads\/2023\/11\/cropped-logo.png\",\"width\":210,\"height\":53,\"caption\":\"Grupa Zejler\"},\"image\":{\"@id\":\"https:\/\/grupazejler.danielzejler.pl\/#\/schema\/logo\/image\/\"}}]}<\/script>\n<!-- \/ Yoast SEO plugin. -->","yoast_head_json":{"title":"Z\u00e1sady ochrany osobn\u00fdch \u00fadajov - Grupa Zejler","robots":{"index":"noindex","follow":"follow","max-snippet":"max-snippet:-1","max-image-preview":"max-image-preview:large","max-video-preview":"max-video-preview:-1"},"og_locale":"sk_SK","og_type":"article","og_title":"Z\u00e1sady ochrany osobn\u00fdch \u00fadajov - Grupa Zejler","og_description":"Z\u00c1SADY OCHRANY OSOBN\u00ddCH \u00daDAJOV V INTERNETOVOM OBCHODE WWW.GRUPAAZEJLER.PL \u00a7 1 V\u0160EOBECN\u00c9 USTANOVENIA \u00a7 2 TYP SPRAC\u00daVAN\u00ddCH OSOBN\u00ddCH \u00daDAJOV, \u00da\u010cEL A ROZSAH ZHROMA\u017d\u010eOVANIA \u00daDAJOV \u00a7 3 ZDIE\u013dANIE OSOBN\u00ddCH \u00daDAJOV \u00a7 4 PR\u00c1VO NA KONTROLU, PR\u00cdSTUP A OPRAVU VLASTN\u00ddCH \u00daDAJOV \u00a7 5 COOKIES \u00a7 6 Z\u00c1VERE\u010cN\u00c9 USTANOVENIA","og_url":"https:\/\/grupazejler.danielzejler.pl\/sk\/zasady-ochrany-osobnych-udajov\/","og_site_name":"Grupa Zejler","article_modified_time":"2024-05-10T15:55:01+00:00","twitter_card":"summary_large_image","twitter_misc":{"Predpokladan\u00fd \u010das \u010d\u00edtania":"9 min\u00fat"},"schema":{"@context":"https:\/\/schema.org","@graph":[{"@type":"WebPage","@id":"https:\/\/grupazejler.danielzejler.pl\/sk\/zasady-ochrany-osobnych-udajov\/","url":"https:\/\/grupazejler.danielzejler.pl\/sk\/zasady-ochrany-osobnych-udajov\/","name":"Z\u00e1sady ochrany osobn\u00fdch \u00fadajov - Grupa Zejler","isPartOf":{"@id":"https:\/\/grupazejler.danielzejler.pl\/#website"},"datePublished":"2023-11-20T17:26:14+00:00","dateModified":"2024-05-10T15:55:01+00:00","breadcrumb":{"@id":"https:\/\/grupazejler.danielzejler.pl\/sk\/zasady-ochrany-osobnych-udajov\/#breadcrumb"},"inLanguage":"sk-SK","potentialAction":[{"@type":"ReadAction","target":["https:\/\/grupazejler.danielzejler.pl\/sk\/zasady-ochrany-osobnych-udajov\/"]}]},{"@type":"BreadcrumbList","@id":"https:\/\/grupazejler.danielzejler.pl\/sk\/zasady-ochrany-osobnych-udajov\/#breadcrumb","itemListElement":[{"@type":"ListItem","position":1,"name":"Strona g\u0142\u00f3wna","item":"https:\/\/grupazejler.danielzejler.pl\/sk\/"},{"@type":"ListItem","position":2,"name":"Z\u00e1sady ochrany osobn\u00fdch \u00fadajov"}]},{"@type":"WebSite","@id":"https:\/\/grupazejler.danielzejler.pl\/#website","url":"https:\/\/grupazejler.danielzejler.pl\/","name":"Grupa Zejler","description":"","publisher":{"@id":"https:\/\/grupazejler.danielzejler.pl\/#organization"},"potentialAction":[{"@type":"SearchAction","target":{"@type":"EntryPoint","urlTemplate":"https:\/\/grupazejler.danielzejler.pl\/?s={search_term_string}"},"query-input":{"@type":"PropertyValueSpecification","valueRequired":true,"valueName":"search_term_string"}}],"inLanguage":"sk-SK"},{"@type":"Organization","@id":"https:\/\/grupazejler.danielzejler.pl\/#organization","name":"Grupa Zejler","url":"https:\/\/grupazejler.danielzejler.pl\/","logo":{"@type":"ImageObject","inLanguage":"sk-SK","@id":"https:\/\/grupazejler.danielzejler.pl\/#\/schema\/logo\/image\/","url":"https:\/\/grupazejler.danielzejler.pl\/wp-content\/uploads\/2023\/11\/cropped-logo.png","contentUrl":"https:\/\/grupazejler.danielzejler.pl\/wp-content\/uploads\/2023\/11\/cropped-logo.png","width":210,"height":53,"caption":"Grupa Zejler"},"image":{"@id":"https:\/\/grupazejler.danielzejler.pl\/#\/schema\/logo\/image\/"}}]}},"_links":{"self":[{"href":"https:\/\/grupazejler.danielzejler.pl\/sk\/wp-json\/wp\/v2\/pages\/3877","targetHints":{"allow":["GET"]}}],"collection":[{"href":"https:\/\/grupazejler.danielzejler.pl\/sk\/wp-json\/wp\/v2\/pages"}],"about":[{"href":"https:\/\/grupazejler.danielzejler.pl\/sk\/wp-json\/wp\/v2\/types\/page"}],"author":[{"embeddable":true,"href":"https:\/\/grupazejler.danielzejler.pl\/sk\/wp-json\/wp\/v2\/users\/1"}],"replies":[{"embeddable":true,"href":"https:\/\/grupazejler.danielzejler.pl\/sk\/wp-json\/wp\/v2\/comments?post=3877"}],"version-history":[{"count":3,"href":"https:\/\/grupazejler.danielzejler.pl\/sk\/wp-json\/wp\/v2\/pages\/3877\/revisions"}],"predecessor-version":[{"id":3880,"href":"https:\/\/grupazejler.danielzejler.pl\/sk\/wp-json\/wp\/v2\/pages\/3877\/revisions\/3880"}],"wp:attachment":[{"href":"https:\/\/grupazejler.danielzejler.pl\/sk\/wp-json\/wp\/v2\/media?parent=3877"}],"curies":[{"name":"wp","href":"https:\/\/api.w.org\/{rel}","templated":true}]}}