{"id":3885,"date":"2023-11-20T18:37:19","date_gmt":"2023-11-20T17:37:19","guid":{"rendered":"https:\/\/grupazejler.danielzejler.pl\/ponuka\/"},"modified":"2024-05-13T17:55:07","modified_gmt":"2024-05-13T15:55:07","slug":"ponuka","status":"publish","type":"page","link":"https:\/\/grupazejler.danielzejler.pl\/sk\/ponuka\/","title":{"rendered":"Ponuka"},"content":{"rendered":"<style>.kb-row-layout-id3885_03f14b-b8 > .kt-row-column-wrap{align-content:start;}:where(.kb-row-layout-id3885_03f14b-b8 > .kt-row-column-wrap) > .wp-block-kadence-column{justify-content:start;}.kb-row-layout-id3885_03f14b-b8 > .kt-row-column-wrap{column-gap:var(--global-kb-gap-md, 2rem);row-gap:var(--global-kb-gap-md, 2rem);max-width:800px;margin-left:auto;margin-right:auto;padding-top:var(--global-kb-spacing-xxl, 5rem);padding-bottom:var(--global-kb-spacing-xxl, 5rem);grid-template-columns:minmax(0, 1fr);}.kb-row-layout-id3885_03f14b-b8{background-image:url('https:\/\/grupazejler.danielzejler.pl\/wp-content\/uploads\/2023\/11\/fotowoltaika.jpg');background-size:cover;background-position:48% 56.99999999999999%;background-attachment:scroll;background-repeat:no-repeat;}.kb-row-layout-id3885_03f14b-b8 > .kt-row-layout-overlay{opacity:0.60;background-color:var(--global-palette3, #1A202C);}@media all and (max-width: 1024px){.kb-row-layout-id3885_03f14b-b8 > .kt-row-column-wrap{grid-template-columns:minmax(0, 1fr);}}@media all and (max-width: 767px){.kb-row-layout-id3885_03f14b-b8 > .kt-row-column-wrap{grid-template-columns:minmax(0, 1fr);}}<\/style><div class=\"kb-row-layout-wrap kb-row-layout-id3885_03f14b-b8 alignnone kt-row-has-bg wp-block-kadence-rowlayout\"><div class=\"kt-row-layout-overlay kt-row-overlay-normal\"><\/div><div class=\"kt-row-column-wrap kt-has-1-columns kt-row-layout-equal kt-tab-layout-inherit kt-mobile-layout-row kt-row-valign-top\">\n<style>.kadence-column3885_b825f9-d5 > .kt-inside-inner-col,.kadence-column3885_b825f9-d5 > .kt-inside-inner-col:before{border-top-left-radius:0px;border-top-right-radius:0px;border-bottom-right-radius:0px;border-bottom-left-radius:0px;}.kadence-column3885_b825f9-d5 > .kt-inside-inner-col{column-gap:var(--global-kb-gap-sm, 1rem);}.kadence-column3885_b825f9-d5 > .kt-inside-inner-col{flex-direction:column;}.kadence-column3885_b825f9-d5 > .kt-inside-inner-col > .aligncenter{width:100%;}.kadence-column3885_b825f9-d5 > .kt-inside-inner-col:before{opacity:0.3;}.kadence-column3885_b825f9-d5{position:relative;}@media all and (max-width: 1024px){.kadence-column3885_b825f9-d5 > .kt-inside-inner-col{flex-direction:column;justify-content:center;}}@media all and (max-width: 767px){.kadence-column3885_b825f9-d5 > .kt-inside-inner-col{flex-direction:column;justify-content:center;}}<\/style>\n<div class=\"wp-block-kadence-column kadence-column3885_b825f9-d5\"><div class=\"kt-inside-inner-col\"><style>.wp-block-kadence-advancedheading.kt-adv-heading3885_7d0f89-32, .wp-block-kadence-advancedheading.kt-adv-heading3885_7d0f89-32[data-kb-block=\"kb-adv-heading3885_7d0f89-32\"]{text-align:center;font-size:var(--global-kb-font-size-xl, 3rem);font-style:normal;}.wp-block-kadence-advancedheading.kt-adv-heading3885_7d0f89-32 mark.kt-highlight, .wp-block-kadence-advancedheading.kt-adv-heading3885_7d0f89-32[data-kb-block=\"kb-adv-heading3885_7d0f89-32\"] mark.kt-highlight{font-style:normal;color:#f76a0c;-webkit-box-decoration-break:clone;box-decoration-break:clone;padding-top:0px;padding-right:0px;padding-bottom:0px;padding-left:0px;}<\/style>\n<h1 class=\"kt-adv-heading3885_7d0f89-32 wp-block-kadence-advancedheading has-theme-palette-9-color has-text-color\" data-kb-block=\"kb-adv-heading3885_7d0f89-32\">Ponuka<\/h1>\n\n\n<style>.wp-block-kadence-advancedheading.kt-adv-heading3885_12690f-1e, .wp-block-kadence-advancedheading.kt-adv-heading3885_12690f-1e[data-kb-block=\"kb-adv-heading3885_12690f-1e\"]{text-align:center;font-size:18px;font-style:normal;}.wp-block-kadence-advancedheading.kt-adv-heading3885_12690f-1e mark.kt-highlight, .wp-block-kadence-advancedheading.kt-adv-heading3885_12690f-1e[data-kb-block=\"kb-adv-heading3885_12690f-1e\"] mark.kt-highlight{font-style:normal;color:#f76a0c;-webkit-box-decoration-break:clone;box-decoration-break:clone;padding-top:0px;padding-right:0px;padding-bottom:0px;padding-left:0px;}<\/style>\n<p class=\"kt-adv-heading3885_12690f-1e wp-block-kadence-advancedheading has-theme-palette-9-color has-text-color\" data-kb-block=\"kb-adv-heading3885_12690f-1e\">Objavte na\u0161u komplexn\u00fa ponuku prisp\u00f4soben\u00fa modern\u00fdm potreb\u00e1m. Pon\u00fakame efekt\u00edvne a ekologick\u00e9 rie\u0161enia, ako s\u00fa tepeln\u00e9 \u010derpadl\u00e1, ktor\u00e9 v\u00e1m zabezpe\u010dia nielen \u00fasporu pe\u0148az\u00ed, ale aj starostlivos\u0165 o \u017eivotn\u00e9 prostredie. Vyu\u017eite silu slnka investovan\u00edm do fotovoltaiky a zabezpe\u010dte si st\u00e1lu tepl\u00fa vodu pomocou z\u00e1sobn\u00edkov na T\u00daV. Na\u0161e poplachov\u00e9 syst\u00e9my vr\u00e1tane po\u017eiarnych alarmov zaru\u010duj\u00fa \u00fa\u010dinn\u00fa ochranu va\u0161ej bezpe\u010dnosti. Zvukov\u00e9 v\u00fdstra\u017en\u00e9 syst\u00e9my, rozhlasov\u00e9 syst\u00e9my, bat\u00e9rie, ako aj z\u00e1kladn\u00e9 prvky protipo\u017eiarnej ochrany, ako s\u00fa hydranty a hasiace pr\u00edstroje, s\u00fa len niektor\u00e9 z n\u00e1vrhov, ktor\u00e9 pon\u00fakame, aby ste sa mohli \u00fa\u010dinne postara\u0165 o svoje potreby a bezpe\u010dnos\u0165. Vyberte si na\u0161u ponuku a investujte do lep\u0161ej a udr\u017eate\u013enej\u0161ej bud\u00facnosti.<\/p>\n<\/div><\/div>\n\n<\/div><\/div>\n\n<style>.kb-row-layout-id3885_446f9d-40 > .kt-row-column-wrap{align-content:start;}:where(.kb-row-layout-id3885_446f9d-40 > .kt-row-column-wrap) > .wp-block-kadence-column{justify-content:start;}.kb-row-layout-id3885_446f9d-40 > .kt-row-column-wrap{column-gap:var(--global-kb-gap-md, 2rem);row-gap:var(--global-kb-gap-md, 2rem);max-width:var( --global-content-width, 1290px );padding-left:var(--global-content-edge-padding);padding-right:var(--global-content-edge-padding);padding-top:var(--global-kb-spacing-xxl, 5rem);padding-right:var(--global-kb-spacing-sm, 1.5rem);padding-bottom:var(--global-kb-spacing-xxl, 5rem);padding-left:var(--global-kb-spacing-sm, 1.5rem);grid-template-columns:minmax(0, 1fr);}.kb-row-layout-id3885_446f9d-40 > .kt-row-layout-overlay{opacity:0.30;}@media all and (max-width: 1024px){.kb-row-layout-id3885_446f9d-40 > .kt-row-column-wrap{grid-template-columns:minmax(0, 1fr);}}@media all and (max-width: 767px){.kb-row-layout-id3885_446f9d-40 > .kt-row-column-wrap{grid-template-columns:minmax(0, 1fr);}}<\/style><div class=\"kb-row-layout-wrap kb-row-layout-id3885_446f9d-40 alignnone zejler-category-list wp-block-kadence-rowlayout\"><div class=\"kt-row-column-wrap kt-has-1-columns kt-row-layout-equal kt-tab-layout-inherit kt-mobile-layout-row kt-row-valign-top kb-theme-content-width\">\n<style>.kadence-column3885_d2eb51-27 > .kt-inside-inner-col,.kadence-column3885_d2eb51-27 > .kt-inside-inner-col:before{border-top-left-radius:0px;border-top-right-radius:0px;border-bottom-right-radius:0px;border-bottom-left-radius:0px;}.kadence-column3885_d2eb51-27 > .kt-inside-inner-col{column-gap:var(--global-kb-gap-sm, 1rem);}.kadence-column3885_d2eb51-27 > .kt-inside-inner-col{flex-direction:column;}.kadence-column3885_d2eb51-27 > .kt-inside-inner-col > .aligncenter{width:100%;}.kadence-column3885_d2eb51-27 > .kt-inside-inner-col:before{opacity:0.3;}.kadence-column3885_d2eb51-27{position:relative;}@media all and (max-width: 1024px){.kadence-column3885_d2eb51-27 > .kt-inside-inner-col{flex-direction:column;justify-content:center;}}@media all and (max-width: 767px){.kadence-column3885_d2eb51-27 > .kt-inside-inner-col{flex-direction:column;justify-content:center;}}<\/style>\n<div class=\"wp-block-kadence-column kadence-column3885_d2eb51-27\"><div class=\"kt-inside-inner-col\"><div class=\"woocommerce columns-4\"><ul class=\"products content-wrap product-archive grid-cols grid-ss-col-2 grid-sm-col-3 grid-lg-col-4 woo-archive-action-visible woo-archive-btn-button align-buttons-bottom  woo-archive-image-hover-none\"><li class=\"product-category product first entry content-bg loop-entry\">\n\t<a aria-label=\"Nav\u0161t\u00edvi\u0165 kateg\u00f3riu produktov Bez kategorii\" href=\"https:\/\/grupazejler.danielzejler.pl\/sk\/kategoria-produktu\/bez-kategorii\/\"><img fetchpriority=\"high\" decoding=\"async\" src=\"https:\/\/grupazejler.danielzejler.pl\/wp-content\/uploads\/2023\/12\/LG-LG385N1C-E6--300x300.jpeg\" alt=\"Bez kategorii\" width=\"300\" height=\"300\" srcset=\"https:\/\/grupazejler.danielzejler.pl\/wp-content\/uploads\/2023\/12\/LG-LG385N1C-E6--300x300.jpeg 300w, https:\/\/grupazejler.danielzejler.pl\/wp-content\/uploads\/2023\/12\/LG-LG385N1C-E6--150x150.jpeg 150w, https:\/\/grupazejler.danielzejler.pl\/wp-content\/uploads\/2023\/12\/LG-LG385N1C-E6--768x768.jpeg 768w, https:\/\/grupazejler.danielzejler.pl\/wp-content\/uploads\/2023\/12\/LG-LG385N1C-E6--50x50.jpeg 50w, https:\/\/grupazejler.danielzejler.pl\/wp-content\/uploads\/2023\/12\/LG-LG385N1C-E6--600x600.jpeg 600w, https:\/\/grupazejler.danielzejler.pl\/wp-content\/uploads\/2023\/12\/LG-LG385N1C-E6--100x100.jpeg 100w, https:\/\/grupazejler.danielzejler.pl\/wp-content\/uploads\/2023\/12\/LG-LG385N1C-E6-.jpeg 800w\" sizes=\"(max-width: 300px) 100vw, 300px\" \/><div class=\"product-details content-bg entry-content-wrap\">\t\t<h2 class=\"woocommerce-loop-category__title\">\n\t\t\tBez kategorii\t\t<\/h2>\n\t\t<\/div><\/a><\/li>\n<li class=\"product-category product entry content-bg loop-entry\">\n\t<a aria-label=\"Nav\u0161t\u00edvi\u0165 kateg\u00f3riu produktov Tepeln\u00e9 \u010derpadl\u00e1\" href=\"https:\/\/grupazejler.danielzejler.pl\/sk\/kategoria-produktu\/tepelne-cerpadla\/\"><img decoding=\"async\" src=\"https:\/\/grupazejler.danielzejler.pl\/wp-content\/uploads\/woocommerce-placeholder-300x300.png\" alt=\"Tepeln\u00e9 \u010derpadl\u00e1\" width=\"300\" height=\"300\" \/><div class=\"product-details content-bg entry-content-wrap\">\t\t<h2 class=\"woocommerce-loop-category__title\">\n\t\t\tTepeln\u00e9 \u010derpadl\u00e1 <mark class=\"count\">(2)<\/mark>\t\t<\/h2>\n\t\t<\/div><\/a><\/li>\n<\/ul>\n<\/div>\n<\/div><\/div>\n\n<\/div><\/div>","protected":false},"excerpt":{"rendered":"<p>Ponuka Objavte na\u0161u komplexn\u00fa ponuku prisp\u00f4soben\u00fa modern\u00fdm potreb\u00e1m. Pon\u00fakame efekt\u00edvne a ekologick\u00e9 rie\u0161enia, ako s\u00fa tepeln\u00e9 \u010derpadl\u00e1, ktor\u00e9 v\u00e1m zabezpe\u010dia nielen \u00fasporu pe\u0148az\u00ed, ale aj starostlivos\u0165 o \u017eivotn\u00e9 prostredie. Vyu\u017eite silu slnka investovan\u00edm do fotovoltaiky a zabezpe\u010dte si st\u00e1lu tepl\u00fa vodu pomocou z\u00e1sobn\u00edkov na T\u00daV. Na\u0161e poplachov\u00e9 syst\u00e9my vr\u00e1tane po\u017eiarnych alarmov zaru\u010duj\u00fa \u00fa\u010dinn\u00fa ochranu va\u0161ej&#8230;<\/p>\n","protected":false},"author":1,"featured_media":0,"parent":0,"menu_order":0,"comment_status":"closed","ping_status":"closed","template":"","meta":{"_acf_changed":false,"_kadence_starter_templates_imported_post":false,"_kad_post_transparent":"","_kad_post_title":"hide","_kad_post_layout":"fullwidth","_kad_post_sidebar_id":"","_kad_post_content_style":"unboxed","_kad_post_vertical_padding":"hide","_kad_post_feature":"","_kad_post_feature_position":"","_kad_post_header":false,"_kad_post_footer":false,"footnotes":""},"class_list":["post-3885","page","type-page","status-publish","hentry"],"acf":[],"yoast_head":"<!-- This site is optimized with the Yoast SEO plugin v26.0 - https:\/\/yoast.com\/wordpress\/plugins\/seo\/ -->\n<title>Tepeln\u00e9 \u010derpadl\u00e1, fotovoltaick\u00e9 panely a popla\u0161n\u00e9 syst\u00e9my online shop - Grupa Zejler<\/title>\n<meta name=\"description\" content=\"Tepeln\u00e9 \u010derpadl\u00e1, fotovoltaick\u00e9 panely, popla\u0161n\u00e9 syst\u00e9my - skupina Zejler prin\u00e1\u0161a inovat\u00edvne energetick\u00e9 rie\u0161enia a bezpe\u010dnostn\u00e9 syst\u00e9my!\" \/>\n<meta name=\"robots\" content=\"noindex, follow, max-snippet:-1, max-image-preview:large, max-video-preview:-1\" \/>\n<meta property=\"og:locale\" content=\"sk_SK\" \/>\n<meta property=\"og:type\" content=\"article\" \/>\n<meta property=\"og:title\" content=\"Tepeln\u00e9 \u010derpadl\u00e1, fotovoltaick\u00e9 panely a popla\u0161n\u00e9 syst\u00e9my online shop - Grupa Zejler\" \/>\n<meta property=\"og:description\" content=\"Tepeln\u00e9 \u010derpadl\u00e1, fotovoltaick\u00e9 panely, popla\u0161n\u00e9 syst\u00e9my - skupina Zejler prin\u00e1\u0161a inovat\u00edvne energetick\u00e9 rie\u0161enia a bezpe\u010dnostn\u00e9 syst\u00e9my!\" \/>\n<meta property=\"og:url\" content=\"https:\/\/grupazejler.danielzejler.pl\/sk\/ponuka\/\" \/>\n<meta property=\"og:site_name\" content=\"Grupa Zejler\" \/>\n<meta property=\"article:modified_time\" content=\"2024-05-13T15:55:07+00:00\" \/>\n<meta name=\"twitter:card\" content=\"summary_large_image\" \/>\n<meta name=\"twitter:label1\" content=\"Predpokladan\u00fd \u010das \u010d\u00edtania\" \/>\n\t<meta name=\"twitter:data1\" content=\"1 min\u00fata\" \/>\n<script type=\"application\/ld+json\" class=\"yoast-schema-graph\">{\"@context\":\"https:\/\/schema.org\",\"@graph\":[{\"@type\":\"WebPage\",\"@id\":\"https:\/\/grupazejler.danielzejler.pl\/sk\/ponuka\/\",\"url\":\"https:\/\/grupazejler.danielzejler.pl\/sk\/ponuka\/\",\"name\":\"Tepeln\u00e9 \u010derpadl\u00e1, fotovoltaick\u00e9 panely a popla\u0161n\u00e9 syst\u00e9my online shop - Grupa Zejler\",\"isPartOf\":{\"@id\":\"https:\/\/grupazejler.danielzejler.pl\/#website\"},\"datePublished\":\"2023-11-20T17:37:19+00:00\",\"dateModified\":\"2024-05-13T15:55:07+00:00\",\"description\":\"Tepeln\u00e9 \u010derpadl\u00e1, fotovoltaick\u00e9 panely, popla\u0161n\u00e9 syst\u00e9my - skupina Zejler prin\u00e1\u0161a inovat\u00edvne energetick\u00e9 rie\u0161enia a bezpe\u010dnostn\u00e9 syst\u00e9my!\",\"breadcrumb\":{\"@id\":\"https:\/\/grupazejler.danielzejler.pl\/sk\/ponuka\/#breadcrumb\"},\"inLanguage\":\"sk-SK\",\"potentialAction\":[{\"@type\":\"ReadAction\",\"target\":[\"https:\/\/grupazejler.danielzejler.pl\/sk\/ponuka\/\"]}]},{\"@type\":\"BreadcrumbList\",\"@id\":\"https:\/\/grupazejler.danielzejler.pl\/sk\/ponuka\/#breadcrumb\",\"itemListElement\":[{\"@type\":\"ListItem\",\"position\":1,\"name\":\"Strona g\u0142\u00f3wna\",\"item\":\"https:\/\/grupazejler.danielzejler.pl\/sk\/\"},{\"@type\":\"ListItem\",\"position\":2,\"name\":\"Ponuka\"}]},{\"@type\":\"WebSite\",\"@id\":\"https:\/\/grupazejler.danielzejler.pl\/#website\",\"url\":\"https:\/\/grupazejler.danielzejler.pl\/\",\"name\":\"Grupa Zejler\",\"description\":\"\",\"publisher\":{\"@id\":\"https:\/\/grupazejler.danielzejler.pl\/#organization\"},\"potentialAction\":[{\"@type\":\"SearchAction\",\"target\":{\"@type\":\"EntryPoint\",\"urlTemplate\":\"https:\/\/grupazejler.danielzejler.pl\/?s={search_term_string}\"},\"query-input\":{\"@type\":\"PropertyValueSpecification\",\"valueRequired\":true,\"valueName\":\"search_term_string\"}}],\"inLanguage\":\"sk-SK\"},{\"@type\":\"Organization\",\"@id\":\"https:\/\/grupazejler.danielzejler.pl\/#organization\",\"name\":\"Grupa Zejler\",\"url\":\"https:\/\/grupazejler.danielzejler.pl\/\",\"logo\":{\"@type\":\"ImageObject\",\"inLanguage\":\"sk-SK\",\"@id\":\"https:\/\/grupazejler.danielzejler.pl\/#\/schema\/logo\/image\/\",\"url\":\"https:\/\/grupazejler.danielzejler.pl\/wp-content\/uploads\/2023\/11\/cropped-logo.png\",\"contentUrl\":\"https:\/\/grupazejler.danielzejler.pl\/wp-content\/uploads\/2023\/11\/cropped-logo.png\",\"width\":210,\"height\":53,\"caption\":\"Grupa Zejler\"},\"image\":{\"@id\":\"https:\/\/grupazejler.danielzejler.pl\/#\/schema\/logo\/image\/\"}}]}<\/script>\n<!-- \/ Yoast SEO plugin. -->","yoast_head_json":{"title":"Tepeln\u00e9 \u010derpadl\u00e1, fotovoltaick\u00e9 panely a popla\u0161n\u00e9 syst\u00e9my online shop - Grupa Zejler","description":"Tepeln\u00e9 \u010derpadl\u00e1, fotovoltaick\u00e9 panely, popla\u0161n\u00e9 syst\u00e9my - skupina Zejler prin\u00e1\u0161a inovat\u00edvne energetick\u00e9 rie\u0161enia a bezpe\u010dnostn\u00e9 syst\u00e9my!","robots":{"index":"noindex","follow":"follow","max-snippet":"max-snippet:-1","max-image-preview":"max-image-preview:large","max-video-preview":"max-video-preview:-1"},"og_locale":"sk_SK","og_type":"article","og_title":"Tepeln\u00e9 \u010derpadl\u00e1, fotovoltaick\u00e9 panely a popla\u0161n\u00e9 syst\u00e9my online shop - Grupa Zejler","og_description":"Tepeln\u00e9 \u010derpadl\u00e1, fotovoltaick\u00e9 panely, popla\u0161n\u00e9 syst\u00e9my - skupina Zejler prin\u00e1\u0161a inovat\u00edvne energetick\u00e9 rie\u0161enia a bezpe\u010dnostn\u00e9 syst\u00e9my!","og_url":"https:\/\/grupazejler.danielzejler.pl\/sk\/ponuka\/","og_site_name":"Grupa Zejler","article_modified_time":"2024-05-13T15:55:07+00:00","twitter_card":"summary_large_image","twitter_misc":{"Predpokladan\u00fd \u010das \u010d\u00edtania":"1 min\u00fata"},"schema":{"@context":"https:\/\/schema.org","@graph":[{"@type":"WebPage","@id":"https:\/\/grupazejler.danielzejler.pl\/sk\/ponuka\/","url":"https:\/\/grupazejler.danielzejler.pl\/sk\/ponuka\/","name":"Tepeln\u00e9 \u010derpadl\u00e1, fotovoltaick\u00e9 panely a popla\u0161n\u00e9 syst\u00e9my online shop - Grupa Zejler","isPartOf":{"@id":"https:\/\/grupazejler.danielzejler.pl\/#website"},"datePublished":"2023-11-20T17:37:19+00:00","dateModified":"2024-05-13T15:55:07+00:00","description":"Tepeln\u00e9 \u010derpadl\u00e1, fotovoltaick\u00e9 panely, popla\u0161n\u00e9 syst\u00e9my - skupina Zejler prin\u00e1\u0161a inovat\u00edvne energetick\u00e9 rie\u0161enia a bezpe\u010dnostn\u00e9 syst\u00e9my!","breadcrumb":{"@id":"https:\/\/grupazejler.danielzejler.pl\/sk\/ponuka\/#breadcrumb"},"inLanguage":"sk-SK","potentialAction":[{"@type":"ReadAction","target":["https:\/\/grupazejler.danielzejler.pl\/sk\/ponuka\/"]}]},{"@type":"BreadcrumbList","@id":"https:\/\/grupazejler.danielzejler.pl\/sk\/ponuka\/#breadcrumb","itemListElement":[{"@type":"ListItem","position":1,"name":"Strona g\u0142\u00f3wna","item":"https:\/\/grupazejler.danielzejler.pl\/sk\/"},{"@type":"ListItem","position":2,"name":"Ponuka"}]},{"@type":"WebSite","@id":"https:\/\/grupazejler.danielzejler.pl\/#website","url":"https:\/\/grupazejler.danielzejler.pl\/","name":"Grupa Zejler","description":"","publisher":{"@id":"https:\/\/grupazejler.danielzejler.pl\/#organization"},"potentialAction":[{"@type":"SearchAction","target":{"@type":"EntryPoint","urlTemplate":"https:\/\/grupazejler.danielzejler.pl\/?s={search_term_string}"},"query-input":{"@type":"PropertyValueSpecification","valueRequired":true,"valueName":"search_term_string"}}],"inLanguage":"sk-SK"},{"@type":"Organization","@id":"https:\/\/grupazejler.danielzejler.pl\/#organization","name":"Grupa Zejler","url":"https:\/\/grupazejler.danielzejler.pl\/","logo":{"@type":"ImageObject","inLanguage":"sk-SK","@id":"https:\/\/grupazejler.danielzejler.pl\/#\/schema\/logo\/image\/","url":"https:\/\/grupazejler.danielzejler.pl\/wp-content\/uploads\/2023\/11\/cropped-logo.png","contentUrl":"https:\/\/grupazejler.danielzejler.pl\/wp-content\/uploads\/2023\/11\/cropped-logo.png","width":210,"height":53,"caption":"Grupa Zejler"},"image":{"@id":"https:\/\/grupazejler.danielzejler.pl\/#\/schema\/logo\/image\/"}}]}},"_links":{"self":[{"href":"https:\/\/grupazejler.danielzejler.pl\/sk\/wp-json\/wp\/v2\/pages\/3885","targetHints":{"allow":["GET"]}}],"collection":[{"href":"https:\/\/grupazejler.danielzejler.pl\/sk\/wp-json\/wp\/v2\/pages"}],"about":[{"href":"https:\/\/grupazejler.danielzejler.pl\/sk\/wp-json\/wp\/v2\/types\/page"}],"author":[{"embeddable":true,"href":"https:\/\/grupazejler.danielzejler.pl\/sk\/wp-json\/wp\/v2\/users\/1"}],"replies":[{"embeddable":true,"href":"https:\/\/grupazejler.danielzejler.pl\/sk\/wp-json\/wp\/v2\/comments?post=3885"}],"version-history":[{"count":4,"href":"https:\/\/grupazejler.danielzejler.pl\/sk\/wp-json\/wp\/v2\/pages\/3885\/revisions"}],"predecessor-version":[{"id":3916,"href":"https:\/\/grupazejler.danielzejler.pl\/sk\/wp-json\/wp\/v2\/pages\/3885\/revisions\/3916"}],"wp:attachment":[{"href":"https:\/\/grupazejler.danielzejler.pl\/sk\/wp-json\/wp\/v2\/media?parent=3885"}],"curies":[{"name":"wp","href":"https:\/\/api.w.org\/{rel}","templated":true}]}}