{"id":3914,"date":"2024-04-23T09:17:24","date_gmt":"2024-04-23T07:17:24","guid":{"rendered":"https:\/\/grupazejler.danielzejler.pl\/produkt\/suprava-tepelneho-cerpadla-19kw-r290-kombinovany-zasobnik-tuv-250l\/"},"modified":"2026-03-26T12:50:47","modified_gmt":"2026-03-26T11:50:47","slug":"suprava-tepelneho-cerpadla-19kw-r290-kombinovany-zasobnik-tuv-250l","status":"publish","type":"product","link":"https:\/\/grupazejler.danielzejler.pl\/sk\/produkt\/suprava-tepelneho-cerpadla-19kw-r290-kombinovany-zasobnik-tuv-250l\/","title":{"rendered":"S\u00faprava tepeln\u00e9ho \u010derpadla 19kw R290 + kombinovan\u00fd z\u00e1sobn\u00edk T\u00daV 250l"},"content":{"rendered":"<h3>\u0160pecifik\u00e1cia tepeln\u00e9ho \u010derpadla na prop\u00e1n NL-FLM50-190II\/R290 19 KW Flamingo<\/h3>\n<table class=\"mceItemTable table table-bordered\" cellspacing=\"0\" cellpadding=\"0\">\n<tbody>\n<tr class=\"firstRow\">\n<td colspan=\"2\"><strong>Technick\u00e9 parametre:<\/strong><\/td>\n<td><\/td>\n<td><\/td>\n<\/tr>\n<tr>\n<td colspan=\"2\">Nap\u00e1janie<\/td>\n<td>V<\/td>\n<td>380-415\/3N-\/50Hz<\/td>\n<\/tr>\n<tr>\n<td colspan=\"2\">Okolit\u00e1 teplota<\/td>\n<td>\u00b0C<\/td>\n<td>-25 \/ +43<\/td>\n<\/tr>\n<tr>\n<td colspan=\"2\">Vykurovac\u00ed v\u00fdkon (teplota okolia: 7 \u00b0C \/ teplota vody: 35 \u00b0C)<\/td>\n<td>kW<\/td>\n<td>19,00<\/td>\n<\/tr>\n<tr>\n<td colspan=\"2\">Pr\u00edkon (teplota okolia: 7 \u00b0C \/ teplota vody: 35 \u00b0C)<\/td>\n<td>kW<\/td>\n<td>4,53<\/td>\n<\/tr>\n<tr>\n<td colspan=\"2\">T\u00daV (teplota okolia: 7 \u00b0C \/ teplota vody: 55 \u00b0C)<\/td>\n<td>kW<\/td>\n<td>16,80<\/td>\n<\/tr>\n<tr>\n<td colspan=\"2\">Pr\u00edkon (teplota okolia: 7 \u00b0C \/ teplota vody: 55 \u00b0C)<\/td>\n<td>kW<\/td>\n<td>5,50<\/td>\n<\/tr>\n<tr>\n<td colspan=\"2\">Chladenie (teplota okolia: 35 \u00b0C \/ teplota vody: 18 \u00b0C)<\/td>\n<td>kW<\/td>\n<td>16,50<\/td>\n<\/tr>\n<tr>\n<td colspan=\"2\">Pr\u00edkon (teplota okolia: 35 \u00b0C \/ teplota vody: 18 \u00b0C)<\/td>\n<td>kW<\/td>\n<td>5,40<\/td>\n<\/tr>\n<tr>\n<td colspan=\"2\">Menovit\u00e1 teplota vykurovacej vody<\/td>\n<td>\u00b0C<\/td>\n<td>Tepl\u00e1 voda: 55 \u00b0C \/ Vykurovanie: 45 \u00b0C \/ Chladenie: 12\u00b0C<\/td>\n<\/tr>\n<tr>\n<td colspan=\"2\">Kompresor<\/td>\n<td>  \/<\/td>\n<td>Dvojit\u00fd rotor Panasonic + EVI<\/td>\n<\/tr>\n<tr>\n<td colspan=\"2\">Max. teplota v\u00fdstupnej vody<\/td>\n<td>  \u00b0C<\/td>\n<td>  75-80<\/td>\n<\/tr>\n<tr>\n<td colspan=\"2\">Menovit\u00fd prietok vody<\/td>\n<td>m3\/h<\/td>\n<td>3,1<\/td>\n<\/tr>\n<tr>\n<td colspan=\"2\">Expanzn\u00e1 n\u00e1dr\u017e<\/td>\n<td>L<\/td>\n<td>5<\/td>\n<\/tr>\n<tr>\n<td colspan=\"2\">Prev\u00e1dzkov\u00fd hluk<\/td>\n<td>dB(A)<\/td>\n<td>&lt;53<\/td>\n<\/tr>\n<tr>\n<td colspan=\"2\">Ventil\u00e1tory<\/td>\n<td>\/<\/td>\n<td>Pln\u00fd jednosmern\u00fd pr\u00fad \/ 2 ks<\/td>\n<\/tr>\n<tr>\n<td colspan=\"2\">Ohrieva\u010d<\/td>\n<td>kW<\/td>\n<td>3<\/td>\n<\/tr>\n<tr>\n<td colspan=\"2\">Chladivo<\/td>\n<td>  \/<\/td>\n<td>R290<\/td>\n<\/tr>\n<tr>\n<td colspan=\"2\">Obehov\u00e9 \u010derpadlo<\/td>\n<td>\/<\/td>\n<td>Invertorov\u00e9 vodn\u00e9 \u010derpadlo<\/td>\n<\/tr>\n<tr>\n<td colspan=\"2\">Trieda odolnosti vo\u010di vode<\/td>\n<td>  \/<\/td>\n<td>IPX4<\/td>\n<\/tr>\n<tr>\n<td colspan=\"2\">Priemer vstupn\u00e9ho\/v\u00fdstupn\u00e9ho potrubia<\/td>\n<td>mm<\/td>\n<td>DN25 \/ DN25<\/td>\n<\/tr>\n<tr>\n<td colspan=\"2\">\u010cist\u00e9 rozmery<\/td>\n<td>mm<\/td>\n<td>1080 x 499 x 1365<\/td>\n<\/tr>\n<tr>\n<td colspan=\"2\">\u010cist\u00e1 hmotnos\u0165<\/td>\n<td>kg<\/td>\n<td>155<\/td>\n<\/tr>\n<tr>\n<td colspan=\"2\">Kontrola<\/td>\n<td>\/<\/td>\n<td>Wifi \/ 6 jazykov<\/td>\n<\/tr>\n<tr>\n<td colspan=\"2\">Z\u00e1ruka<\/td>\n<td>\/<\/td>\n<td>2 roky<\/td>\n<\/tr>\n<\/tbody>\n<\/table>\n<p>&nbsp;<\/p>\n<h3>\u0160pecifik\u00e1cia kombinovanej n\u00e1dr\u017ee<\/h3>\n<table width=\"100%\" cellspacing=\"0\" cellpadding=\"4\">\n<tbody>\n<tr>\n<td colspan=\"3\" valign=\"top\" width=\"100%\"><strong>Technick\u00e9 \u0161pecifik\u00e1cie<\/strong><\/td>\n<\/tr>\n<tr valign=\"top\">\n<td width=\"33%\">Kapacita z\u00e1sobn\u00edka T\u00daV<\/td>\n<td width=\"11%\">L<\/td>\n<td width=\"56%\">250<\/td>\n<\/tr>\n<tr valign=\"top\">\n<td width=\"33%\">Kapacita vyrovn\u00e1vacej n\u00e1dr\u017ee<\/td>\n<td width=\"11%\">L<\/td>\n<td width=\"56%\">100<\/td>\n<\/tr>\n<tr valign=\"top\">\n<td width=\"33%\">Vn\u00fatorn\u00fd materi\u00e1l n\u00e1dr\u017ee<\/td>\n<td width=\"11%\">\/<\/td>\n<td width=\"56%\">SUS304 &#8211; austenitick\u00e1 nehrdzavej\u00faca oce\u013e<\/td>\n<\/tr>\n<tr valign=\"top\">\n<td width=\"33%\">Vonkaj\u0161\u00ed materi\u00e1l n\u00e1dr\u017ee<\/td>\n<td width=\"11%\">\/<\/td>\n<td width=\"56%\">Potiahnut\u00e1 doska<\/td>\n<\/tr>\n<tr valign=\"top\">\n<td width=\"33%\">Rozmer cievky<\/td>\n<td width=\"11%\">\/<\/td>\n<td width=\"56%\">25 mmx36 m<\/td>\n<\/tr>\n<tr valign=\"top\">\n<td width=\"33%\">Objem prestupu tepla<\/td>\n<td width=\"11%\">m2<\/td>\n<td width=\"56%\">2.8<\/td>\n<\/tr>\n<tr valign=\"top\">\n<td width=\"33%\">Ohrieva\u010d<\/td>\n<td width=\"11%\">kW<\/td>\n<td width=\"56%\">3<\/td>\n<\/tr>\n<tr valign=\"top\">\n<td width=\"33%\">\u010cist\u00e9 rozmery<\/td>\n<td width=\"11%\">mm<\/td>\n<td width=\"56%\">650\u00d71870<\/td>\n<\/tr>\n<\/tbody>\n<\/table>\n","protected":false},"excerpt":{"rendered":"<p>S\u00faprava tepeln\u00e9ho \u010derpadla vzduch-voda s\u00e9rie Flamingo + kombinovan\u00fd z\u00e1sobn\u00edk: T\u00daV 250 l (vr\u00e1tane 100 l vyrovn\u00e1vacej n\u00e1dr\u017ee).<\/p>\n<p>Prop\u00e1nov\u00e9 tepeln\u00e9 \u010derpadlo NL-FLM50-190II\/R290 19 KW<\/p>\n<p>Invertorov\u00e9 tepeln\u00e9 \u010derpadlo vzduch-voda s\u00e9rie <strong>Flamingo<\/strong> pou\u017e\u00edva ekologick\u00e9 chladivo R290, ktor\u00e9 pom\u00e1ha zni\u017eova\u0165 glob\u00e1lne otep\u013eovanie. Tepeln\u00e9 \u010derpadlo s chladivom <strong>R290<\/strong> dosahuje vy\u0161\u0161iu \u00fa\u010dinnos\u0165 ako \u010derpadl\u00e1 s ni\u017e\u0161\u00edm obsahom chladiva. V\u010faka viac\u00farov\u0148ovej redukcii hluku je \u010derpadlo prakticky nepo\u010dute\u013en\u00e9. Zabudovan\u00fd kompresor <strong>PANASONIC <\/strong>s dvojit\u00fdm rotorom. M\u00e1 farebn\u00fd displej LCD s rozhran\u00edm s vysok\u00fdm rozl\u00ed\u0161en\u00edm. <strong>Vzdialen\u00e1 aplik\u00e1cia WiFi<\/strong> (Smartlife) umo\u017e\u0148uje monitorovanie prev\u00e1dzkov\u00e9ho stavu v re\u00e1lnom \u010dase, ako aj kontrolu hist\u00f3rie z\u00e1znamov. Rad Flamingo vyu\u017e\u00edva technol\u00f3giu plne jednosmern\u00e9ho meni\u010da, ktor\u00fd dok\u00e1\u017ee automaticky upravova\u0165 frekvenciu pod\u013ea okolitej teploty, aby sa dosiahla kon\u0161tantnej\u0161ia teplota a pou\u017e\u00edvate\u013eovi sa zabezpe\u010dilo pr\u00edjemn\u00e9 dom\u00e1ce prostredie.<\/p>\n<p>Kombinovan\u00fd z\u00e1sobn\u00edk s\u00e9rie Gemini &#8222;2v1&#8220; je kombin\u00e1ciou 250l z\u00e1sobn\u00edka na T\u00daV a 100l vyrovn\u00e1vacej n\u00e1dr\u017ee. Zariadenie je ur\u010den\u00e9 na ohrev a akumul\u00e1ciu \u00fa\u017eitkovej vody predov\u0161etk\u00fdm v spolupr\u00e1ci s tepeln\u00fdmi \u010derpadlami, kde je teplota prietoku cca. 55 a\u017e 60 stup\u0148ov. C. Z\u00e1sobn\u00edk vody sa m\u00f4\u017ee pou\u017e\u00edva\u0165 aj v spolupr\u00e1ci so sol\u00e1rnymi syst\u00e9mami, kotlami a in\u00fdmi zdrojmi tepla.<\/p>\n","protected":false},"featured_media":3785,"template":"","meta":{"_acf_changed":false,"_kadence_starter_templates_imported_post":false,"_kad_post_transparent":"","_kad_post_title":"","_kad_post_layout":"","_kad_post_sidebar_id":"","_kad_post_content_style":"","_kad_post_vertical_padding":"","_kad_post_feature":"","_kad_post_feature_position":"","_kad_post_header":false,"_kad_post_footer":false},"producent":[44,46],"product_brand":[],"product_cat":[25,21],"product_tag":[],"class_list":{"0":"post-3914","1":"product","2":"type-product","3":"status-publish","4":"has-post-thumbnail","6":"producent-new-energy-newntide","7":"producent-nulite","8":"product_cat-pompy-ciepla","9":"product_cat-fotowoltaika","10":"product_shipping_class-kurier-dpd-paleta-sk","12":"first","13":"outofstock","14":"shipping-taxable","15":"purchasable","16":"product-type-simple","17":"entry","18":"content-bg","19":"loop-entry"},"acf":[],"yoast_head":"<!-- This site is optimized with the Yoast SEO plugin v26.0 - https:\/\/yoast.com\/wordpress\/plugins\/seo\/ -->\n<title>S\u00faprava tepeln\u00e9ho \u010derpadla 19kw R290 + kombinovan\u00fd z\u00e1sobn\u00edk T\u00daV 250l - Grupa Zejler<\/title>\n<meta name=\"robots\" content=\"noindex, follow, max-snippet:-1, max-image-preview:large, max-video-preview:-1\" \/>\n<meta property=\"og:locale\" content=\"sk_SK\" \/>\n<meta property=\"og:type\" content=\"article\" \/>\n<meta property=\"og:title\" content=\"S\u00faprava tepeln\u00e9ho \u010derpadla 19kw R290 + kombinovan\u00fd z\u00e1sobn\u00edk T\u00daV 250l - Grupa Zejler\" \/>\n<meta property=\"og:description\" content=\"S\u00faprava tepeln\u00e9ho \u010derpadla vzduch-voda s\u00e9rie Flamingo + kombinovan\u00fd z\u00e1sobn\u00edk: T\u00daV 250 l (vr\u00e1tane 100 l vyrovn\u00e1vacej n\u00e1dr\u017ee). Prop\u00e1nov\u00e9 tepeln\u00e9 \u010derpadlo NL-FLM50-190II\/R290 19 KW Invertorov\u00e9 tepeln\u00e9 \u010derpadlo vzduch-voda s\u00e9rie Flamingo pou\u017e\u00edva ekologick\u00e9 chladivo R290, ktor\u00e9 pom\u00e1ha zni\u017eova\u0165 glob\u00e1lne otep\u013eovanie. Tepeln\u00e9 \u010derpadlo s chladivom R290 dosahuje vy\u0161\u0161iu \u00fa\u010dinnos\u0165 ako \u010derpadl\u00e1 s ni\u017e\u0161\u00edm obsahom chladiva. V\u010faka viac\u00farov\u0148ovej redukcii hluku je \u010derpadlo prakticky nepo\u010dute\u013en\u00e9. Zabudovan\u00fd kompresor PANASONIC s dvojit\u00fdm rotorom. M\u00e1 farebn\u00fd displej LCD s rozhran\u00edm s vysok\u00fdm rozl\u00ed\u0161en\u00edm. Vzdialen\u00e1 aplik\u00e1cia WiFi (Smartlife) umo\u017e\u0148uje monitorovanie prev\u00e1dzkov\u00e9ho stavu v re\u00e1lnom \u010dase, ako aj kontrolu hist\u00f3rie z\u00e1znamov. Rad Flamingo vyu\u017e\u00edva technol\u00f3giu plne jednosmern\u00e9ho meni\u010da, ktor\u00fd dok\u00e1\u017ee automaticky upravova\u0165 frekvenciu pod\u013ea okolitej teploty, aby sa dosiahla kon\u0161tantnej\u0161ia teplota a pou\u017e\u00edvate\u013eovi sa zabezpe\u010dilo pr\u00edjemn\u00e9 dom\u00e1ce prostredie. Kombinovan\u00fd z\u00e1sobn\u00edk s\u00e9rie Gemini &quot;2v1&quot; je kombin\u00e1ciou 250l z\u00e1sobn\u00edka na T\u00daV a 100l vyrovn\u00e1vacej n\u00e1dr\u017ee. Zariadenie je ur\u010den\u00e9 na ohrev a akumul\u00e1ciu \u00fa\u017eitkovej vody predov\u0161etk\u00fdm v spolupr\u00e1ci s tepeln\u00fdmi \u010derpadlami, kde je teplota prietoku cca. 55 a\u017e 60 stup\u0148ov. C. Z\u00e1sobn\u00edk vody sa m\u00f4\u017ee pou\u017e\u00edva\u0165 aj v spolupr\u00e1ci so sol\u00e1rnymi syst\u00e9mami, kotlami a in\u00fdmi zdrojmi tepla.\" \/>\n<meta property=\"og:url\" content=\"https:\/\/grupazejler.danielzejler.pl\/produkt\/zestaw-pompa-ciepla-19kw-r290-zbiornik-kombinowany-cwu-250l\/\" \/>\n<meta property=\"og:site_name\" content=\"Grupa Zejler\" \/>\n<meta property=\"article:modified_time\" content=\"2026-03-26T11:50:47+00:00\" \/>\n<meta property=\"og:image\" content=\"https:\/\/grupazejler.danielzejler.pl\/wp-content\/uploads\/2024\/04\/2.jpg\" \/>\n\t<meta property=\"og:image:width\" content=\"1012\" \/>\n\t<meta property=\"og:image:height\" content=\"819\" \/>\n\t<meta property=\"og:image:type\" content=\"image\/jpeg\" \/>\n<meta name=\"twitter:card\" content=\"summary_large_image\" \/>\n<meta name=\"twitter:label1\" content=\"Predpokladan\u00fd \u010das \u010d\u00edtania\" \/>\n\t<meta name=\"twitter:data1\" content=\"1 min\u00fata\" \/>\n<script type=\"application\/ld+json\" class=\"yoast-schema-graph\">{\"@context\":\"https:\/\/schema.org\",\"@graph\":[{\"@type\":\"WebPage\",\"@id\":\"https:\/\/grupazejler.danielzejler.pl\/produkt\/zestaw-pompa-ciepla-19kw-r290-zbiornik-kombinowany-cwu-250l\/\",\"url\":\"https:\/\/grupazejler.danielzejler.pl\/produkt\/zestaw-pompa-ciepla-19kw-r290-zbiornik-kombinowany-cwu-250l\/\",\"name\":\"S\u00faprava tepeln\u00e9ho \u010derpadla 19kw R290 + kombinovan\u00fd z\u00e1sobn\u00edk T\u00daV 250l - Grupa Zejler\",\"isPartOf\":{\"@id\":\"https:\/\/grupazejler.danielzejler.pl\/#website\"},\"primaryImageOfPage\":{\"@id\":\"https:\/\/grupazejler.danielzejler.pl\/produkt\/zestaw-pompa-ciepla-19kw-r290-zbiornik-kombinowany-cwu-250l\/#primaryimage\"},\"image\":{\"@id\":\"https:\/\/grupazejler.danielzejler.pl\/produkt\/zestaw-pompa-ciepla-19kw-r290-zbiornik-kombinowany-cwu-250l\/#primaryimage\"},\"thumbnailUrl\":\"https:\/\/grupazejler.danielzejler.pl\/wp-content\/uploads\/2024\/04\/2.jpg\",\"datePublished\":\"2024-04-23T07:17:24+00:00\",\"dateModified\":\"2026-03-26T11:50:47+00:00\",\"breadcrumb\":{\"@id\":\"https:\/\/grupazejler.danielzejler.pl\/produkt\/zestaw-pompa-ciepla-19kw-r290-zbiornik-kombinowany-cwu-250l\/#breadcrumb\"},\"inLanguage\":\"sk-SK\",\"potentialAction\":[{\"@type\":\"ReadAction\",\"target\":[\"https:\/\/grupazejler.danielzejler.pl\/produkt\/zestaw-pompa-ciepla-19kw-r290-zbiornik-kombinowany-cwu-250l\/\"]}]},{\"@type\":\"ImageObject\",\"inLanguage\":\"sk-SK\",\"@id\":\"https:\/\/grupazejler.danielzejler.pl\/produkt\/zestaw-pompa-ciepla-19kw-r290-zbiornik-kombinowany-cwu-250l\/#primaryimage\",\"url\":\"https:\/\/grupazejler.danielzejler.pl\/wp-content\/uploads\/2024\/04\/2.jpg\",\"contentUrl\":\"https:\/\/grupazejler.danielzejler.pl\/wp-content\/uploads\/2024\/04\/2.jpg\",\"width\":1012,\"height\":819},{\"@type\":\"BreadcrumbList\",\"@id\":\"https:\/\/grupazejler.danielzejler.pl\/produkt\/zestaw-pompa-ciepla-19kw-r290-zbiornik-kombinowany-cwu-250l\/#breadcrumb\",\"itemListElement\":[{\"@type\":\"ListItem\",\"position\":1,\"name\":\"Strona g\u0142\u00f3wna\",\"item\":\"https:\/\/grupazejler.danielzejler.pl\/sk\/\"},{\"@type\":\"ListItem\",\"position\":2,\"name\":\"Sklep\",\"item\":\"https:\/\/grupazejler.danielzejler.pl\/sklep\/\"},{\"@type\":\"ListItem\",\"position\":3,\"name\":\"Pompy ciep\u0142a\",\"item\":\"https:\/\/grupazejler.danielzejler.pl\/kategoria-produktu\/pompy-ciepla\/\"},{\"@type\":\"ListItem\",\"position\":4,\"name\":\"S\u00faprava tepeln\u00e9ho \u010derpadla 19kw R290 + kombinovan\u00fd z\u00e1sobn\u00edk T\u00daV 250l\"}]},{\"@type\":\"WebSite\",\"@id\":\"https:\/\/grupazejler.danielzejler.pl\/#website\",\"url\":\"https:\/\/grupazejler.danielzejler.pl\/\",\"name\":\"Grupa Zejler\",\"description\":\"\",\"publisher\":{\"@id\":\"https:\/\/grupazejler.danielzejler.pl\/#organization\"},\"potentialAction\":[{\"@type\":\"SearchAction\",\"target\":{\"@type\":\"EntryPoint\",\"urlTemplate\":\"https:\/\/grupazejler.danielzejler.pl\/?s={search_term_string}\"},\"query-input\":{\"@type\":\"PropertyValueSpecification\",\"valueRequired\":true,\"valueName\":\"search_term_string\"}}],\"inLanguage\":\"sk-SK\"},{\"@type\":\"Organization\",\"@id\":\"https:\/\/grupazejler.danielzejler.pl\/#organization\",\"name\":\"Grupa Zejler\",\"url\":\"https:\/\/grupazejler.danielzejler.pl\/\",\"logo\":{\"@type\":\"ImageObject\",\"inLanguage\":\"sk-SK\",\"@id\":\"https:\/\/grupazejler.danielzejler.pl\/#\/schema\/logo\/image\/\",\"url\":\"https:\/\/grupazejler.danielzejler.pl\/wp-content\/uploads\/2023\/11\/cropped-logo.png\",\"contentUrl\":\"https:\/\/grupazejler.danielzejler.pl\/wp-content\/uploads\/2023\/11\/cropped-logo.png\",\"width\":210,\"height\":53,\"caption\":\"Grupa Zejler\"},\"image\":{\"@id\":\"https:\/\/grupazejler.danielzejler.pl\/#\/schema\/logo\/image\/\"}}]}<\/script>\n<!-- \/ Yoast SEO plugin. -->","yoast_head_json":{"title":"S\u00faprava tepeln\u00e9ho \u010derpadla 19kw R290 + kombinovan\u00fd z\u00e1sobn\u00edk T\u00daV 250l - Grupa Zejler","robots":{"index":"noindex","follow":"follow","max-snippet":"max-snippet:-1","max-image-preview":"max-image-preview:large","max-video-preview":"max-video-preview:-1"},"og_locale":"sk_SK","og_type":"article","og_title":"S\u00faprava tepeln\u00e9ho \u010derpadla 19kw R290 + kombinovan\u00fd z\u00e1sobn\u00edk T\u00daV 250l - Grupa Zejler","og_description":"S\u00faprava tepeln\u00e9ho \u010derpadla vzduch-voda s\u00e9rie Flamingo + kombinovan\u00fd z\u00e1sobn\u00edk: T\u00daV 250 l (vr\u00e1tane 100 l vyrovn\u00e1vacej n\u00e1dr\u017ee). Prop\u00e1nov\u00e9 tepeln\u00e9 \u010derpadlo NL-FLM50-190II\/R290 19 KW Invertorov\u00e9 tepeln\u00e9 \u010derpadlo vzduch-voda s\u00e9rie Flamingo pou\u017e\u00edva ekologick\u00e9 chladivo R290, ktor\u00e9 pom\u00e1ha zni\u017eova\u0165 glob\u00e1lne otep\u013eovanie. Tepeln\u00e9 \u010derpadlo s chladivom R290 dosahuje vy\u0161\u0161iu \u00fa\u010dinnos\u0165 ako \u010derpadl\u00e1 s ni\u017e\u0161\u00edm obsahom chladiva. V\u010faka viac\u00farov\u0148ovej redukcii hluku je \u010derpadlo prakticky nepo\u010dute\u013en\u00e9. Zabudovan\u00fd kompresor PANASONIC s dvojit\u00fdm rotorom. M\u00e1 farebn\u00fd displej LCD s rozhran\u00edm s vysok\u00fdm rozl\u00ed\u0161en\u00edm. Vzdialen\u00e1 aplik\u00e1cia WiFi (Smartlife) umo\u017e\u0148uje monitorovanie prev\u00e1dzkov\u00e9ho stavu v re\u00e1lnom \u010dase, ako aj kontrolu hist\u00f3rie z\u00e1znamov. Rad Flamingo vyu\u017e\u00edva technol\u00f3giu plne jednosmern\u00e9ho meni\u010da, ktor\u00fd dok\u00e1\u017ee automaticky upravova\u0165 frekvenciu pod\u013ea okolitej teploty, aby sa dosiahla kon\u0161tantnej\u0161ia teplota a pou\u017e\u00edvate\u013eovi sa zabezpe\u010dilo pr\u00edjemn\u00e9 dom\u00e1ce prostredie. Kombinovan\u00fd z\u00e1sobn\u00edk s\u00e9rie Gemini \"2v1\" je kombin\u00e1ciou 250l z\u00e1sobn\u00edka na T\u00daV a 100l vyrovn\u00e1vacej n\u00e1dr\u017ee. Zariadenie je ur\u010den\u00e9 na ohrev a akumul\u00e1ciu \u00fa\u017eitkovej vody predov\u0161etk\u00fdm v spolupr\u00e1ci s tepeln\u00fdmi \u010derpadlami, kde je teplota prietoku cca. 55 a\u017e 60 stup\u0148ov. C. Z\u00e1sobn\u00edk vody sa m\u00f4\u017ee pou\u017e\u00edva\u0165 aj v spolupr\u00e1ci so sol\u00e1rnymi syst\u00e9mami, kotlami a in\u00fdmi zdrojmi tepla.","og_url":"https:\/\/grupazejler.danielzejler.pl\/produkt\/zestaw-pompa-ciepla-19kw-r290-zbiornik-kombinowany-cwu-250l\/","og_site_name":"Grupa Zejler","article_modified_time":"2026-03-26T11:50:47+00:00","og_image":[{"width":1012,"height":819,"url":"https:\/\/grupazejler.danielzejler.pl\/wp-content\/uploads\/2024\/04\/2.jpg","type":"image\/jpeg"}],"twitter_card":"summary_large_image","twitter_misc":{"Predpokladan\u00fd \u010das \u010d\u00edtania":"1 min\u00fata"},"schema":{"@context":"https:\/\/schema.org","@graph":[{"@type":"WebPage","@id":"https:\/\/grupazejler.danielzejler.pl\/produkt\/zestaw-pompa-ciepla-19kw-r290-zbiornik-kombinowany-cwu-250l\/","url":"https:\/\/grupazejler.danielzejler.pl\/produkt\/zestaw-pompa-ciepla-19kw-r290-zbiornik-kombinowany-cwu-250l\/","name":"S\u00faprava tepeln\u00e9ho \u010derpadla 19kw R290 + kombinovan\u00fd z\u00e1sobn\u00edk T\u00daV 250l - Grupa Zejler","isPartOf":{"@id":"https:\/\/grupazejler.danielzejler.pl\/#website"},"primaryImageOfPage":{"@id":"https:\/\/grupazejler.danielzejler.pl\/produkt\/zestaw-pompa-ciepla-19kw-r290-zbiornik-kombinowany-cwu-250l\/#primaryimage"},"image":{"@id":"https:\/\/grupazejler.danielzejler.pl\/produkt\/zestaw-pompa-ciepla-19kw-r290-zbiornik-kombinowany-cwu-250l\/#primaryimage"},"thumbnailUrl":"https:\/\/grupazejler.danielzejler.pl\/wp-content\/uploads\/2024\/04\/2.jpg","datePublished":"2024-04-23T07:17:24+00:00","dateModified":"2026-03-26T11:50:47+00:00","breadcrumb":{"@id":"https:\/\/grupazejler.danielzejler.pl\/produkt\/zestaw-pompa-ciepla-19kw-r290-zbiornik-kombinowany-cwu-250l\/#breadcrumb"},"inLanguage":"sk-SK","potentialAction":[{"@type":"ReadAction","target":["https:\/\/grupazejler.danielzejler.pl\/produkt\/zestaw-pompa-ciepla-19kw-r290-zbiornik-kombinowany-cwu-250l\/"]}]},{"@type":"ImageObject","inLanguage":"sk-SK","@id":"https:\/\/grupazejler.danielzejler.pl\/produkt\/zestaw-pompa-ciepla-19kw-r290-zbiornik-kombinowany-cwu-250l\/#primaryimage","url":"https:\/\/grupazejler.danielzejler.pl\/wp-content\/uploads\/2024\/04\/2.jpg","contentUrl":"https:\/\/grupazejler.danielzejler.pl\/wp-content\/uploads\/2024\/04\/2.jpg","width":1012,"height":819},{"@type":"BreadcrumbList","@id":"https:\/\/grupazejler.danielzejler.pl\/produkt\/zestaw-pompa-ciepla-19kw-r290-zbiornik-kombinowany-cwu-250l\/#breadcrumb","itemListElement":[{"@type":"ListItem","position":1,"name":"Strona g\u0142\u00f3wna","item":"https:\/\/grupazejler.danielzejler.pl\/sk\/"},{"@type":"ListItem","position":2,"name":"Sklep","item":"https:\/\/grupazejler.danielzejler.pl\/sklep\/"},{"@type":"ListItem","position":3,"name":"Pompy ciep\u0142a","item":"https:\/\/grupazejler.danielzejler.pl\/kategoria-produktu\/pompy-ciepla\/"},{"@type":"ListItem","position":4,"name":"S\u00faprava tepeln\u00e9ho \u010derpadla 19kw R290 + kombinovan\u00fd z\u00e1sobn\u00edk T\u00daV 250l"}]},{"@type":"WebSite","@id":"https:\/\/grupazejler.danielzejler.pl\/#website","url":"https:\/\/grupazejler.danielzejler.pl\/","name":"Grupa Zejler","description":"","publisher":{"@id":"https:\/\/grupazejler.danielzejler.pl\/#organization"},"potentialAction":[{"@type":"SearchAction","target":{"@type":"EntryPoint","urlTemplate":"https:\/\/grupazejler.danielzejler.pl\/?s={search_term_string}"},"query-input":{"@type":"PropertyValueSpecification","valueRequired":true,"valueName":"search_term_string"}}],"inLanguage":"sk-SK"},{"@type":"Organization","@id":"https:\/\/grupazejler.danielzejler.pl\/#organization","name":"Grupa Zejler","url":"https:\/\/grupazejler.danielzejler.pl\/","logo":{"@type":"ImageObject","inLanguage":"sk-SK","@id":"https:\/\/grupazejler.danielzejler.pl\/#\/schema\/logo\/image\/","url":"https:\/\/grupazejler.danielzejler.pl\/wp-content\/uploads\/2023\/11\/cropped-logo.png","contentUrl":"https:\/\/grupazejler.danielzejler.pl\/wp-content\/uploads\/2023\/11\/cropped-logo.png","width":210,"height":53,"caption":"Grupa Zejler"},"image":{"@id":"https:\/\/grupazejler.danielzejler.pl\/#\/schema\/logo\/image\/"}}]}},"_links":{"self":[{"href":"https:\/\/grupazejler.danielzejler.pl\/sk\/wp-json\/wp\/v2\/product\/3914","targetHints":{"allow":["GET"]}}],"collection":[{"href":"https:\/\/grupazejler.danielzejler.pl\/sk\/wp-json\/wp\/v2\/product"}],"about":[{"href":"https:\/\/grupazejler.danielzejler.pl\/sk\/wp-json\/wp\/v2\/types\/product"}],"wp:featuredmedia":[{"embeddable":true,"href":"https:\/\/grupazejler.danielzejler.pl\/sk\/wp-json\/wp\/v2\/media\/3785"}],"wp:attachment":[{"href":"https:\/\/grupazejler.danielzejler.pl\/sk\/wp-json\/wp\/v2\/media?parent=3914"}],"wp:term":[{"taxonomy":"producent","embeddable":true,"href":"https:\/\/grupazejler.danielzejler.pl\/sk\/wp-json\/wp\/v2\/producent?post=3914"},{"taxonomy":"product_brand","embeddable":true,"href":"https:\/\/grupazejler.danielzejler.pl\/sk\/wp-json\/wp\/v2\/product_brand?post=3914"},{"taxonomy":"product_cat","embeddable":true,"href":"https:\/\/grupazejler.danielzejler.pl\/sk\/wp-json\/wp\/v2\/product_cat?post=3914"},{"taxonomy":"product_tag","embeddable":true,"href":"https:\/\/grupazejler.danielzejler.pl\/sk\/wp-json\/wp\/v2\/product_tag?post=3914"}],"curies":[{"name":"wp","href":"https:\/\/api.w.org\/{rel}","templated":true}]}}