{"id":3946,"date":"2024-03-22T15:29:21","date_gmt":"2024-03-22T14:29:21","guid":{"rendered":"https:\/\/grupazejler.danielzejler.pl\/produkt\/propanove-tepelne-cerpadlo-ne-f90hcr5invm-9-kw-r290-1n\/"},"modified":"2026-03-26T12:52:06","modified_gmt":"2026-03-26T11:52:06","slug":"propanove-tepelne-cerpadlo-ne-f90hcr5invm-9-kw-r290-1n","status":"publish","type":"product","link":"https:\/\/grupazejler.danielzejler.pl\/sk\/produkt\/propanove-tepelne-cerpadlo-ne-f90hcr5invm-9-kw-r290-1n\/","title":{"rendered":"Prop\u00e1nov\u00e9 tepeln\u00e9 \u010derpadlo NE-F90HCR5INVM 9 KW R290 1N"},"content":{"rendered":"<div class=\"mp4t_16_s mryx_16_s mr3m_1 mli2_1 mh85_56 mh85_0_l\">\n<div class=\"mgn2_16 _0d3bd_am0a-\">\n<div class=\"mp4t_16_s mryx_16_s mr3m_1 mli2_1 mh85_56 mh85_0_l\">\n<div class=\"mgn2_16 _0d3bd_am0a-\">\n<h1>\u0160pecifik\u00e1cia:<\/h1>\n<p><b>Nap\u00e1janie:<\/b> 220V-240V\/1N\/ 50Hz<\/p>\n<p><b>Okolit\u00e1 teplota:<\/b> -25 \u00b0C\/ +43 \u00b0C<\/p>\n<p><b>Vykurovac\u00ed <\/b>v\u00fdkon: 9,33 kW<\/p>\n<p><b>Kompresor:<\/b> HIGHLY<\/p>\n<p><b>Pr\u00edkon<\/b>: 2,14 kW<\/p>\n<p><b>Max. vstupn\u00fd v\u00fdkon:<\/b>  4,00 kW<\/p>\n<p><b>Max. teplota v\u00fdstupnej vody<\/b>  75\u00b0C<\/p>\n<p><b>Menovit\u00fd prietok vody:<\/b> 1,5 m3\/h<\/p>\n<p>Expanzn\u00e1 <b>n\u00e1dr\u017e:<\/b> 2 l<\/p>\n<p><b>ErP pre 35 \u00b0C:<\/b> A+++<\/p>\n<p><b>ErP pre 55 \u00b0C:<\/b> A++<\/p>\n<p><b>Hladina hluku vo vzdialenosti 1 m:<\/b> 43-54 dB(A)<\/p>\n<p><b>Chladivo:<\/b> R290<\/p>\n<p><b>Pripojenie potrubia:<\/b> 1 1\/4&#8243;<\/p>\n<p><b>Trieda vodotesnosti:<\/b> IPX4<\/p>\n<p><b>\u010cist\u00e9 rozmery<\/b>: 1263 x 875 x 440<\/p>\n<p><b>Z\u00e1ruka:<\/b> 5 rokov (hlavn\u00e9 \u010dasti) \/ 3 roky (ostatn\u00e9 \u010dasti)<\/p>\n<p><b>Prev\u00e1dzkov\u00e9 parametre pre vykurovanie pri teplote vody (vstup\/v\u00fdstup): 30\u00b0C\/35\u00b0C<\/b><\/p>\n<p>Vykurovac\u00ed v\u00fdkon: 3,50 ~ 8,81 kW<\/p>\n<p>Pr\u00edkon: 0,58 ~ 1,89 kW<\/p>\n<p>COP (koeficient v\u00fdkonu): 6,00~4,65<\/p>\n<p>&#8212;&#8212;&#8212;&#8212;&#8212;&#8212;&#8212;&#8212;&#8212;&#8212;&#8212;&#8212;&#8212;&#8212;&#8212;&#8212;&#8212;&#8212;&#8212;&#8212;<\/p>\n<p><b>Prev\u00e1dzkov\u00e9 parametre chladenia pri teplote vody (vstup\/v\u00fdstup): 12\u00b0C\/7\u00b0C<\/b><\/p>\n<p>Chladiaci v\u00fdkon: 1,53~5,96 kW<\/p>\n<p>Pr\u00edkon: 0,33 ~ 2,11 kW<\/p>\n<p>EER (energetick\u00e1 \u00fa\u010dinnos\u0165): 4,64~2,82<\/p>\n<p>&#8212;&#8212;&#8212;&#8212;&#8212;&#8212;&#8212;&#8212;&#8212;&#8212;&#8212;&#8212;&#8212;&#8212;&#8212;&#8212;&#8212;&#8212;&#8212;&#8212;&#8212;-<\/p>\n<p><b>Prev\u00e1dzkov\u00e9 parametre pre ohrev T\u00daV: 15 \u00b0C a\u017e 55 \u00b0C<\/b><\/p>\n<p>Vykurovac\u00ed v\u00fdkon: 9,33 kW<\/p>\n<p>Pr\u00edkon: 2,14 kW<\/p>\n<p>COP (koeficient v\u00fdkonu): 4,00<\/p>\n<h1>N\u00edzka cena!<\/h1>\n<\/div>\n<\/div>\n<h2>Pozrite si na\u0161e \u010fal\u0161ie ponuky!<\/h2>\n<\/div>\n<\/div>\n","protected":false},"excerpt":{"rendered":"<div class=\"mp4t_16_s mryx_16_s mr3m_1 mli2_1 mh85_56 mh85_0_l\">\n<div class=\"mgn2_16 _0d3bd_am0a-\">\n<p><b>SERVIS V\u00ddROBCU \/ SPO\u013dAHLIV\u00c1 Z\u00c1RUKA \/ SERVIS V CELOM PO\u013dSKU<\/b><\/p>\n<p>Mo\u017en\u00e9 zhroma\u017edenie &#8211; KR\u00c1TKE \u010cASY (Sliezske vojvodstvo, Opolsk\u00e9 vojvodstvo, Malopo\u013esk\u00e9 vojvodstvo)<\/p>\n<p>Invertorov\u00e9 tepeln\u00e9 \u010derpadlo vzduch-voda radu <b>Sunglow R290 <\/b>od v\u00fdrobcu NEWNTIDE sa vyzna\u010duje nielen modern\u00fdm dizajnom a inovat\u00edvnym pozinkovan\u00fdm krytom, ale aj \u00fa\u010dinnos\u0165ou s minim\u00e1lnymi emisiami oxidu uhli\u010dit\u00e9ho. Ur\u010den\u00e9 na vykurovanie budovy a pr\u00edpravu teplej vody (T\u00daV). Chladivo R290 m\u00e1 jeden z najni\u017e\u0161\u00edch GWP spomedzi v\u0161etk\u00fdch chlad\u00edv pou\u017e\u00edvan\u00fdch v zariadeniach tepeln\u00fdch \u010derpadiel. Pou\u017e\u00edvanie tepeln\u00e9ho \u010derpadla na prop\u00e1n je \u0161etrnej\u0161ie k \u017eivotn\u00e9mu prostrediu. Tieto \u010derpadl\u00e1 poskytuj\u00fa najvy\u0161\u0161iu \u00fa\u010dinnos\u0165 pri minim\u00e1lnej zmene teploty okolia. Ich pr\u00e1ca sa premieta aj do vysok\u00e9ho v\u00fdkonu pri ve\u013emi n\u00edzkych vonkaj\u0161\u00edch teplot\u00e1ch. VY\u0160\u0160IE zabudovan\u00fd kompresor. M\u00e1 funkciu <b>WI-FI<\/b>.<\/p>\n<p>Tepeln\u00e9 \u010derpadlo s\u00e9rie Sunglow s chladivom R290 (prop\u00e1n) sp\u013a\u0148a smernice E\u00da. Z\u00e1ruku n\u00edzkej spotreby energie ilustruje energetick\u00fd \u0161t\u00edtok A+++.<\/p>\n<p>Pou\u017eitie plne jednosmern\u00e9ho meni\u010da zabezpe\u010duje automatick\u00e9 prisp\u00f4sobenie frekvencie po\u017eiadavk\u00e1m na energiu. Tepeln\u00e9 \u010derpadl\u00e1 Sunglow, inak zn\u00e1me ako &#8222;vysokoteplotn\u00e9&#8220; tepeln\u00e9 \u010derpadl\u00e1, dosahuj\u00fa tepeln\u00fd komfort pri ve\u013emi n\u00edzkych vonkaj\u0161\u00edch teplot\u00e1ch.<\/p>\n<p>&nbsp;<\/p>\n<\/div>\n<\/div>\n<p>Mo\u017eno zak\u00fapi\u0165 ako s\u00fapravu s kombinovanou n\u00e1dr\u017eou: T\u00daV 250 l + vyrovn\u00e1vacia n\u00e1dr\u017e 100 l.<\/p>\n","protected":false},"featured_media":3779,"template":"","meta":{"_acf_changed":false,"_kadence_starter_templates_imported_post":false,"_kad_post_transparent":"","_kad_post_title":"","_kad_post_layout":"","_kad_post_sidebar_id":"","_kad_post_content_style":"","_kad_post_vertical_padding":"","_kad_post_feature":"","_kad_post_feature_position":"","_kad_post_header":false,"_kad_post_footer":false},"producent":[44],"product_brand":[],"product_cat":[156,155],"product_tag":[],"class_list":{"0":"post-3946","1":"product","2":"type-product","3":"status-publish","4":"has-post-thumbnail","6":"producent-new-energy-newntide","7":"product_cat-monoblokove-tepelne-cerpadla","8":"product_cat-tepelne-cerpadla","9":"product_shipping_class-kurier-dpd-paleta-sk","11":"first","12":"onbackorder","13":"sold-individually","14":"shipping-taxable","15":"purchasable","16":"product-type-simple","17":"entry","18":"content-bg","19":"loop-entry"},"acf":[],"yoast_head":"<!-- This site is optimized with the Yoast SEO plugin v26.0 - https:\/\/yoast.com\/wordpress\/plugins\/seo\/ -->\n<title>Inverterov\u00e9 tepeln\u00e9 \u010derpadlo sunpro ne-f200hcr4tinem 20 kw online - Grupa Zejler<\/title>\n<meta name=\"robots\" content=\"noindex, follow, max-snippet:-1, max-image-preview:large, max-video-preview:-1\" \/>\n<meta property=\"og:locale\" content=\"sk_SK\" \/>\n<meta property=\"og:type\" content=\"article\" \/>\n<meta property=\"og:title\" content=\"Inverterov\u00e9 tepeln\u00e9 \u010derpadlo sunpro ne-f200hcr4tinem 20 kw online - Grupa Zejler\" \/>\n<meta property=\"og:description\" content=\"SERVIS V\u00ddROBCU \/ SPO\u013dAHLIV\u00c1 Z\u00c1RUKA \/ SERVIS V CELOM PO\u013dSKU Mo\u017en\u00e9 zhroma\u017edenie - KR\u00c1TKE \u010cASY (Sliezske vojvodstvo, Opolsk\u00e9 vojvodstvo, Malopo\u013esk\u00e9 vojvodstvo) Invertorov\u00e9 tepeln\u00e9 \u010derpadlo vzduch-voda radu Sunglow R290 od v\u00fdrobcu NEWNTIDE sa vyzna\u010duje nielen modern\u00fdm dizajnom a inovat\u00edvnym pozinkovan\u00fdm krytom, ale aj \u00fa\u010dinnos\u0165ou s minim\u00e1lnymi emisiami oxidu uhli\u010dit\u00e9ho. Ur\u010den\u00e9 na vykurovanie budovy a pr\u00edpravu teplej vody (T\u00daV). Chladivo R290 m\u00e1 jeden z najni\u017e\u0161\u00edch GWP spomedzi v\u0161etk\u00fdch chlad\u00edv pou\u017e\u00edvan\u00fdch v zariadeniach tepeln\u00fdch \u010derpadiel. Pou\u017e\u00edvanie tepeln\u00e9ho \u010derpadla na prop\u00e1n je \u0161etrnej\u0161ie k \u017eivotn\u00e9mu prostrediu. Tieto \u010derpadl\u00e1 poskytuj\u00fa najvy\u0161\u0161iu \u00fa\u010dinnos\u0165 pri minim\u00e1lnej zmene teploty okolia. Ich pr\u00e1ca sa premieta aj do vysok\u00e9ho v\u00fdkonu pri ve\u013emi n\u00edzkych vonkaj\u0161\u00edch teplot\u00e1ch. VY\u0160\u0160IE zabudovan\u00fd kompresor. M\u00e1 funkciu WI-FI. Tepeln\u00e9 \u010derpadlo s\u00e9rie Sunglow s chladivom R290 (prop\u00e1n) sp\u013a\u0148a smernice E\u00da. Z\u00e1ruku n\u00edzkej spotreby energie ilustruje energetick\u00fd \u0161t\u00edtok A+++. Pou\u017eitie plne jednosmern\u00e9ho meni\u010da zabezpe\u010duje automatick\u00e9 prisp\u00f4sobenie frekvencie po\u017eiadavk\u00e1m na energiu. Tepeln\u00e9 \u010derpadl\u00e1 Sunglow, inak zn\u00e1me ako &quot;vysokoteplotn\u00e9&quot; tepeln\u00e9 \u010derpadl\u00e1, dosahuj\u00fa tepeln\u00fd komfort pri ve\u013emi n\u00edzkych vonkaj\u0161\u00edch teplot\u00e1ch. &nbsp;  Mo\u017eno zak\u00fapi\u0165 ako s\u00fapravu s kombinovanou n\u00e1dr\u017eou: T\u00daV 250 l + vyrovn\u00e1vacia n\u00e1dr\u017e 100 l.\" \/>\n<meta property=\"og:url\" content=\"https:\/\/grupazejler.danielzejler.pl\/produkt\/propanowa-pompa-ciepla-ne-f90hcr5invm-9-kw\/\" \/>\n<meta property=\"og:site_name\" content=\"Grupa Zejler\" \/>\n<meta property=\"article:modified_time\" content=\"2026-03-26T11:52:06+00:00\" \/>\n<meta property=\"og:image\" content=\"https:\/\/grupazejler.danielzejler.pl\/wp-content\/uploads\/2024\/03\/Bez-tytulu.jpg\" \/>\n\t<meta property=\"og:image:width\" content=\"1083\" \/>\n\t<meta property=\"og:image:height\" content=\"864\" \/>\n\t<meta property=\"og:image:type\" content=\"image\/jpeg\" \/>\n<meta name=\"twitter:card\" content=\"summary_large_image\" \/>\n<meta name=\"twitter:label1\" content=\"Predpokladan\u00fd \u010das \u010d\u00edtania\" \/>\n\t<meta name=\"twitter:data1\" content=\"1 min\u00fata\" \/>\n<script type=\"application\/ld+json\" class=\"yoast-schema-graph\">{\"@context\":\"https:\/\/schema.org\",\"@graph\":[{\"@type\":\"WebPage\",\"@id\":\"https:\/\/grupazejler.danielzejler.pl\/produkt\/propanowa-pompa-ciepla-ne-f90hcr5invm-9-kw\/\",\"url\":\"https:\/\/grupazejler.danielzejler.pl\/produkt\/propanowa-pompa-ciepla-ne-f90hcr5invm-9-kw\/\",\"name\":\"Inverterov\u00e9 tepeln\u00e9 \u010derpadlo sunpro ne-f200hcr4tinem 20 kw online - Grupa Zejler\",\"isPartOf\":{\"@id\":\"https:\/\/grupazejler.danielzejler.pl\/#website\"},\"primaryImageOfPage\":{\"@id\":\"https:\/\/grupazejler.danielzejler.pl\/produkt\/propanowa-pompa-ciepla-ne-f90hcr5invm-9-kw\/#primaryimage\"},\"image\":{\"@id\":\"https:\/\/grupazejler.danielzejler.pl\/produkt\/propanowa-pompa-ciepla-ne-f90hcr5invm-9-kw\/#primaryimage\"},\"thumbnailUrl\":\"https:\/\/grupazejler.danielzejler.pl\/wp-content\/uploads\/2024\/03\/Bez-tytulu.jpg\",\"datePublished\":\"2024-03-22T14:29:21+00:00\",\"dateModified\":\"2026-03-26T11:52:06+00:00\",\"breadcrumb\":{\"@id\":\"https:\/\/grupazejler.danielzejler.pl\/produkt\/propanowa-pompa-ciepla-ne-f90hcr5invm-9-kw\/#breadcrumb\"},\"inLanguage\":\"sk-SK\",\"potentialAction\":[{\"@type\":\"ReadAction\",\"target\":[\"https:\/\/grupazejler.danielzejler.pl\/produkt\/propanowa-pompa-ciepla-ne-f90hcr5invm-9-kw\/\"]}]},{\"@type\":\"ImageObject\",\"inLanguage\":\"sk-SK\",\"@id\":\"https:\/\/grupazejler.danielzejler.pl\/produkt\/propanowa-pompa-ciepla-ne-f90hcr5invm-9-kw\/#primaryimage\",\"url\":\"https:\/\/grupazejler.danielzejler.pl\/wp-content\/uploads\/2024\/03\/Bez-tytulu.jpg\",\"contentUrl\":\"https:\/\/grupazejler.danielzejler.pl\/wp-content\/uploads\/2024\/03\/Bez-tytulu.jpg\",\"width\":1083,\"height\":864},{\"@type\":\"BreadcrumbList\",\"@id\":\"https:\/\/grupazejler.danielzejler.pl\/produkt\/propanowa-pompa-ciepla-ne-f90hcr5invm-9-kw\/#breadcrumb\",\"itemListElement\":[{\"@type\":\"ListItem\",\"position\":1,\"name\":\"Strona g\u0142\u00f3wna\",\"item\":\"https:\/\/grupazejler.danielzejler.pl\/sk\/\"},{\"@type\":\"ListItem\",\"position\":2,\"name\":\"Sklep\",\"item\":\"https:\/\/grupazejler.danielzejler.pl\/sklep\/\"},{\"@type\":\"ListItem\",\"position\":3,\"name\":\"Pompy ciep\u0142a\",\"item\":\"https:\/\/grupazejler.danielzejler.pl\/kategoria-produktu\/pompy-ciepla\/\"},{\"@type\":\"ListItem\",\"position\":4,\"name\":\"Pompy ciep\u0142a typu monoblok\",\"item\":\"https:\/\/grupazejler.danielzejler.pl\/kategoria-produktu\/pompy-ciepla\/pompy-ciepla-typu-monoblok\/\"},{\"@type\":\"ListItem\",\"position\":5,\"name\":\"Prop\u00e1nov\u00e9 tepeln\u00e9 \u010derpadlo NE-F90HCR5INVM 9 KW R290 1N\"}]},{\"@type\":\"WebSite\",\"@id\":\"https:\/\/grupazejler.danielzejler.pl\/#website\",\"url\":\"https:\/\/grupazejler.danielzejler.pl\/\",\"name\":\"Grupa Zejler\",\"description\":\"\",\"publisher\":{\"@id\":\"https:\/\/grupazejler.danielzejler.pl\/#organization\"},\"potentialAction\":[{\"@type\":\"SearchAction\",\"target\":{\"@type\":\"EntryPoint\",\"urlTemplate\":\"https:\/\/grupazejler.danielzejler.pl\/?s={search_term_string}\"},\"query-input\":{\"@type\":\"PropertyValueSpecification\",\"valueRequired\":true,\"valueName\":\"search_term_string\"}}],\"inLanguage\":\"sk-SK\"},{\"@type\":\"Organization\",\"@id\":\"https:\/\/grupazejler.danielzejler.pl\/#organization\",\"name\":\"Grupa Zejler\",\"url\":\"https:\/\/grupazejler.danielzejler.pl\/\",\"logo\":{\"@type\":\"ImageObject\",\"inLanguage\":\"sk-SK\",\"@id\":\"https:\/\/grupazejler.danielzejler.pl\/#\/schema\/logo\/image\/\",\"url\":\"https:\/\/grupazejler.danielzejler.pl\/wp-content\/uploads\/2023\/11\/cropped-logo.png\",\"contentUrl\":\"https:\/\/grupazejler.danielzejler.pl\/wp-content\/uploads\/2023\/11\/cropped-logo.png\",\"width\":210,\"height\":53,\"caption\":\"Grupa Zejler\"},\"image\":{\"@id\":\"https:\/\/grupazejler.danielzejler.pl\/#\/schema\/logo\/image\/\"}}]}<\/script>\n<!-- \/ Yoast SEO plugin. -->","yoast_head_json":{"title":"Inverterov\u00e9 tepeln\u00e9 \u010derpadlo sunpro ne-f200hcr4tinem 20 kw online - Grupa Zejler","robots":{"index":"noindex","follow":"follow","max-snippet":"max-snippet:-1","max-image-preview":"max-image-preview:large","max-video-preview":"max-video-preview:-1"},"og_locale":"sk_SK","og_type":"article","og_title":"Inverterov\u00e9 tepeln\u00e9 \u010derpadlo sunpro ne-f200hcr4tinem 20 kw online - Grupa Zejler","og_description":"SERVIS V\u00ddROBCU \/ SPO\u013dAHLIV\u00c1 Z\u00c1RUKA \/ SERVIS V CELOM PO\u013dSKU Mo\u017en\u00e9 zhroma\u017edenie - KR\u00c1TKE \u010cASY (Sliezske vojvodstvo, Opolsk\u00e9 vojvodstvo, Malopo\u013esk\u00e9 vojvodstvo) Invertorov\u00e9 tepeln\u00e9 \u010derpadlo vzduch-voda radu Sunglow R290 od v\u00fdrobcu NEWNTIDE sa vyzna\u010duje nielen modern\u00fdm dizajnom a inovat\u00edvnym pozinkovan\u00fdm krytom, ale aj \u00fa\u010dinnos\u0165ou s minim\u00e1lnymi emisiami oxidu uhli\u010dit\u00e9ho. Ur\u010den\u00e9 na vykurovanie budovy a pr\u00edpravu teplej vody (T\u00daV). Chladivo R290 m\u00e1 jeden z najni\u017e\u0161\u00edch GWP spomedzi v\u0161etk\u00fdch chlad\u00edv pou\u017e\u00edvan\u00fdch v zariadeniach tepeln\u00fdch \u010derpadiel. Pou\u017e\u00edvanie tepeln\u00e9ho \u010derpadla na prop\u00e1n je \u0161etrnej\u0161ie k \u017eivotn\u00e9mu prostrediu. Tieto \u010derpadl\u00e1 poskytuj\u00fa najvy\u0161\u0161iu \u00fa\u010dinnos\u0165 pri minim\u00e1lnej zmene teploty okolia. Ich pr\u00e1ca sa premieta aj do vysok\u00e9ho v\u00fdkonu pri ve\u013emi n\u00edzkych vonkaj\u0161\u00edch teplot\u00e1ch. VY\u0160\u0160IE zabudovan\u00fd kompresor. M\u00e1 funkciu WI-FI. Tepeln\u00e9 \u010derpadlo s\u00e9rie Sunglow s chladivom R290 (prop\u00e1n) sp\u013a\u0148a smernice E\u00da. Z\u00e1ruku n\u00edzkej spotreby energie ilustruje energetick\u00fd \u0161t\u00edtok A+++. Pou\u017eitie plne jednosmern\u00e9ho meni\u010da zabezpe\u010duje automatick\u00e9 prisp\u00f4sobenie frekvencie po\u017eiadavk\u00e1m na energiu. Tepeln\u00e9 \u010derpadl\u00e1 Sunglow, inak zn\u00e1me ako \"vysokoteplotn\u00e9\" tepeln\u00e9 \u010derpadl\u00e1, dosahuj\u00fa tepeln\u00fd komfort pri ve\u013emi n\u00edzkych vonkaj\u0161\u00edch teplot\u00e1ch. &nbsp;  Mo\u017eno zak\u00fapi\u0165 ako s\u00fapravu s kombinovanou n\u00e1dr\u017eou: T\u00daV 250 l + vyrovn\u00e1vacia n\u00e1dr\u017e 100 l.","og_url":"https:\/\/grupazejler.danielzejler.pl\/produkt\/propanowa-pompa-ciepla-ne-f90hcr5invm-9-kw\/","og_site_name":"Grupa Zejler","article_modified_time":"2026-03-26T11:52:06+00:00","og_image":[{"width":1083,"height":864,"url":"https:\/\/grupazejler.danielzejler.pl\/wp-content\/uploads\/2024\/03\/Bez-tytulu.jpg","type":"image\/jpeg"}],"twitter_card":"summary_large_image","twitter_misc":{"Predpokladan\u00fd \u010das \u010d\u00edtania":"1 min\u00fata"},"schema":{"@context":"https:\/\/schema.org","@graph":[{"@type":"WebPage","@id":"https:\/\/grupazejler.danielzejler.pl\/produkt\/propanowa-pompa-ciepla-ne-f90hcr5invm-9-kw\/","url":"https:\/\/grupazejler.danielzejler.pl\/produkt\/propanowa-pompa-ciepla-ne-f90hcr5invm-9-kw\/","name":"Inverterov\u00e9 tepeln\u00e9 \u010derpadlo sunpro ne-f200hcr4tinem 20 kw online - Grupa Zejler","isPartOf":{"@id":"https:\/\/grupazejler.danielzejler.pl\/#website"},"primaryImageOfPage":{"@id":"https:\/\/grupazejler.danielzejler.pl\/produkt\/propanowa-pompa-ciepla-ne-f90hcr5invm-9-kw\/#primaryimage"},"image":{"@id":"https:\/\/grupazejler.danielzejler.pl\/produkt\/propanowa-pompa-ciepla-ne-f90hcr5invm-9-kw\/#primaryimage"},"thumbnailUrl":"https:\/\/grupazejler.danielzejler.pl\/wp-content\/uploads\/2024\/03\/Bez-tytulu.jpg","datePublished":"2024-03-22T14:29:21+00:00","dateModified":"2026-03-26T11:52:06+00:00","breadcrumb":{"@id":"https:\/\/grupazejler.danielzejler.pl\/produkt\/propanowa-pompa-ciepla-ne-f90hcr5invm-9-kw\/#breadcrumb"},"inLanguage":"sk-SK","potentialAction":[{"@type":"ReadAction","target":["https:\/\/grupazejler.danielzejler.pl\/produkt\/propanowa-pompa-ciepla-ne-f90hcr5invm-9-kw\/"]}]},{"@type":"ImageObject","inLanguage":"sk-SK","@id":"https:\/\/grupazejler.danielzejler.pl\/produkt\/propanowa-pompa-ciepla-ne-f90hcr5invm-9-kw\/#primaryimage","url":"https:\/\/grupazejler.danielzejler.pl\/wp-content\/uploads\/2024\/03\/Bez-tytulu.jpg","contentUrl":"https:\/\/grupazejler.danielzejler.pl\/wp-content\/uploads\/2024\/03\/Bez-tytulu.jpg","width":1083,"height":864},{"@type":"BreadcrumbList","@id":"https:\/\/grupazejler.danielzejler.pl\/produkt\/propanowa-pompa-ciepla-ne-f90hcr5invm-9-kw\/#breadcrumb","itemListElement":[{"@type":"ListItem","position":1,"name":"Strona g\u0142\u00f3wna","item":"https:\/\/grupazejler.danielzejler.pl\/sk\/"},{"@type":"ListItem","position":2,"name":"Sklep","item":"https:\/\/grupazejler.danielzejler.pl\/sklep\/"},{"@type":"ListItem","position":3,"name":"Pompy ciep\u0142a","item":"https:\/\/grupazejler.danielzejler.pl\/kategoria-produktu\/pompy-ciepla\/"},{"@type":"ListItem","position":4,"name":"Pompy ciep\u0142a typu monoblok","item":"https:\/\/grupazejler.danielzejler.pl\/kategoria-produktu\/pompy-ciepla\/pompy-ciepla-typu-monoblok\/"},{"@type":"ListItem","position":5,"name":"Prop\u00e1nov\u00e9 tepeln\u00e9 \u010derpadlo NE-F90HCR5INVM 9 KW R290 1N"}]},{"@type":"WebSite","@id":"https:\/\/grupazejler.danielzejler.pl\/#website","url":"https:\/\/grupazejler.danielzejler.pl\/","name":"Grupa Zejler","description":"","publisher":{"@id":"https:\/\/grupazejler.danielzejler.pl\/#organization"},"potentialAction":[{"@type":"SearchAction","target":{"@type":"EntryPoint","urlTemplate":"https:\/\/grupazejler.danielzejler.pl\/?s={search_term_string}"},"query-input":{"@type":"PropertyValueSpecification","valueRequired":true,"valueName":"search_term_string"}}],"inLanguage":"sk-SK"},{"@type":"Organization","@id":"https:\/\/grupazejler.danielzejler.pl\/#organization","name":"Grupa Zejler","url":"https:\/\/grupazejler.danielzejler.pl\/","logo":{"@type":"ImageObject","inLanguage":"sk-SK","@id":"https:\/\/grupazejler.danielzejler.pl\/#\/schema\/logo\/image\/","url":"https:\/\/grupazejler.danielzejler.pl\/wp-content\/uploads\/2023\/11\/cropped-logo.png","contentUrl":"https:\/\/grupazejler.danielzejler.pl\/wp-content\/uploads\/2023\/11\/cropped-logo.png","width":210,"height":53,"caption":"Grupa Zejler"},"image":{"@id":"https:\/\/grupazejler.danielzejler.pl\/#\/schema\/logo\/image\/"}}]}},"_links":{"self":[{"href":"https:\/\/grupazejler.danielzejler.pl\/sk\/wp-json\/wp\/v2\/product\/3946","targetHints":{"allow":["GET"]}}],"collection":[{"href":"https:\/\/grupazejler.danielzejler.pl\/sk\/wp-json\/wp\/v2\/product"}],"about":[{"href":"https:\/\/grupazejler.danielzejler.pl\/sk\/wp-json\/wp\/v2\/types\/product"}],"wp:featuredmedia":[{"embeddable":true,"href":"https:\/\/grupazejler.danielzejler.pl\/sk\/wp-json\/wp\/v2\/media\/3779"}],"wp:attachment":[{"href":"https:\/\/grupazejler.danielzejler.pl\/sk\/wp-json\/wp\/v2\/media?parent=3946"}],"wp:term":[{"taxonomy":"producent","embeddable":true,"href":"https:\/\/grupazejler.danielzejler.pl\/sk\/wp-json\/wp\/v2\/producent?post=3946"},{"taxonomy":"product_brand","embeddable":true,"href":"https:\/\/grupazejler.danielzejler.pl\/sk\/wp-json\/wp\/v2\/product_brand?post=3946"},{"taxonomy":"product_cat","embeddable":true,"href":"https:\/\/grupazejler.danielzejler.pl\/sk\/wp-json\/wp\/v2\/product_cat?post=3946"},{"taxonomy":"product_tag","embeddable":true,"href":"https:\/\/grupazejler.danielzejler.pl\/sk\/wp-json\/wp\/v2\/product_tag?post=3946"}],"curies":[{"name":"wp","href":"https:\/\/api.w.org\/{rel}","templated":true}]}}